{"id":13,"date":"2023-01-19T14:41:56","date_gmt":"2023-01-19T14:41:56","guid":{"rendered":"https:\/\/freshmarket.md\/my-account\/"},"modified":"2023-05-09T15:44:32","modified_gmt":"2023-05-09T12:44:32","slug":"contul-meu","status":"publish","type":"page","link":"https:\/\/freshmarket.md\/ru\/contul-meu\/","title":{"rendered":"\u041c\u043e\u0439 \u0430\u043a\u043a\u0430\u0443\u043d\u0442"},"content":{"rendered":"<div data-elementor-type=\"wp-page\" data-elementor-id=\"13\" class=\"elementor elementor-13\">\n\t\t\t\t\t\t<div class=\"elementor-inner\">\n\t\t\t\t<div class=\"elementor-section-wrap\">\n\t\t\t\t\t\t\t<div class=\"elementor-element elementor-element-2d84373 negative_header e-con-boxed e-con\" data-id=\"2d84373\" data-element_type=\"container\" data-settings=\"{&quot;background_background&quot;:&quot;classic&quot;,&quot;content_width&quot;:&quot;boxed&quot;}\">\n\t\t\t\t\t<div class=\"e-con-inner\">\n\t\t\t\t<div class=\"elementor-element elementor-element-ebe4afa elementor-widget elementor-widget-heading\" data-id=\"ebe4afa\" data-element_type=\"widget\" data-widget_type=\"heading.default\">\n\t\t\t\t<div class=\"elementor-widget-container\">\n\t\t\t<h1 class=\"elementor-heading-title elementor-size-default\">\u041c\u043e\u0439 \u0430\u043a\u043a\u0430\u0443\u043d\u0442<\/h1>\t\t<\/div>\n\t\t\t\t<\/div>\n\t\t\t\t<div class=\"elementor-element elementor-element-a7eb24c rank_breadcrumb elementor-widget elementor-widget-shortcode\" data-id=\"a7eb24c\" data-element_type=\"widget\" data-widget_type=\"shortcode.default\">\n\t\t\t\t<div class=\"elementor-widget-container\">\n\t\t\t\t\t<div class=\"elementor-shortcode\"><nav aria-label=\"breadcrumbs\" class=\"rank-math-breadcrumb\"><p><span class=\"last\">\u0413\u043b\u0430\u0432\u043d\u0430\u044f \u0441\u0442\u0440\u0430\u043d\u0438\u0446\u0430<\/span><\/p><\/nav><\/div>\n\t\t\t\t<\/div>\n\t\t\t\t<\/div>\n\t\t\t\t\t<\/div>\n\t\t\t\t<\/div>\n\t\t<div class=\"elementor-element elementor-element-7adb35e e-con-boxed e-con\" data-id=\"7adb35e\" data-element_type=\"container\" data-settings=\"{&quot;content_width&quot;:&quot;boxed&quot;}\">\n\t\t\t\t\t<div class=\"e-con-inner\">\n\t\t\t\t<div class=\"elementor-element elementor-element-2ee5cdb e-my-account-tabs-vertical elementor-widget elementor-widget-woocommerce-my-account\" data-id=\"2ee5cdb\" data-element_type=\"widget\" data-widget_type=\"woocommerce-my-account.default\">\n\t\t\t\t<div class=\"elementor-widget-container\">\n\t\t\t<div class=\"e-my-account-tab e-my-account-tab__\">\t\t\t<span class=\"elementor-hidden\">[woocommerce_my_account]<\/span>\n\t\t\t<div class=\"woocommerce\"><\/div>\t\t<\/div>\n\t\t\t\t<\/div>\n\t\t\t\t<\/div>\n\t\t\t\t<div class=\"elementor-element elementor-element-271b568 jedv-enabled--yes elementor-widget elementor-widget-text-editor\" data-id=\"271b568\" data-element_type=\"widget\" data-widget_type=\"text-editor.default\">\n\t\t\t\t<div class=\"elementor-widget-container\">\n\t\t\t<style>.elementor-element-271b568{display:none !important}<\/style>\t\t<\/div>\n\t\t\t\t<\/div>\n\t\t\t\t<div class=\"elementor-element elementor-element-6347db4 jedv-enabled--yes elementor-widget elementor-widget-text-editor\" data-id=\"6347db4\" data-element_type=\"widget\" data-widget_type=\"text-editor.default\">\n\t\t\t\t<div class=\"elementor-widget-container\">\n\t\t\t\t\t\t\t\t<div class=\"elementor-text-editor elementor-clearfix\">\n\t\t\t\t\u0423 \u0432\u0430\u0441 \u043d\u0435\u0442 \u0443\u0447\u0435\u0442\u043d\u043e\u0439 \u0437\u0430\u043f\u0438\u0441\u0438? <a href=\"https:\/\/freshmarket.md\/ru\/creaza-cont\/\">\u0417\u0430\u0440\u0435\u0433\u0438\u0441\u0442\u0440\u0438\u0440\u0443\u0439\u0442\u0435\u0441\u044c \u0437\u0434\u0435\u0441\u044c<\/a>\t\t\t\t\t<\/div>\n\t\t\t\t\t\t<\/div>\n\t\t\t\t<\/div>\n\t\t\t\t\t<\/div>\n\t\t\t\t<\/div>\n\t\t\t\t\t\t\t\t\t<\/div>\n\t\t\t<\/div>\n\t\t\t\t\t<\/div>","protected":false},"excerpt":{"rendered":"<p>Contul meu Cont Comenzi Adrese Detalii cont Logout Bun\u0103 Vlad (nu e\u0219ti Vlad? Dezautentific\u0103-te) \u00cen panoul de control al contului t\u0103u po\u021bi s\u0103-\u021bi vezi comenzile recente, s\u0103-\u021bi administrezi adresele de livrare \u0219i de facturare \u0219i s\u0103-\u021bi editezi parola \u0219i detaliile contului. Nu ave\u021bi un cont? \u00cenregistra\u021bi-v\u0103 aici \u0423 \u0432\u0430\u0441 \u043d\u0435\u0442 \u0443\u0447\u0435\u0442\u043d\u043e\u0439 \u0437\u0430\u043f\u0438\u0441\u0438? \u0417\u0430\u0440\u0435\u0433\u0438\u0441\u0442\u0440\u0438\u0440\u0443\u0439\u0442\u0435\u0441\u044c \u0437\u0434\u0435\u0441\u044c<\/p>","protected":false},"author":1,"featured_media":0,"parent":0,"menu_order":0,"comment_status":"closed","ping_status":"closed","template":"","meta":[],"acf":[],"_links":{"self":[{"href":"https:\/\/freshmarket.md\/ru\/wp-json\/wp\/v2\/pages\/13"}],"collection":[{"href":"https:\/\/freshmarket.md\/ru\/wp-json\/wp\/v2\/pages"}],"about":[{"href":"https:\/\/freshmarket.md\/ru\/wp-json\/wp\/v2\/types\/page"}],"author":[{"embeddable":true,"href":"https:\/\/freshmarket.md\/ru\/wp-json\/wp\/v2\/users\/1"}],"replies":[{"embeddable":true,"href":"https:\/\/freshmarket.md\/ru\/wp-json\/wp\/v2\/comments?post=13"}],"version-history":[{"count":10,"href":"https:\/\/freshmarket.md\/ru\/wp-json\/wp\/v2\/pages\/13\/revisions"}],"predecessor-version":[{"id":3765,"href":"https:\/\/freshmarket.md\/ru\/wp-json\/wp\/v2\/pages\/13\/revisions\/3765"}],"wp:attachment":[{"href":"https:\/\/freshmarket.md\/ru\/wp-json\/wp\/v2\/media?parent=13"}],"curies":[{"name":"wp","href":"https:\/\/api.w.org\/{rel}","templated":true}]}}