{"id":31,"date":"2023-01-19T16:40:09","date_gmt":"2023-01-19T16:40:09","guid":{"rendered":"https:\/\/freshmarket.md\/?page_id=31"},"modified":"2023-05-09T13:17:27","modified_gmt":"2023-05-09T10:17:27","slug":"promotii","status":"publish","type":"page","link":"https:\/\/freshmarket.md\/ru\/promotii\/","title":{"rendered":"\u0410\u043a\u0446\u0438\u0438"},"content":{"rendered":"<div data-elementor-type=\"wp-page\" data-elementor-id=\"31\" class=\"elementor elementor-31\">\n\t\t\t\t\t\t<div class=\"elementor-inner\">\n\t\t\t\t<div class=\"elementor-section-wrap\">\n\t\t\t\t\t\t\t<div class=\"elementor-element elementor-element-28ce88e5 shop_archive_wrapper negative_header e-con-boxed e-con\" data-id=\"28ce88e5\" data-element_type=\"container\" data-settings=\"{&quot;content_width&quot;:&quot;boxed&quot;}\">\n\t\t\t\t\t<div class=\"e-con-inner\">\n\t\t<div class=\"elementor-element elementor-element-26f2c183 col1 filtre jedv-enabled--yes e-con-boxed e-con\" data-id=\"26f2c183\" data-element_type=\"container\" data-settings=\"{&quot;content_width&quot;:&quot;boxed&quot;}\">\n\t\t\t\t\t<div class=\"e-con-inner\">\n\t\t\t\t<div class=\"elementor-element elementor-element-3d19e8f7 elementor-widget elementor-widget-heading\" data-id=\"3d19e8f7\" data-element_type=\"widget\" data-widget_type=\"heading.default\">\n\t\t\t\t<div class=\"elementor-widget-container\">\n\t\t\t<div class=\"elementor-heading-title elementor-size-default\">\u0424\u0438\u043b\u044c\u0442\u0440<\/div>\t\t<\/div>\n\t\t\t\t<\/div>\n\t\t\t\t\t<\/div>\n\t\t\t\t<\/div>\n\t\t<div class=\"elementor-element elementor-element-324d7b8a col2 e-con-boxed e-con\" data-id=\"324d7b8a\" data-element_type=\"container\" data-settings=\"{&quot;content_width&quot;:&quot;boxed&quot;}\">\n\t\t\t\t\t<div class=\"e-con-inner\">\n\t\t\t\t<div class=\"elementor-element elementor-element-7401f44b product_breadcrumb elementor-widget elementor-widget-woocommerce-breadcrumb\" data-id=\"7401f44b\" data-element_type=\"widget\" data-widget_type=\"woocommerce-breadcrumb.default\">\n\t\t\t\t<div class=\"elementor-widget-container\">\n\t\t\t<nav class=\"woocommerce-breadcrumb\" data-no-translation=\"\" data-trp-gettext=\"\">\u0413\u043b\u0430\u0432\u043d\u0430\u044f<\/nav>\t\t<\/div>\n\t\t\t\t<\/div>\n\t\t\t\t\t<\/div>\n\t\t\t\t<\/div>\n\t\t\t\t\t<\/div>\n\t\t\t\t<\/div>\n\t\t<div class=\"elementor-element elementor-element-725b6b31 shop_archive_wrapper e-con-boxed e-con\" data-id=\"725b6b31\" data-element_type=\"container\" data-settings=\"{&quot;content_width&quot;:&quot;boxed&quot;}\">\n\t\t\t\t\t<div class=\"e-con-inner\">\n\t\t<div class=\"elementor-element elementor-element-26c1bd66 col1 filtre elementor-hidden-tablet elementor-hidden-mobile e-con-boxed e-con\" data-id=\"26c1bd66\" data-element_type=\"container\" data-settings=\"{&quot;content_width&quot;:&quot;boxed&quot;}\">\n\t\t\t\t\t<div class=\"e-con-inner\">\n\t\t\t\t<div class=\"elementor-element elementor-element-58c80057 jet-filters-counter-position-space-between elementor-widget elementor-widget-jet-smart-filters-checkboxes\" data-id=\"58c80057\" data-element_type=\"widget\" data-widget_type=\"jet-smart-filters-checkboxes.default\">\n\t\t\t\t<div class=\"elementor-widget-container\">\n\t\t\t<div class=\"jet-smart-filters-checkboxes jet-filter\" data-indexer-rule=\"show\" data-show-counter=\"\" data-change-counter=\"always\"><div class=\"jet-filter-label\">\u0412\u0438\u0434-\u0422\u0438\u043f<\/div>\n<div class=\"jet-checkboxes-list\" data-query-type=\"tax_query\" data-query-var=\"product_cat\" data-smart-filter=\"checkboxes\" data-filter-id=\"785\" data-apply-type=\"mixed\" data-content-provider=\"jet-engine\" data-additional-providers=\"\" data-query-id=\"product_grid\" data-active-label=\"\" data-layout-options=\"{&quot;show_label&quot;:true,&quot;display_options&quot;:{&quot;show_items_label&quot;:false,&quot;show_decorator&quot;:&quot;yes&quot;,&quot;filter_image_size&quot;:&quot;full&quot;,&quot;show_counter&quot;:false}}\" data-query-var-suffix=\"\"><div class=\"jet-filter-items-search\">\n\t<input\n\t\tclass=\"jet-filter-items-search__input\"\n\t\ttype=\"search\"\n\t\tautocomplete=\"off\"\n\t\taria-label=\"Search in Specie-Tip\"\n\t\tplaceholder=\"\u0412\u0438\u0434\/\u0442\u0438\u043f \u043f\u043e\u0438\u0441\u043a\u0430\"\t>\n\t<div class=\"jet-filter-items-search__clear\"><\/div>\n<\/div><fieldset class=\"jet-checkboxes-list-wrapper\"><legend style=\"display:none;\">\u0412\u0438\u0434-\u0422\u0438\u043f<\/legend><div class=\"jet-list-tree\"><div class=\"jet-checkboxes-list__row jet-filter-row jet-list-tree__parent\">\n\t<label class=\"jet-checkboxes-list__item\" >\n\t\t<input\n\t\t\ttype=\"checkbox\"\n\t\t\tclass=\"jet-checkboxes-list__input\"\n\t\t\tname=\"product_cat\"\n\t\t\tvalue=\"20\"\n\t\t\tdata-label=\"Fructe\"\n\t\t\taria-label=\"\u0424\u0440\u0443\u043a\u0442\u044b\"\n\t\t\t\t\t>\n\t\t<div class=\"jet-checkboxes-list__button\">\n\t\t\t\t\t\t\t<span class=\"jet-checkboxes-list__decorator\"><i class=\"jet-checkboxes-list__checked-icon fa fa-check\"><\/i><\/span>\n\t\t\t\t\t\t<span class=\"jet-checkboxes-list__label\">\u0424\u0440\u0443\u043a\u0442\u044b<\/span>\n\t\t\t\t\t<\/div>\n\t<\/label>\n<\/div><div class='jet-list-tree__children'>\n<div class=\"jet-checkboxes-list__row jet-filter-row\">\n\t<label class=\"jet-checkboxes-list__item\" >\n\t\t<input\n\t\t\ttype=\"checkbox\"\n\t\t\tclass=\"jet-checkboxes-list__input\"\n\t\t\tname=\"product_cat\"\n\t\t\tvalue=\"21\"\n\t\t\tdata-label=\"Fructe citrice\"\n\t\t\taria-label=\"\u0426\u0438\u0442\u0440\u0443\u0441\u043e\u0432\u044b\u0435\"\n\t\t\t\t\t>\n\t\t<div class=\"jet-checkboxes-list__button\">\n\t\t\t\t\t\t\t<span class=\"jet-checkboxes-list__decorator\"><i class=\"jet-checkboxes-list__checked-icon fa fa-check\"><\/i><\/span>\n\t\t\t\t\t\t<span class=\"jet-checkboxes-list__label\">\u0426\u0438\u0442\u0440\u0443\u0441\u043e\u0432\u044b\u0435<\/span>\n\t\t\t\t\t<\/div>\n\t<\/label>\n<\/div><div class=\"jet-checkboxes-list__row jet-filter-row\">\n\t<label class=\"jet-checkboxes-list__item\" >\n\t\t<input\n\t\t\ttype=\"checkbox\"\n\t\t\tclass=\"jet-checkboxes-list__input\"\n\t\t\tname=\"product_cat\"\n\t\t\tvalue=\"22\"\n\t\t\tdata-label=\"Fructe exotice\"\n\t\t\taria-label=\"\u042d\u043a\u0437\u043e\u0442\u0438\u0447\u0435\u0441\u043a\u0438\u0435 \u0444\u0440\u0443\u043a\u0442\u044b\"\n\t\t\t\t\t>\n\t\t<div class=\"jet-checkboxes-list__button\">\n\t\t\t\t\t\t\t<span class=\"jet-checkboxes-list__decorator\"><i class=\"jet-checkboxes-list__checked-icon fa fa-check\"><\/i><\/span>\n\t\t\t\t\t\t<span class=\"jet-checkboxes-list__label\">\u042d\u043a\u0437\u043e\u0442\u0438\u0447\u0435\u0441\u043a\u0438\u0435 \u0444\u0440\u0443\u043a\u0442\u044b<\/span>\n\t\t\t\t\t<\/div>\n\t<\/label>\n<\/div><div class=\"jet-checkboxes-list__row jet-filter-row\">\n\t<label class=\"jet-checkboxes-list__item\" >\n\t\t<input\n\t\t\ttype=\"checkbox\"\n\t\t\tclass=\"jet-checkboxes-list__input\"\n\t\t\tname=\"product_cat\"\n\t\t\tvalue=\"47\"\n\t\t\tdata-label=\"Fructe locale\"\n\t\t\taria-label=\"\u041c\u0435\u0441\u0442\u043d\u044b\u0435 \u0444\u0440\u0443\u043a\u0442\u044b\"\n\t\t\t\t\t>\n\t\t<div class=\"jet-checkboxes-list__button\">\n\t\t\t\t\t\t\t<span class=\"jet-checkboxes-list__decorator\"><i class=\"jet-checkboxes-list__checked-icon fa fa-check\"><\/i><\/span>\n\t\t\t\t\t\t<span class=\"jet-checkboxes-list__label\">\u041c\u0435\u0441\u0442\u043d\u044b\u0435 \u0444\u0440\u0443\u043a\u0442\u044b<\/span>\n\t\t\t\t\t<\/div>\n\t<\/label>\n<\/div><\/div>\n<div class=\"jet-checkboxes-list__row jet-filter-row\">\n\t<label class=\"jet-checkboxes-list__item\" >\n\t\t<input\n\t\t\ttype=\"checkbox\"\n\t\t\tclass=\"jet-checkboxes-list__input\"\n\t\t\tname=\"product_cat\"\n\t\t\tvalue=\"15\"\n\t\t\tdata-label=\"Legume\"\n\t\t\taria-label=\"\u041e\u0432\u043e\u0449\u0438\"\n\t\t\t\t\t>\n\t\t<div class=\"jet-checkboxes-list__button\">\n\t\t\t\t\t\t\t<span class=\"jet-checkboxes-list__decorator\"><i class=\"jet-checkboxes-list__checked-icon fa fa-check\"><\/i><\/span>\n\t\t\t\t\t\t<span class=\"jet-checkboxes-list__label\">\u041e\u0432\u043e\u0449\u0438<\/span>\n\t\t\t\t\t<\/div>\n\t<\/label>\n<\/div><div class=\"jet-checkboxes-list__row jet-filter-row\">\n\t<label class=\"jet-checkboxes-list__item\" >\n\t\t<input\n\t\t\ttype=\"checkbox\"\n\t\t\tclass=\"jet-checkboxes-list__input\"\n\t\t\tname=\"product_cat\"\n\t\t\tvalue=\"44\"\n\t\t\tdata-label=\"Salate \u0219i verde\u021buri\"\n\t\t\taria-label=\"\u0421\u0430\u043b\u0430\u0442\u044b \u0438 \u0437\u0435\u043b\u0435\u043d\u044c\"\n\t\t\t\t\t>\n\t\t<div class=\"jet-checkboxes-list__button\">\n\t\t\t\t\t\t\t<span class=\"jet-checkboxes-list__decorator\"><i class=\"jet-checkboxes-list__checked-icon fa fa-check\"><\/i><\/span>\n\t\t\t\t\t\t<span class=\"jet-checkboxes-list__label\">\u0421\u0430\u043b\u0430\u0442\u044b \u0438 \u0437\u0435\u043b\u0435\u043d\u044c<\/span>\n\t\t\t\t\t<\/div>\n\t<\/label>\n<\/div><div class=\"jet-checkboxes-list__row jet-filter-row\">\n\t<label class=\"jet-checkboxes-list__item\" >\n\t\t<input\n\t\t\ttype=\"checkbox\"\n\t\t\tclass=\"jet-checkboxes-list__input\"\n\t\t\tname=\"product_cat\"\n\t\t\tvalue=\"46\"\n\t\t\tdata-label=\"Ciuperci\"\n\t\t\taria-label=\"\u0413\u0440\u0438\u0431\u044b\"\n\t\t\t\t\t>\n\t\t<div class=\"jet-checkboxes-list__button\">\n\t\t\t\t\t\t\t<span class=\"jet-checkboxes-list__decorator\"><i class=\"jet-checkboxes-list__checked-icon fa fa-check\"><\/i><\/span>\n\t\t\t\t\t\t<span class=\"jet-checkboxes-list__label\">\u0413\u0440\u0438\u0431\u044b<\/span>\n\t\t\t\t\t<\/div>\n\t<\/label>\n<\/div><div class=\"jet-checkboxes-list__row jet-filter-row jet-list-tree__parent\">\n\t<label class=\"jet-checkboxes-list__item\" >\n\t\t<input\n\t\t\ttype=\"checkbox\"\n\t\t\tclass=\"jet-checkboxes-list__input\"\n\t\t\tname=\"product_cat\"\n\t\t\tvalue=\"51\"\n\t\t\tdata-label=\"Nuci si fructe uscate\"\n\t\t\taria-label=\"Nuci si fructe uscate\"\n\t\t\t\t\t>\n\t\t<div class=\"jet-checkboxes-list__button\">\n\t\t\t\t\t\t\t<span class=\"jet-checkboxes-list__decorator\"><i class=\"jet-checkboxes-list__checked-icon fa fa-check\"><\/i><\/span>\n\t\t\t\t\t\t<span class=\"jet-checkboxes-list__label\">Nuci si fructe uscate<\/span>\n\t\t\t\t\t<\/div>\n\t<\/label>\n<\/div><div class='jet-list-tree__children'>\n<div class=\"jet-checkboxes-list__row jet-filter-row\">\n\t<label class=\"jet-checkboxes-list__item\" >\n\t\t<input\n\t\t\ttype=\"checkbox\"\n\t\t\tclass=\"jet-checkboxes-list__input\"\n\t\t\tname=\"product_cat\"\n\t\t\tvalue=\"52\"\n\t\t\tdata-label=\"Fructe uscate\"\n\t\t\taria-label=\"Fructe uscate\"\n\t\t\t\t\t>\n\t\t<div class=\"jet-checkboxes-list__button\">\n\t\t\t\t\t\t\t<span class=\"jet-checkboxes-list__decorator\"><i class=\"jet-checkboxes-list__checked-icon fa fa-check\"><\/i><\/span>\n\t\t\t\t\t\t<span class=\"jet-checkboxes-list__label\">Fructe uscate<\/span>\n\t\t\t\t\t<\/div>\n\t<\/label>\n<\/div><\/div>\n<div class=\"jet-checkboxes-list__row jet-filter-row\">\n\t<label class=\"jet-checkboxes-list__item\" >\n\t\t<input\n\t\t\ttype=\"checkbox\"\n\t\t\tclass=\"jet-checkboxes-list__input\"\n\t\t\tname=\"product_cat\"\n\t\t\tvalue=\"45\"\n\t\t\tdata-label=\"B\u0103c\u0103nie\/ Boboase\"\n\t\t\taria-label=\"\u0411\u043e\u0431\u044b \/ \u0424\u0430\u0441\u043e\u043b\u044c\"\n\t\t\t\t\t>\n\t\t<div class=\"jet-checkboxes-list__button\">\n\t\t\t\t\t\t\t<span class=\"jet-checkboxes-list__decorator\"><i class=\"jet-checkboxes-list__checked-icon fa fa-check\"><\/i><\/span>\n\t\t\t\t\t\t<span class=\"jet-checkboxes-list__label\">\u0411\u043e\u0431\u044b \/ \u0424\u0430\u0441\u043e\u043b\u044c<\/span>\n\t\t\t\t\t<\/div>\n\t<\/label>\n<\/div><div class=\"jet-checkboxes-list__row jet-filter-row jet-list-tree__parent\">\n\t<label class=\"jet-checkboxes-list__item\" >\n\t\t<input\n\t\t\ttype=\"checkbox\"\n\t\t\tclass=\"jet-checkboxes-list__input\"\n\t\t\tname=\"product_cat\"\n\t\t\tvalue=\"48\"\n\t\t\tdata-label=\"Produse din Grecia\"\n\t\t\taria-label=\"Produse din Grecia\"\n\t\t\t\t\t>\n\t\t<div class=\"jet-checkboxes-list__button\">\n\t\t\t\t\t\t\t<span class=\"jet-checkboxes-list__decorator\"><i class=\"jet-checkboxes-list__checked-icon fa fa-check\"><\/i><\/span>\n\t\t\t\t\t\t<span class=\"jet-checkboxes-list__label\">Produse din Grecia<\/span>\n\t\t\t\t\t<\/div>\n\t<\/label>\n<\/div><div class='jet-list-tree__children'>\n<div class=\"jet-checkboxes-list__row jet-filter-row\">\n\t<label class=\"jet-checkboxes-list__item\" >\n\t\t<input\n\t\t\ttype=\"checkbox\"\n\t\t\tclass=\"jet-checkboxes-list__input\"\n\t\t\tname=\"product_cat\"\n\t\t\tvalue=\"49\"\n\t\t\tdata-label=\"M\u0103sline \u0219i olive\"\n\t\t\taria-label=\"M\u0103sline \u0219i olive\"\n\t\t\t\t\t>\n\t\t<div class=\"jet-checkboxes-list__button\">\n\t\t\t\t\t\t\t<span class=\"jet-checkboxes-list__decorator\"><i class=\"jet-checkboxes-list__checked-icon fa fa-check\"><\/i><\/span>\n\t\t\t\t\t\t<span class=\"jet-checkboxes-list__label\">M\u0103sline \u0219i olive<\/span>\n\t\t\t\t\t<\/div>\n\t<\/label>\n<\/div><div class=\"jet-checkboxes-list__row jet-filter-row\">\n\t<label class=\"jet-checkboxes-list__item\" >\n\t\t<input\n\t\t\ttype=\"checkbox\"\n\t\t\tclass=\"jet-checkboxes-list__input\"\n\t\t\tname=\"product_cat\"\n\t\t\tvalue=\"50\"\n\t\t\tdata-label=\"Ulei de m\u0103sline\"\n\t\t\taria-label=\"Ulei de m\u0103sline\"\n\t\t\t\t\t>\n\t\t<div class=\"jet-checkboxes-list__button\">\n\t\t\t\t\t\t\t<span class=\"jet-checkboxes-list__decorator\"><i class=\"jet-checkboxes-list__checked-icon fa fa-check\"><\/i><\/span>\n\t\t\t\t\t\t<span class=\"jet-checkboxes-list__label\">Ulei de m\u0103sline<\/span>\n\t\t\t\t\t<\/div>\n\t<\/label>\n<\/div><\/div>\n<\/div><\/fieldset><div class=\"jet-filter-items-moreless\" data-less-items-count=\"6\" data-more-text=\"Afi\u0219a\u021bi mai multe\" data-less-text=\"Afi\u0219a\u021bi mai pu\u021bine\" >\n\t<div class=\"jet-filter-items-moreless__toggle\">\u041f\u043e\u043a\u0430\u0437\u0430\u0442\u044c \u0431\u043e\u043b\u044c\u0448\u0435<\/div>\n<\/div><\/div>\n<\/div>\t\t<\/div>\n\t\t\t\t<\/div>\n\t\t\t\t<div class=\"elementor-element elementor-element-1eebec02 price_rage_wrapper elementor-widget elementor-widget-jet-smart-filters-range\" data-id=\"1eebec02\" data-element_type=\"widget\" data-widget_type=\"jet-smart-filters-range.default\">\n\t\t\t\t<div class=\"elementor-widget-container\">\n\t\t\t<div class=\"jet-smart-filters-range jet-filter\" data-indexer-rule=\"show\" data-show-counter=\"\" data-change-counter=\"always\"><div class=\"jet-filter-label\">\u0426\u0435\u043d\u0430<\/div>\n\n<div class=\"jet-range\" data-query-type=\"meta_query\" data-query-var=\"_price\" data-smart-filter=\"range\" data-filter-id=\"795\" data-apply-type=\"ajax\" data-content-provider=\"jet-engine\" data-additional-providers=\"\" data-query-id=\"product_grid\" data-active-label=\"\" data-layout-options=\"{&quot;show_label&quot;:true,&quot;display_options&quot;:{&quot;show_items_label&quot;:false,&quot;show_decorator&quot;:false,&quot;filter_image_size&quot;:&quot;full&quot;,&quot;show_counter&quot;:false}}\" data-query-var-suffix=\"range\" data-format=\"{&quot;decimal_num&quot;:0,&quot;decimal_sep&quot;:&quot;.&quot;,&quot;thousands_sep&quot;:&quot;&quot;}\">\n\t<fieldset class=\"jet-range__slider\">\n\t\t<legend style=\"display:none;\">Pre\u021b - slider<\/legend>\n\t\t<div class=\"jet-range__slider__track\">\n\t\t\t<div class=\"jet-range__slider__track__range\"><\/div>\n\t\t<\/div>\n\t\t<input type=\"range\" class=\"jet-range__slider__input jet-range__slider__input--min\" step=\"1\" min=\"0\" max=\"524\" value=\"0\" aria-label=\"Minimal value\" >\n\t\t<input type=\"range\" class=\"jet-range__slider__input jet-range__slider__input--max\" step=\"1\" min=\"0\" max=\"524\" value=\"524\" aria-label=\"Maximum value\" >\n\t<\/fieldset>\n\t\t<div class=\"jet-range__inputs\">\n\t\t<fieldset class=\"jet-range__inputs__container\">\n\t\t\t<legend style=\"display:none;\">Pre\u021b - inputs<\/legend>\n\t\t\t<div class=\"jet-range__inputs__group\">\n\t\t\t\t\t\t\t\t<input type=\"number\" class=\"jet-range__inputs__min\" step=\"1\" min=\"0\" max=\"524\" value=\"0\" aria-label=\"Minimal value\" \/>\n\t\t\t\t\t\t\t<\/div>\n\t\t\t<div class=\"jet-range__inputs__group\">\n\t\t\t\t\t\t\t\t<input type=\"number\" class=\"jet-range__inputs__max\" step=\"1\" min=\"0\" max=\"524\" value=\"524\" aria-label=\"Maximum value\" \/>\n\t\t\t\t\t\t\t<\/div>\n\t\t<\/fieldset>\n\t<\/div>\n\t<\/div><\/div><div class=\"apply-filters\">\n\t<button\n\t\ttype=\"button\"\n\t\tclass=\"apply-filters__button\"\n\t\t\t>OK<\/button>\n<\/div>\t\t<\/div>\n\t\t\t\t<\/div>\n\t\t\t\t\t<\/div>\n\t\t\t\t<\/div>\n\t\t<div class=\"elementor-element elementor-element-6c79fe39 col2 e-con-boxed e-con\" data-id=\"6c79fe39\" data-element_type=\"container\" data-settings=\"{&quot;content_width&quot;:&quot;boxed&quot;}\">\n\t\t\t\t\t<div class=\"e-con-inner\">\n\t\t<div class=\"elementor-element elementor-element-a09afb2 e-con-boxed e-con\" data-id=\"a09afb2\" data-element_type=\"container\" data-settings=\"{&quot;content_width&quot;:&quot;boxed&quot;}\">\n\t\t\t\t\t<div class=\"e-con-inner\">\n\t\t<div class=\"elementor-element elementor-element-2e7e41ae e-con-boxed e-con\" data-id=\"2e7e41ae\" data-element_type=\"container\" data-settings=\"{&quot;content_width&quot;:&quot;boxed&quot;}\">\n\t\t\t\t\t<div class=\"e-con-inner\">\n\t\t\t\t<div class=\"elementor-element elementor-element-28ce273f elementor-widget elementor-widget-heading\" data-id=\"28ce273f\" data-element_type=\"widget\" data-widget_type=\"heading.default\">\n\t\t\t\t<div class=\"elementor-widget-container\">\n\t\t\t<div class=\"elementor-heading-title elementor-size-default\"><span class=\"jet-engine-query-count query-17 count-type-total\" data-query=\"17\">0<\/span> \u043f\u0440\u043e\u0434\u0443\u043a\u0446\u0438\u044f<\/div>\t\t<\/div>\n\t\t\t\t<\/div>\n\t\t\t\t\t<\/div>\n\t\t\t\t<\/div>\n\t\t\t\t<div class=\"elementor-element elementor-element-292293df sort_filter_wrapper elementor-widget elementor-widget-jet-smart-filters-sorting\" data-id=\"292293df\" data-element_type=\"widget\" data-widget_type=\"jet-smart-filters-sorting.default\">\n\t\t\t\t<div class=\"elementor-widget-container\">\n\t\t\t<div class=\"jet-smart-filters-sorting jet-filter\"><div class=\"jet-smart-filters-sorting jet-filter\">\n\t<div class=\"jet-sorting jet-sorting--flex-column\"  data-smart-filter=\"sorting\" data-query-type=\"sort\" data-query-var=\"standard\" data-content-provider=\"jet-engine\" data-additional-providers=\"\" data-query-id=\"product_grid\" data-apply-type=\"ajax\">\n\t\t\t\t\t<div class=\"jet-sorting-label\">\u0421\u043e\u0440\u0442\u0438\u0440\u043e\u0432\u0430\u0442\u044c<\/div>\n\t\t\t\t<select\n\t\t\tclass=\"jet-sorting-select\"\n\t\t\tname=\"select-name\"\n\t\t\t\t\t\taria-label=\"\u0421\u043e\u0440\u0442\u0438\u0440\u043e\u0432\u0430\u0442\u044c\"\n\t\t>\n\t\t\t\t\t\t\t<option value=\"\">\u0421\u043e\u0440\u0442\u0438\u0440\u043e\u0432\u0430\u0442\u044c<\/option>\n\t\t\t\t\t\t\t\t\t\t\t\t\t\t<option\n\t\t\t\t\tvalue=\"{&quot;orderby&quot;:&quot;sales_number&quot;,&quot;order&quot;:&quot;DESC&quot;}\"\n\t\t\t\t\t\t\t\t\t>\u0421\u0430\u043c\u044b\u0435 \u043f\u0440\u043e\u0434\u0430\u0432\u0430\u0435\u043c\u044b\u0435<\/option>\n\t\t\t\t\t\t\t\t\t\t\t<option\n\t\t\t\t\tvalue=\"{&quot;orderby&quot;:&quot;date&quot;,&quot;order&quot;:&quot;DESC&quot;}\"\n\t\t\t\t\t\t\t\t\t>\u041d\u043e\u0432\u044b\u0435 \u043f\u0440\u043e\u0434\u0443\u043a\u0442\u044b<\/option>\n\t\t\t\t\t\t\t\t\t\t\t<option\n\t\t\t\t\tvalue=\"{&quot;orderby&quot;:&quot;price&quot;,&quot;order&quot;:&quot;ASC&quot;}\"\n\t\t\t\t\t\t\t\t\t>\u0421\u043d\u0430\u0447\u0430\u043b\u0430 \u0434\u0435\u0448\u0435\u0432\u044b\u0435<\/option>\n\t\t\t\t\t\t\t\t\t\t\t<option\n\t\t\t\t\tvalue=\"{&quot;orderby&quot;:&quot;price&quot;,&quot;order&quot;:&quot;DESC&quot;}\"\n\t\t\t\t\t\t\t\t\t>\u0421\u043d\u0430\u0447\u0430\u043b\u0430 \u0434\u043e\u0440\u043e\u0433\u0438\u0435<\/option>\n\t\t\t\t\t<\/select>\n\t<\/div>\n<\/div><\/div>\t\t<\/div>\n\t\t\t\t<\/div>\n\t\t\t\t\t<\/div>\n\t\t\t\t<\/div>\n\t\t\t\t<div class=\"elementor-element elementor-element-1730d9b6 product_grid_listing elementor-widget elementor-widget-jet-listing-grid\" data-id=\"1730d9b6\" data-element_type=\"widget\" id=\"product_grid\" data-settings=\"{&quot;columns&quot;:&quot;4&quot;,&quot;columns_tablet&quot;:&quot;2&quot;,&quot;columns_mobile&quot;:&quot;1&quot;}\" data-widget_type=\"jet-listing-grid.default\">\n\t\t\t\t<div class=\"elementor-widget-container\">\n\t\t\t<div class=\"jet-listing-grid jet-listing\"><div class=\"jet-listing-not-found jet-listing-grid__items\" data-nav=\"{&quot;enabled&quot;:false,&quot;type&quot;:null,&quot;more_el&quot;:null,&quot;query&quot;:[],&quot;widget_settings&quot;:{&quot;lisitng_id&quot;:333,&quot;posts_num&quot;:6,&quot;columns&quot;:4,&quot;columns_tablet&quot;:2,&quot;columns_mobile&quot;:1,&quot;is_archive_template&quot;:&quot;&quot;,&quot;post_status&quot;:[&quot;publish&quot;],&quot;use_random_posts_num&quot;:&quot;&quot;,&quot;max_posts_num&quot;:9,&quot;not_found_message&quot;:&quot;\\u00cen prezent, nu avem produse disponibile la pre\\u021buri promo\\u021bionale.&quot;,&quot;is_masonry&quot;:false,&quot;equal_columns_height&quot;:&quot;yes&quot;,&quot;use_load_more&quot;:&quot;&quot;,&quot;load_more_id&quot;:&quot;&quot;,&quot;load_more_type&quot;:&quot;click&quot;,&quot;load_more_offset&quot;:{&quot;unit&quot;:&quot;px&quot;,&quot;size&quot;:0,&quot;sizes&quot;:[]},&quot;use_custom_post_types&quot;:&quot;&quot;,&quot;custom_post_types&quot;:[],&quot;hide_widget_if&quot;:&quot;&quot;,&quot;carousel_enabled&quot;:&quot;&quot;,&quot;slides_to_scroll&quot;:&quot;1&quot;,&quot;arrows&quot;:&quot;true&quot;,&quot;arrow_icon&quot;:&quot;fa fa-angle-left&quot;,&quot;dots&quot;:&quot;true&quot;,&quot;autoplay&quot;:&quot;true&quot;,&quot;autoplay_speed&quot;:5000,&quot;infinite&quot;:&quot;true&quot;,&quot;center_mode&quot;:&quot;&quot;,&quot;effect&quot;:&quot;slide&quot;,&quot;speed&quot;:300,&quot;inject_alternative_items&quot;:&quot;&quot;,&quot;injection_items&quot;:[],&quot;scroll_slider_enabled&quot;:&quot;&quot;,&quot;scroll_slider_on&quot;:[&quot;desktop&quot;,&quot;tablet&quot;,&quot;mobile&quot;],&quot;custom_query&quot;:&quot;yes&quot;,&quot;custom_query_id&quot;:&quot;17&quot;,&quot;_element_id&quot;:&quot;product_grid&quot;}}\" >\u0412 \u043d\u0430\u0441\u0442\u043e\u044f\u0449\u0435\u0435 \u0432\u0440\u0435\u043c\u044f \u0443 \u043d\u0430\u0441 \u043d\u0435\u0442 \u043f\u0440\u043e\u0434\u0443\u043a\u0442\u043e\u0432, \u0434\u043e\u0441\u0442\u0443\u043f\u043d\u044b\u0445 \u043f\u043e \u0430\u043a\u0446\u0438\u043e\u043d\u043d\u044b\u043c \u0446\u0435\u043d\u0430\u043c.<\/div><\/div>\t\t<\/div>\n\t\t\t\t<\/div>\n\t\t\t\t<div class=\"elementor-element elementor-element-449cc104 pagination_wrapper elementor-widget elementor-widget-jet-smart-filters-pagination\" data-id=\"449cc104\" data-element_type=\"widget\" data-widget_type=\"jet-smart-filters-pagination.default\">\n\t\t\t\t<div class=\"elementor-widget-container\">\n\t\t\t<div\n\t\t\t\tclass=\"jet-smart-filters-pagination jet-filter\"\n\t\t\t\tdata-apply-provider=\"jet-engine\"\n\t\t\t\tdata-content-provider=\"jet-engine\"\n\t\t\t\tdata-query-id=\"product_grid\"\n\t\t\t\tdata-controls=\"{&quot;items_enabled&quot;:true,&quot;pages_mid_size&quot;:2,&quot;pages_end_size&quot;:1,&quot;nav_enabled&quot;:false,&quot;load_more_enabled&quot;:false,&quot;provider_top_offset&quot;:1}\"\n\t\t\t\tdata-apply-type=\"ajax\"\n\t\t\t><\/div>\t\t<\/div>\n\t\t\t\t<\/div>\n\t\t\t\t\t<\/div>\n\t\t\t\t<\/div>\n\t\t\t\t\t<\/div>\n\t\t\t\t<\/div>\n\t\t\t\t\t\t\t\t\t<\/div>\n\t\t\t<\/div>\n\t\t\t\t\t<\/div>","protected":false},"excerpt":{"rendered":"<p>Filtre Specie-Tip Specie-Tip Legume B\u0103c\u0103nie\/ Boboase Ciuperci Fructe Fructe exotice Salate \u0219i verde\u021buri Afi\u0219a\u021bi mai multe Pre\u021b Pre\u021b &#8211; slider Pre\u021b &#8211; inputs OK Sorteaz\u0103 Sorteaz\u0103Cele mai v\u00e2nduteProduse noiIeftine \u00eent\u00e2iScumpe \u00eent\u00e2i \u00cen prezent, nu avem produse disponibile la pre\u021buri promo\u021bionale.<\/p>","protected":false},"author":1,"featured_media":0,"parent":0,"menu_order":0,"comment_status":"closed","ping_status":"closed","template":"","meta":[],"acf":[],"_links":{"self":[{"href":"https:\/\/freshmarket.md\/ru\/wp-json\/wp\/v2\/pages\/31"}],"collection":[{"href":"https:\/\/freshmarket.md\/ru\/wp-json\/wp\/v2\/pages"}],"about":[{"href":"https:\/\/freshmarket.md\/ru\/wp-json\/wp\/v2\/types\/page"}],"author":[{"embeddable":true,"href":"https:\/\/freshmarket.md\/ru\/wp-json\/wp\/v2\/users\/1"}],"replies":[{"embeddable":true,"href":"https:\/\/freshmarket.md\/ru\/wp-json\/wp\/v2\/comments?post=31"}],"version-history":[{"count":7,"href":"https:\/\/freshmarket.md\/ru\/wp-json\/wp\/v2\/pages\/31\/revisions"}],"predecessor-version":[{"id":3739,"href":"https:\/\/freshmarket.md\/ru\/wp-json\/wp\/v2\/pages\/31\/revisions\/3739"}],"wp:attachment":[{"href":"https:\/\/freshmarket.md\/ru\/wp-json\/wp\/v2\/media?parent=31"}],"curies":[{"name":"wp","href":"https:\/\/api.w.org\/{rel}","templated":true}]}}