{"id":672,"date":"2023-01-27T16:29:00","date_gmt":"2023-01-27T16:29:00","guid":{"rendered":"https:\/\/freshmarket.md\/?page_id=672"},"modified":"2023-05-04T17:50:57","modified_gmt":"2023-05-04T14:50:57","slug":"wishlist","status":"publish","type":"page","link":"https:\/\/freshmarket.md\/ru\/wishlist\/","title":{"rendered":"\u0421\u043f\u0438\u0441\u043e\u043a \u043f\u043e\u0436\u0435\u043b\u0430\u043d\u0438\u0439"},"content":{"rendered":"<div data-elementor-type=\"wp-page\" data-elementor-id=\"672\" class=\"elementor elementor-672\">\n\t\t\t\t\t\t<div class=\"elementor-inner\">\n\t\t\t\t<div class=\"elementor-section-wrap\">\n\t\t\t\t\t\t\t<div class=\"elementor-element elementor-element-71db9caa shop_archive_wrapper negative_header e-con-boxed e-con\" data-id=\"71db9caa\" data-element_type=\"container\" data-settings=\"{&quot;content_width&quot;:&quot;boxed&quot;}\">\n\t\t\t\t\t<div class=\"e-con-inner\">\n\t\t\t\t<div class=\"elementor-element elementor-element-77dc89a elementor-widget elementor-widget-heading\" data-id=\"77dc89a\" data-element_type=\"widget\" data-widget_type=\"heading.default\">\n\t\t\t\t<div class=\"elementor-widget-container\">\n\t\t\t<h2 class=\"elementor-heading-title elementor-size-default\">\u0421\u043f\u0438\u0441\u043e\u043a \u043f\u043e\u0436\u0435\u043b\u0430\u043d\u0438\u0439<\/h2>\t\t<\/div>\n\t\t\t\t<\/div>\n\t\t\t\t<div class=\"elementor-element elementor-element-43461dd6 product_breadcrumb elementor-widget elementor-widget-woocommerce-breadcrumb\" data-id=\"43461dd6\" data-element_type=\"widget\" data-widget_type=\"woocommerce-breadcrumb.default\">\n\t\t\t\t<div class=\"elementor-widget-container\">\n\t\t\t<nav class=\"woocommerce-breadcrumb\" data-no-translation=\"\" data-trp-gettext=\"\">\u0413\u043b\u0430\u0432\u043d\u0430\u044f<\/nav>\t\t<\/div>\n\t\t\t\t<\/div>\n\t\t<div class=\"elementor-element elementor-element-36baf749 e-con-full e-con\" data-id=\"36baf749\" data-element_type=\"container\" data-settings=\"{&quot;content_width&quot;:&quot;full&quot;}\">\n\t\t\t\t<div class=\"elementor-element elementor-element-724fb6d8 elementor-widget elementor-widget-heading\" data-id=\"724fb6d8\" data-element_type=\"widget\" data-widget_type=\"heading.default\">\n\t\t\t\t<div class=\"elementor-widget-container\">\n\t\t\t<div class=\"elementor-heading-title elementor-size-default\"><span class=\"jet-engine-query-count query-14 count-type-total\" data-query=\"14\">0<\/span> \u043f\u0440\u043e\u0434\u0443\u043a\u0446\u0438\u044f<\/div>\t\t<\/div>\n\t\t\t\t<\/div>\n\t\t\t\t<div class=\"elementor-element elementor-element-1bfd94c4 sort_filter_wrapper elementor-widget elementor-widget-jet-smart-filters-sorting\" data-id=\"1bfd94c4\" data-element_type=\"widget\" data-widget_type=\"jet-smart-filters-sorting.default\">\n\t\t\t\t<div class=\"elementor-widget-container\">\n\t\t\t<div class=\"jet-smart-filters-sorting jet-filter\"><div class=\"jet-smart-filters-sorting jet-filter\">\n\t<div class=\"jet-sorting jet-sorting--flex-column\"  data-smart-filter=\"sorting\" data-query-type=\"sort\" data-query-var=\"standard\" data-content-provider=\"jet-engine\" data-additional-providers=\"\" data-query-id=\"product_grid\" data-apply-type=\"ajax\">\n\t\t\t\t\t<div class=\"jet-sorting-label\">\u0421\u043e\u0440\u0442\u0438\u0440\u043e\u0432\u0430\u0442\u044c<\/div>\n\t\t\t\t<select\n\t\t\tclass=\"jet-sorting-select\"\n\t\t\tname=\"select-name\"\n\t\t\t\t\t\taria-label=\"\u0421\u043e\u0440\u0442\u0438\u0440\u043e\u0432\u0430\u0442\u044c\"\n\t\t>\n\t\t\t\t\t\t\t<option value=\"\">\u0421\u043e\u0440\u0442\u0438\u0440\u043e\u0432\u0430\u0442\u044c<\/option>\n\t\t\t\t\t\t\t\t\t\t\t\t\t\t<option\n\t\t\t\t\tvalue=\"{&quot;orderby&quot;:&quot;sales_number&quot;,&quot;order&quot;:&quot;DESC&quot;}\"\n\t\t\t\t\t\t\t\t\t>\u0421\u0430\u043c\u044b\u0435 \u043f\u0440\u043e\u0434\u0430\u0432\u0430\u0435\u043c\u044b\u0435<\/option>\n\t\t\t\t\t\t\t\t\t\t\t<option\n\t\t\t\t\tvalue=\"{&quot;orderby&quot;:&quot;date&quot;,&quot;order&quot;:&quot;DESC&quot;}\"\n\t\t\t\t\t\t\t\t\t>\u041d\u043e\u0432\u044b\u0435 \u043f\u0440\u043e\u0434\u0443\u043a\u0442\u044b<\/option>\n\t\t\t\t\t\t\t\t\t\t\t<option\n\t\t\t\t\tvalue=\"{&quot;orderby&quot;:&quot;price&quot;,&quot;order&quot;:&quot;ASC&quot;}\"\n\t\t\t\t\t\t\t\t\t>\u0421\u043d\u0430\u0447\u0430\u043b\u0430 \u0434\u0435\u0448\u0435\u0432\u044b\u0435<\/option>\n\t\t\t\t\t\t\t\t\t\t\t<option\n\t\t\t\t\tvalue=\"{&quot;orderby&quot;:&quot;price&quot;,&quot;order&quot;:&quot;DESC&quot;}\"\n\t\t\t\t\t\t\t\t\t>\u0421\u043d\u0430\u0447\u0430\u043b\u0430 \u0434\u043e\u0440\u043e\u0433\u0438\u0435<\/option>\n\t\t\t\t\t<\/select>\n\t<\/div>\n<\/div><\/div>\t\t<\/div>\n\t\t\t\t<\/div>\n\t\t\t\t<\/div>\n\t\t\t\t<div class=\"elementor-element elementor-element-3c942e78 product_grid_listing elementor-widget elementor-widget-jet-listing-grid\" data-id=\"3c942e78\" data-element_type=\"widget\" id=\"product_grid\" data-settings=\"{&quot;columns&quot;:&quot;5&quot;,&quot;columns_laptop&quot;:&quot;4&quot;,&quot;columns_tablet&quot;:&quot;2&quot;,&quot;columns_mobile&quot;:&quot;1&quot;}\" data-widget_type=\"jet-listing-grid.default\">\n\t\t\t\t<div class=\"elementor-widget-container\">\n\t\t\t<div class=\"jet-listing-grid jet-listing\"><div class=\"jet-listing-not-found jet-listing-grid__items\" data-nav=\"{&quot;enabled&quot;:false,&quot;type&quot;:null,&quot;more_el&quot;:null,&quot;query&quot;:[],&quot;widget_settings&quot;:{&quot;lisitng_id&quot;:333,&quot;posts_num&quot;:6,&quot;columns&quot;:5,&quot;columns_tablet&quot;:2,&quot;columns_mobile&quot;:1,&quot;is_archive_template&quot;:&quot;&quot;,&quot;post_status&quot;:[&quot;publish&quot;],&quot;use_random_posts_num&quot;:&quot;&quot;,&quot;max_posts_num&quot;:9,&quot;not_found_message&quot;:&quot; Momentan, nu ave\\u021bi niciun produs favorit&quot;,&quot;is_masonry&quot;:false,&quot;equal_columns_height&quot;:&quot;yes&quot;,&quot;use_load_more&quot;:&quot;&quot;,&quot;load_more_id&quot;:&quot;&quot;,&quot;load_more_type&quot;:&quot;click&quot;,&quot;load_more_offset&quot;:{&quot;unit&quot;:&quot;px&quot;,&quot;size&quot;:0,&quot;sizes&quot;:[]},&quot;use_custom_post_types&quot;:&quot;&quot;,&quot;custom_post_types&quot;:[],&quot;hide_widget_if&quot;:&quot;&quot;,&quot;carousel_enabled&quot;:&quot;&quot;,&quot;slides_to_scroll&quot;:&quot;1&quot;,&quot;arrows&quot;:&quot;true&quot;,&quot;arrow_icon&quot;:&quot;fa fa-angle-left&quot;,&quot;dots&quot;:&quot;true&quot;,&quot;autoplay&quot;:&quot;true&quot;,&quot;autoplay_speed&quot;:5000,&quot;infinite&quot;:&quot;true&quot;,&quot;center_mode&quot;:&quot;&quot;,&quot;effect&quot;:&quot;slide&quot;,&quot;speed&quot;:300,&quot;inject_alternative_items&quot;:&quot;&quot;,&quot;injection_items&quot;:[],&quot;scroll_slider_enabled&quot;:&quot;&quot;,&quot;scroll_slider_on&quot;:[&quot;desktop&quot;,&quot;tablet&quot;,&quot;mobile&quot;],&quot;custom_query&quot;:&quot;yes&quot;,&quot;custom_query_id&quot;:&quot;14&quot;,&quot;_element_id&quot;:&quot;product_grid&quot;}}\" > \u0412 \u043d\u0430\u0441\u0442\u043e\u044f\u0449\u0435\u0435 \u0432\u0440\u0435\u043c\u044f \u0443 \u0432\u0430\u0441 \u043d\u0435\u0442 \u0438\u0437\u0431\u0440\u0430\u043d\u043d\u044b\u0445<\/div><\/div>\t\t<\/div>\n\t\t\t\t<\/div>\n\t\t\t\t<div class=\"elementor-element elementor-element-67eae39c pagination_wrapper elementor-widget elementor-widget-jet-smart-filters-pagination\" data-id=\"67eae39c\" data-element_type=\"widget\" data-widget_type=\"jet-smart-filters-pagination.default\">\n\t\t\t\t<div class=\"elementor-widget-container\">\n\t\t\t<div\n\t\t\t\tclass=\"jet-smart-filters-pagination jet-filter\"\n\t\t\t\tdata-apply-provider=\"jet-engine\"\n\t\t\t\tdata-content-provider=\"jet-engine\"\n\t\t\t\tdata-query-id=\"product_grid\"\n\t\t\t\tdata-controls=\"{&quot;items_enabled&quot;:true,&quot;pages_mid_size&quot;:2,&quot;pages_end_size&quot;:1,&quot;nav_enabled&quot;:false,&quot;load_more_enabled&quot;:false,&quot;provider_top_offset&quot;:1}\"\n\t\t\t\tdata-apply-type=\"ajax\"\n\t\t\t><\/div>\t\t<\/div>\n\t\t\t\t<\/div>\n\t\t\t\t\t<\/div>\n\t\t\t\t<\/div>\n\t\t\t\t\t\t\t\t\t<\/div>\n\t\t\t<\/div>\n\t\t\t\t\t<\/div>","protected":false},"excerpt":{"rendered":"<p>Wishlist Sorteaz\u0103 Sorteaz\u0103Cele mai v\u00e2nduteProduse noiIeftine \u00eent\u00e2iScumpe \u00eent\u00e2i 51.00&nbsp;MDL Adaug\u0103 \u00een co\u0219 25.00&nbsp;MDL Adaug\u0103 \u00een co\u0219<\/p>","protected":false},"author":1,"featured_media":0,"parent":0,"menu_order":0,"comment_status":"closed","ping_status":"closed","template":"","meta":[],"acf":[],"_links":{"self":[{"href":"https:\/\/freshmarket.md\/ru\/wp-json\/wp\/v2\/pages\/672"}],"collection":[{"href":"https:\/\/freshmarket.md\/ru\/wp-json\/wp\/v2\/pages"}],"about":[{"href":"https:\/\/freshmarket.md\/ru\/wp-json\/wp\/v2\/types\/page"}],"author":[{"embeddable":true,"href":"https:\/\/freshmarket.md\/ru\/wp-json\/wp\/v2\/users\/1"}],"replies":[{"embeddable":true,"href":"https:\/\/freshmarket.md\/ru\/wp-json\/wp\/v2\/comments?post=672"}],"version-history":[{"count":0,"href":"https:\/\/freshmarket.md\/ru\/wp-json\/wp\/v2\/pages\/672\/revisions"}],"wp:attachment":[{"href":"https:\/\/freshmarket.md\/ru\/wp-json\/wp\/v2\/media?parent=672"}],"curies":[{"name":"wp","href":"https:\/\/api.w.org\/{rel}","templated":true}]}}