{"id":2930,"date":"2023-05-02T12:09:38","date_gmt":"2023-05-02T09:09:38","guid":{"rendered":"https:\/\/freshmarket.md\/?post_type=product&#038;p=2930"},"modified":"2026-03-30T12:40:34","modified_gmt":"2026-03-30T09:40:34","slug":"avocado","status":"publish","type":"product","link":"https:\/\/freshmarket.md\/ru\/product\/avocado\/","title":{"rendered":"\u0410\u0432\u043e\u043a\u0430\u0434\u043e"},"content":{"rendered":"<p>\u0410\u0432\u043e\u043a\u0430\u0434\u043e \u0440\u043e\u0434\u043e\u043c \u0438\u0437 \u0426\u0435\u043d\u0442\u0440\u0430\u043b\u044c\u043d\u043e\u0439 \u0410\u043c\u0435\u0440\u0438\u043a\u0438, \u0433\u0434\u0435 \u0435\u0433\u043e \u043d\u0430\u0447\u0430\u043b\u0438 \u043a\u0443\u043b\u044c\u0442\u0438\u0432\u0438\u0440\u043e\u0432\u0430\u0442\u044c \u043e\u043a\u043e\u043b\u043e 7 000 \u043b\u0435\u0442 \u043d\u0430\u0437\u0430\u0434. \u0412 \u041c\u0435\u043a\u0441\u0438\u043a\u0435 \u0435\u0433\u043e \u0432\u044b\u0440\u0430\u0449\u0438\u0432\u0430\u044e\u0442 \u0443\u0436\u0435 \u043e\u043a\u043e\u043b\u043e 5 000 \u043b\u0435\u0442, \u0430 \u043d\u0430 \u044e\u0433\u0435 \u041f\u0435\u0440\u0443 \u0435\u0433\u043e \u0432\u043f\u0435\u0440\u0432\u044b\u0435 \u0443\u043f\u043e\u0442\u0440\u0435\u0431\u0438\u043b\u0438 \u0432 \u043f\u0438\u0449\u0443 \u0432\u043e \u0432\u0440\u0435\u043c\u0435\u043d\u0430 \u0425\u0440\u0438\u0441\u0442\u043e\u0444\u043e\u0440\u0430 \u041a\u043e\u043b\u0443\u043c\u0431\u0430. \u041f\u043e\u0441\u043a\u043e\u043b\u044c\u043a\u0443 \u0430\u0432\u043e\u043a\u0430\u0434\u043e (\u043a\u0430\u043a \u043e\u043b\u0438\u0432\u043a\u0438 \u0438 \u043a\u043e\u043a\u043e\u0441\u044b) \u0441\u043e\u0434\u0435\u0440\u0436\u0438\u0442 \u0431\u043e\u043b\u044c\u0448\u043e\u0435 \u043a\u043e\u043b\u0438\u0447\u0435\u0441\u0442\u0432\u043e \u043c\u0430\u0441\u043b\u0430, \u0435\u0433\u043e \u0437\u0435\u043b\u0435\u043d\u0430\u044f, \u0431\u0435\u043b\u0430\u044f \u0438\u043b\u0438 \u0436\u0435\u043b\u0442\u0430\u044f \u043c\u044f\u043a\u043e\u0442\u044c \u0432\u0445\u043e\u0434\u0438\u043b\u0430 \u0432 \u0440\u0430\u0446\u0438\u043e\u043d \u043a\u043e\u0440\u0435\u043d\u043d\u044b\u0445 \u0436\u0438\u0442\u0435\u043b\u0435\u0439 \u0410\u043c\u0435\u0440\u0438\u043a\u0438. \u0420\u0435\u0446\u0435\u043f\u0442 \u0433\u0443\u0430\u043a\u0430\u043c\u043e\u043b\u0435 - \u043f\u044e\u0440\u0435 \u0438\u0437 \u0430\u0432\u043e\u043a\u0430\u0434\u043e \u0441\u043e \u0441\u043f\u0435\u0446\u0438\u044f\u043c\u0438 - \u043f\u0440\u0438\u0448\u0435\u043b \u043e\u0442 \u0430\u0446\u0442\u0435\u043a\u043e\u0432. \u0418\u0441\u043f\u0430\u043d\u0446\u044b \u0440\u0430\u0441\u043f\u0440\u043e\u0441\u0442\u0440\u0430\u043d\u0438\u043b\u0438 \u0430\u0432\u043e\u043a\u0430\u0434\u043e \u0432 \u0434\u0440\u0443\u0433\u0438\u0445 \u0447\u0430\u0441\u0442\u044f\u0445 \u0421\u0435\u0432\u0435\u0440\u043d\u043e\u0439 \u0438 \u042e\u0436\u043d\u043e\u0439 \u0410\u043c\u0435\u0440\u0438\u043a\u0438, \u0430 \u0442\u0430\u043a\u0436\u0435 \u0432 \u0434\u0440\u0443\u0433\u0438\u0445 \u0442\u0440\u043e\u043f\u0438\u0447\u0435\u0441\u043a\u0438\u0445 \u0440\u0435\u0433\u0438\u043e\u043d\u0430\u0445 \u043c\u0438\u0440\u0430. \u041f\u043e\u043c\u0438\u043c\u043e \u0432\u044b\u0441\u043e\u043a\u043e\u0433\u043e \u0441\u043e\u0434\u0435\u0440\u0436\u0430\u043d\u0438\u044f \u0436\u0438\u0440\u0430, \u0430\u0432\u043e\u043a\u0430\u0434\u043e \u0431\u043e\u0433\u0430\u0442 \u0431\u0435\u0442\u0430-\u043a\u0430\u0440\u043e\u0442\u0438\u043d\u043e\u043c, \u0432\u0438\u0442\u0430\u043c\u0438\u043d\u043e\u043c \u0421, \u0432\u0438\u0442\u0430\u043c\u0438\u043d\u0430\u043c\u0438 \u0433\u0440\u0443\u043f\u043f\u044b \u0412 \u0438 \u043c\u0438\u043d\u0435\u0440\u0430\u043b\u0430\u043c\u0438. \u041a\u0430\u043b\u043e\u0440\u0438\u0439\u043d\u043e\u0441\u0442\u044c \u043d\u0430 100 \u0433 \u0441\u043e\u0441\u0442\u0430\u0432\u043b\u044f\u0435\u0442 212 \u043a\u043a\u0430\u043b: \u0431\u0435\u043b\u043a\u0438 - 2 \u0433, \u0436\u0438\u0440\u044b - 20 \u0433, \u0443\u0433\u043b\u0435\u0432\u043e\u0434\u044b - 6 \u0433.<\/p>","protected":false},"excerpt":{"rendered":"<p>Avocado este originar din America Central\u0103, unde a fost cultivat \u00een urm\u0103 cu aproximativ 7.000 de ani. A fost cultivat \u00een Mexic de aproximativ 5.000 de ani, iar pe vremea lui Cristofor Columb a fost consumat pentru prima dat\u0103 \u00een sudul Peruului. Deoarece avocado (la fel ca m\u0103slinele \u0219i nucile de cocos) con\u021bine o cantitate [&hellip;]<\/p>","protected":false},"featured_media":2994,"comment_status":"closed","ping_status":"closed","template":"","meta":[],"product_cat":[20,22],"product_tag":[],"domeniu":[],"acf":[],"_links":{"self":[{"href":"https:\/\/freshmarket.md\/ru\/wp-json\/wp\/v2\/product\/2930"}],"collection":[{"href":"https:\/\/freshmarket.md\/ru\/wp-json\/wp\/v2\/product"}],"about":[{"href":"https:\/\/freshmarket.md\/ru\/wp-json\/wp\/v2\/types\/product"}],"replies":[{"embeddable":true,"href":"https:\/\/freshmarket.md\/ru\/wp-json\/wp\/v2\/comments?post=2930"}],"wp:featuredmedia":[{"embeddable":true,"href":"https:\/\/freshmarket.md\/ru\/wp-json\/wp\/v2\/media\/2994"}],"wp:attachment":[{"href":"https:\/\/freshmarket.md\/ru\/wp-json\/wp\/v2\/media?parent=2930"}],"wp:term":[{"taxonomy":"product_cat","embeddable":true,"href":"https:\/\/freshmarket.md\/ru\/wp-json\/wp\/v2\/product_cat?post=2930"},{"taxonomy":"product_tag","embeddable":true,"href":"https:\/\/freshmarket.md\/ru\/wp-json\/wp\/v2\/product_tag?post=2930"},{"taxonomy":"domeniu","embeddable":true,"href":"https:\/\/freshmarket.md\/ru\/wp-json\/wp\/v2\/domeniu?post=2930"}],"curies":[{"name":"wp","href":"https:\/\/api.w.org\/{rel}","templated":true}]}}