{"id":2933,"date":"2023-05-02T12:12:09","date_gmt":"2023-05-02T09:12:09","guid":{"rendered":"https:\/\/freshmarket.md\/?post_type=product&#038;p=2933"},"modified":"2026-04-14T09:59:10","modified_gmt":"2026-04-14T06:59:10","slug":"avocado-hass","status":"publish","type":"product","link":"https:\/\/freshmarket.md\/ru\/product\/avocado-hass\/","title":{"rendered":"Avocado Hass"},"content":{"rendered":"<p>\u0410\u0432\u043e\u043a\u0430\u0434\u043e \u0441\u043e\u0440\u0442\u0430 \u0425\u0430\u0441\u0441 \u043f\u0440\u043e\u0438\u0437\u0440\u0430\u0441\u0442\u0430\u0435\u0442 \u043a\u0440\u0443\u0433\u043b\u044b\u0439 \u0433\u043e\u0434 \u0438 \u0438\u043c\u0435\u0435\u0442 \u043e\u0440\u0435\u0445\u043e\u0432\u044b\u0439 \u0432\u043a\u0443\u0441 \u0438 \u043a\u0440\u0435\u043c\u043e\u0432\u0443\u044e \u0442\u0435\u043a\u0441\u0442\u0443\u0440\u0443. \u041f\u043e \u043c\u0435\u0440\u0435 \u0441\u043e\u0437\u0440\u0435\u0432\u0430\u043d\u0438\u044f \u0446\u0432\u0435\u0442 \u0430\u0432\u043e\u043a\u0430\u0434\u043e \u043c\u0435\u043d\u044f\u0435\u0442\u0441\u044f \u043e\u0442 \u044f\u0440\u043a\u043e-\u0437\u0435\u043b\u0435\u043d\u043e\u0433\u043e \u0434\u043e \u0442\u0435\u043c\u043d\u043e-\u0444\u0438\u043e\u043b\u0435\u0442\u043e\u0432\u043e\u0433\u043e. \u0410\u0432\u043e\u043a\u0430\u0434\u043e - \u0443\u043d\u0438\u043a\u0430\u043b\u044c\u043d\u044b\u0439 \u0444\u0440\u0443\u043a\u0442, \u0438 \u044d\u0442\u043e \u043f\u043e\u0442\u043e\u043c\u0443, \u0447\u0442\u043e \u0432 \u0442\u043e \u0432\u0440\u0435\u043c\u044f \u043a\u0430\u043a \u0431\u043e\u043b\u044c\u0448\u0438\u043d\u0441\u0442\u0432\u043e \u0444\u0440\u0443\u043a\u0442\u043e\u0432 \u0441\u043e\u0434\u0435\u0440\u0436\u0430\u0442 \u0443\u0433\u043b\u0435\u0432\u043e\u0434\u044b, \u044d\u0442\u043e\u0442 \u0444\u0440\u0443\u043a\u0442 \u0438\u0437\u043e\u0431\u0438\u043b\u0443\u0435\u0442 \u043f\u043e\u043b\u0435\u0437\u043d\u044b\u043c\u0438 \u0436\u0438\u0440\u0430\u043c\u0438. \u0410\u0432\u043e\u043a\u0430\u0434\u043e \u043d\u0435 \u0441\u043e\u0434\u0435\u0440\u0436\u0438\u0442 \u0445\u043e\u043b\u0435\u0441\u0442\u0435\u0440\u0438\u043d\u0430 \u0438 \u0441\u043e\u043b\u0438 \u0438 \u0438\u043c\u0435\u0435\u0442 \u043d\u0438\u0437\u043a\u043e\u0435 \u0441\u043e\u0434\u0435\u0440\u0436\u0430\u043d\u0438\u0435 \u043d\u0430\u0441\u044b\u0449\u0435\u043d\u043d\u044b\u0445 \u0436\u0438\u0440\u043e\u0432.<\/p>\n<p>Avocado este un fruct bogat in grasimi sanatoase, avand numeroase beneficii pentru organism: controleaza tensiunea arteriala, mentine valori optime ale colesterolului, insa avocado are si proprietati antiinflamatorii, regleaza nivelul zaharului din sange, creste absorbtia nutrientilor si are grija de pielea noastra, printre alte proprietati. Un lucru putin mai dificil pentru unele persoane este faptul ca nu stiu daca fructul este copt sau nu, insa culoarea mai inchisa a acestuia, dar si caracteristica de a avea o suprafata moale sunt aspecte care ne demonstreaza maturitatea fructului. Avocado se poate servi in orice moment al zilei, iar datorita multiplelor beneficii pe care le are, consumul regulat de avocado este recomandat de specialisti, in special de catre nutritionisti.<\/p>","protected":false},"excerpt":{"rendered":"<p>Avocado Hass se g\u0103se\u0219te tot timpul anului \u0219i are o arom\u0103 similar\u0103 nucii, iar textura sa este cremoas\u0103. Culoarea acestui tip de avocado se transform\u0103 din verde aprins \u00een purpuriu \u00eenchis, pe m\u0103sur\u0103 ce se coace. Avocado este un fruct unic \u0219i asta pentru c\u0103, \u00een timp ce majoritatea fructelor con\u021bin carbohidra\u021bi, acesta abund\u0103 \u00een [&hellip;]<\/p>","protected":false},"featured_media":2993,"comment_status":"closed","ping_status":"closed","template":"","meta":[],"product_cat":[20,22],"product_tag":[],"domeniu":[],"acf":[],"_links":{"self":[{"href":"https:\/\/freshmarket.md\/ru\/wp-json\/wp\/v2\/product\/2933"}],"collection":[{"href":"https:\/\/freshmarket.md\/ru\/wp-json\/wp\/v2\/product"}],"about":[{"href":"https:\/\/freshmarket.md\/ru\/wp-json\/wp\/v2\/types\/product"}],"replies":[{"embeddable":true,"href":"https:\/\/freshmarket.md\/ru\/wp-json\/wp\/v2\/comments?post=2933"}],"wp:featuredmedia":[{"embeddable":true,"href":"https:\/\/freshmarket.md\/ru\/wp-json\/wp\/v2\/media\/2993"}],"wp:attachment":[{"href":"https:\/\/freshmarket.md\/ru\/wp-json\/wp\/v2\/media?parent=2933"}],"wp:term":[{"taxonomy":"product_cat","embeddable":true,"href":"https:\/\/freshmarket.md\/ru\/wp-json\/wp\/v2\/product_cat?post=2933"},{"taxonomy":"product_tag","embeddable":true,"href":"https:\/\/freshmarket.md\/ru\/wp-json\/wp\/v2\/product_tag?post=2933"},{"taxonomy":"domeniu","embeddable":true,"href":"https:\/\/freshmarket.md\/ru\/wp-json\/wp\/v2\/domeniu?post=2933"}],"curies":[{"name":"wp","href":"https:\/\/api.w.org\/{rel}","templated":true}]}}