{"id":2935,"date":"2023-05-02T12:13:51","date_gmt":"2023-05-02T09:13:51","guid":{"rendered":"https:\/\/freshmarket.md\/?post_type=product&#038;p=2935"},"modified":"2026-04-30T11:11:18","modified_gmt":"2026-04-30T08:11:18","slug":"lamiie-spania","status":"publish","type":"product","link":"https:\/\/freshmarket.md\/ru\/product\/lamiie-spania\/","title":{"rendered":"L\u0103m\u00eeie Spania"},"content":{"rendered":"<p>\u041b\u0438\u043c\u043e\u043d - \u044d\u0442\u043e \u0444\u0440\u0443\u043a\u0442, \u0441\u043e\u0434\u0435\u0440\u0436\u0430\u0449\u0438\u0439 \u0444\u043b\u0430\u0432\u043e\u043d\u043e\u0438\u0434\u044b, \u0432\u0435\u0449\u0435\u0441\u0442\u0432\u0430, \u043e\u0431\u043b\u0430\u0434\u0430\u044e\u0449\u0438\u0435 \u0430\u043d\u0442\u0438\u043e\u043a\u0441\u0438\u0434\u0430\u043d\u0442\u043d\u044b\u043c\u0438 \u0438 \u0430\u043d\u0442\u0438\u043a\u0430\u043d\u0446\u0435\u0440\u043e\u0433\u0435\u043d\u043d\u044b\u043c\u0438 \u0441\u0432\u043e\u0439\u0441\u0442\u0432\u0430\u043c\u0438. \u041e\u043d \u0442\u0430\u043a\u0436\u0435 \u043f\u043e\u043c\u043e\u0433\u0430\u0435\u0442 \u043f\u0440\u0435\u0434\u043e\u0442\u0432\u0440\u0430\u0442\u0438\u0442\u044c \u0432\u043e\u0437\u043d\u0438\u043a\u043d\u043e\u0432\u0435\u043d\u0438\u0435 \u0434\u0438\u0430\u0431\u0435\u0442\u0430, \u0437\u0430\u043f\u043e\u0440\u043e\u0432, \u0432\u044b\u0441\u043e\u043a\u043e\u0433\u043e \u043a\u0440\u043e\u0432\u044f\u043d\u043e\u0433\u043e \u0434\u0430\u0432\u043b\u0435\u043d\u0438\u044f, \u0441\u043f\u043e\u0441\u043e\u0431\u0441\u0442\u0432\u0443\u0435\u0442 \u0443\u0445\u043e\u0434\u0443 \u0437\u0430 \u043a\u043e\u0436\u0435\u0439, \u0437\u0443\u0431\u0430\u043c\u0438, \u043d\u0435\u0441\u0432\u0430\u0440\u0435\u043d\u0438\u044e \u0436\u0435\u043b\u0443\u0434\u043a\u0430 \u0438 \u0434\u0440\u0443\u0433\u0438\u043c \u043f\u0440\u043e\u0431\u043b\u0435\u043c\u0430\u043c \u0441\u043e \u0437\u0434\u043e\u0440\u043e\u0432\u044c\u0435\u043c. \u041f\u043e\u043b\u043e\u0436\u0438\u0442\u0435\u043b\u044c\u043d\u043e\u0435 \u0432\u043b\u0438\u044f\u043d\u0438\u0435 \u043b\u0438\u043c\u043e\u043d\u0430 \u043d\u0430 \u0437\u0434\u043e\u0440\u043e\u0432\u044c\u0435 \u043e\u0431\u0443\u0441\u043b\u043e\u0432\u043b\u0435\u043d\u043e \u043d\u0435\u0441\u043a\u043e\u043b\u044c\u043a\u0438\u043c\u0438 \u043f\u0438\u0442\u0430\u0442\u0435\u043b\u044c\u043d\u044b\u043c\u0438 \u0432\u0435\u0449\u0435\u0441\u0442\u0432\u0430\u043c\u0438 \u0432 \u0435\u0433\u043e \u0441\u043e\u0441\u0442\u0430\u0432\u0435: \u0432\u0438\u0442\u0430\u043c\u0438\u043d\u043e\u043c \u0421, \u0432\u0438\u0442\u0430\u043c\u0438\u043d\u043e\u043c \u0412, \u0444\u043e\u0441\u0444\u043e\u0440\u043e\u043c, \u0431\u0435\u043b\u043a\u043e\u043c \u0438 \u0443\u0433\u043b\u0435\u0432\u043e\u0434\u0430\u043c\u0438.<\/p>","protected":false},"excerpt":{"rendered":"<p>Lam\u00eeia este un fruct care con\u021bine flavonoide, substan\u021be care de\u021bin propriet\u0103\u021bi cu rol antioxidant \u0219i anticancerigen. Aceasta ajut\u0103 \u0219i la pre\u00eent\u00eempinarea declan\u0219\u0103rii diabetului, a constipa\u021biei, hipertensiunii arteriale, contribuie la \u00eengrijirea pielii, a din\u021bilor, \u00een cazul indigestiei dar \u0219i a altor probleme de s\u0103n\u0103tate. Efectele pozitive ale lam\u00eeiei asupra s\u0103n\u0103ta\u021bii se datoreaz\u0103 mai multor elemente nutritive [&hellip;]<\/p>","protected":false},"featured_media":3005,"comment_status":"closed","ping_status":"closed","template":"","meta":[],"product_cat":[20,21],"product_tag":[],"domeniu":[],"acf":[],"_links":{"self":[{"href":"https:\/\/freshmarket.md\/ru\/wp-json\/wp\/v2\/product\/2935"}],"collection":[{"href":"https:\/\/freshmarket.md\/ru\/wp-json\/wp\/v2\/product"}],"about":[{"href":"https:\/\/freshmarket.md\/ru\/wp-json\/wp\/v2\/types\/product"}],"replies":[{"embeddable":true,"href":"https:\/\/freshmarket.md\/ru\/wp-json\/wp\/v2\/comments?post=2935"}],"wp:featuredmedia":[{"embeddable":true,"href":"https:\/\/freshmarket.md\/ru\/wp-json\/wp\/v2\/media\/3005"}],"wp:attachment":[{"href":"https:\/\/freshmarket.md\/ru\/wp-json\/wp\/v2\/media?parent=2935"}],"wp:term":[{"taxonomy":"product_cat","embeddable":true,"href":"https:\/\/freshmarket.md\/ru\/wp-json\/wp\/v2\/product_cat?post=2935"},{"taxonomy":"product_tag","embeddable":true,"href":"https:\/\/freshmarket.md\/ru\/wp-json\/wp\/v2\/product_tag?post=2935"},{"taxonomy":"domeniu","embeddable":true,"href":"https:\/\/freshmarket.md\/ru\/wp-json\/wp\/v2\/domeniu?post=2935"}],"curies":[{"name":"wp","href":"https:\/\/api.w.org\/{rel}","templated":true}]}}