{"id":2937,"date":"2023-05-02T12:20:28","date_gmt":"2023-05-02T09:20:28","guid":{"rendered":"https:\/\/freshmarket.md\/?post_type=product&#038;p=2937"},"modified":"2026-05-13T13:58:18","modified_gmt":"2026-05-13T10:58:18","slug":"struguri-roz","status":"publish","type":"product","link":"https:\/\/freshmarket.md\/ru\/product\/struguri-roz\/","title":{"rendered":"\u0420\u043e\u0437\u043e\u0432\u044b\u0439 \u0432\u0438\u043d\u043e\u0433\u0440\u0430\u0434"},"content":{"rendered":"<p>\u0412\u0438\u043d\u043e\u0433\u0440\u0430\u0434, \u0442\u0430\u043a\u0436\u0435 \u0438\u0437\u0432\u0435\u0441\u0442\u043d\u044b\u0439 \u043a\u0430\u043a \"\u043a\u043e\u0440\u043e\u043b\u044c \u0444\u0440\u0443\u043a\u0442\u043e\u0432\", \u044f\u0432\u043b\u044f\u0435\u0442\u0441\u044f \u043a\u043b\u0430\u0434\u0435\u0437\u0435\u043c \u043c\u043d\u043e\u0433\u043e\u0447\u0438\u0441\u043b\u0435\u043d\u043d\u044b\u0445 \u0444\u0438\u0442\u043e\u043d\u0443\u0442\u0440\u0438\u0435\u043d\u0442\u043e\u0432, \u0442\u0430\u043a\u0438\u0445 \u043a\u0430\u043a \u043f\u043e\u043b\u0438\u0444\u0435\u043d\u043e\u043b\u044b, \u0430\u043d\u0442\u0438\u043e\u043a\u0441\u0438\u0434\u0430\u043d\u0442\u044b, \u0432\u0438\u0442\u0430\u043c\u0438\u043d\u044b \u0438 \u043c\u0438\u043d\u0435\u0440\u0430\u043b\u044b. \u041f\u043e\u044d\u0442\u043e\u043c\u0443 \u0440\u0435\u0433\u0443\u043b\u044f\u0440\u043d\u043e \u0432\u043a\u043b\u044e\u0447\u0430\u0439\u0442\u0435 \u0438\u0445 \u0432 \u0441\u0432\u043e\u0439 \u0440\u0430\u0446\u0438\u043e\u043d \u0432 \u0432\u0438\u0434\u0435 \u0444\u0440\u0443\u043a\u0442\u043e\u0432, \u0441\u043e\u043a\u0430 \u0438\u043b\u0438 \u0432 \u0441\u0430\u043b\u0430\u0442\u0430\u0445. \u041a\u0440\u0430\u0441\u043d\u044b\u0439 \u0432\u0438\u043d\u043e\u0433\u0440\u0430\u0434 \u0441\u043e\u0434\u0435\u0440\u0436\u0438\u0442 \u0431\u043e\u043b\u044c\u0448\u043e\u0435 \u043a\u043e\u043b\u0438\u0447\u0435\u0441\u0442\u0432\u043e \u0430\u043d\u0442\u0438\u043e\u043a\u0441\u0438\u0434\u0430\u043d\u0442\u043e\u0432 \u0431\u043b\u0430\u0433\u043e\u0434\u0430\u0440\u044f \u0432\u0445\u043e\u0434\u044f\u0449\u0438\u043c \u0432 \u0435\u0433\u043e \u0441\u043e\u0441\u0442\u0430\u0432 \u0430\u043d\u0442\u043e\u0446\u0438\u0430\u043d\u0430\u043c, \u043a\u043e\u0442\u043e\u0440\u044b\u0435, \u043f\u043e\u043c\u0438\u043c\u043e \u0430\u043d\u0442\u0438\u043e\u043a\u0441\u0438\u0434\u0430\u043d\u0442\u043d\u043e\u0433\u043e \u044d\u0444\u0444\u0435\u043a\u0442\u0430, \u043f\u0440\u0438\u0434\u0430\u044e\u0442 \u0432\u0438\u043d\u043e\u0433\u0440\u0430\u0434\u0443 \u0446\u0432\u0435\u0442.<\/p>","protected":false},"excerpt":{"rendered":"<p>Strugurii, numi\u021bi \u0219i \u201eregii fructelor\u201d sunt un depozit de numero\u0219i fito-nutrien\u021bi, cum ar fi polifenolii, antioxidan\u021bii, vitamine \u0219i minerale. Deci, include-i regulat \u00een dieta ta, fie ca fructe, suc sau \u00een salate. Strugurii ro\u0219ii con\u021bin un num\u0103r mare de antioxidan\u021bi datorit\u0103 antocianinelor din compozi\u021bie, care pe l\u00e2ng\u0103 efectul antioxidant pe care \u00eel au, dau culoare [&hellip;]<\/p>","protected":false},"featured_media":3877,"comment_status":"closed","ping_status":"closed","template":"","meta":[],"product_cat":[20,47],"product_tag":[],"domeniu":[],"acf":[],"_links":{"self":[{"href":"https:\/\/freshmarket.md\/ru\/wp-json\/wp\/v2\/product\/2937"}],"collection":[{"href":"https:\/\/freshmarket.md\/ru\/wp-json\/wp\/v2\/product"}],"about":[{"href":"https:\/\/freshmarket.md\/ru\/wp-json\/wp\/v2\/types\/product"}],"replies":[{"embeddable":true,"href":"https:\/\/freshmarket.md\/ru\/wp-json\/wp\/v2\/comments?post=2937"}],"wp:featuredmedia":[{"embeddable":true,"href":"https:\/\/freshmarket.md\/ru\/wp-json\/wp\/v2\/media\/3877"}],"wp:attachment":[{"href":"https:\/\/freshmarket.md\/ru\/wp-json\/wp\/v2\/media?parent=2937"}],"wp:term":[{"taxonomy":"product_cat","embeddable":true,"href":"https:\/\/freshmarket.md\/ru\/wp-json\/wp\/v2\/product_cat?post=2937"},{"taxonomy":"product_tag","embeddable":true,"href":"https:\/\/freshmarket.md\/ru\/wp-json\/wp\/v2\/product_tag?post=2937"},{"taxonomy":"domeniu","embeddable":true,"href":"https:\/\/freshmarket.md\/ru\/wp-json\/wp\/v2\/domeniu?post=2937"}],"curies":[{"name":"wp","href":"https:\/\/api.w.org\/{rel}","templated":true}]}}