{"id":2938,"date":"2023-05-02T12:21:06","date_gmt":"2023-05-02T09:21:06","guid":{"rendered":"https:\/\/freshmarket.md\/?post_type=product&#038;p=2938"},"modified":"2026-04-14T09:59:11","modified_gmt":"2026-04-14T06:59:11","slug":"limes","status":"publish","type":"product","link":"https:\/\/freshmarket.md\/ru\/product\/limes\/","title":{"rendered":"\u041b\u0430\u0439\u043c"},"content":{"rendered":"<p>\u041f\u043b\u043e\u0434 \u043b\u0430\u0439\u043c\u0430 \u0438\u043b\u0438 \u043b\u0430\u0439\u043c - \u044d\u0442\u043e \u0440\u0430\u0437\u043d\u043e\u0432\u0438\u0434\u043d\u043e\u0441\u0442\u044c \u043b\u0430\u0439\u043c\u0430, \u0441 \u0433\u043e\u0440\u044c\u043a\u043e-\u043a\u0438\u0441\u043b\u044b\u043c \u0432\u043a\u0443\u0441\u043e\u043c \u0438 \u043e\u0447\u0435\u043d\u044c \u0441\u043e\u0447\u043d\u044b\u0439. \u0412 \u043e\u0441\u043d\u043e\u0432\u043d\u043e\u043c \u0435\u0433\u043e \u0438\u0441\u043f\u043e\u043b\u044c\u0437\u0443\u044e\u0442 \u0434\u043b\u044f \u043f\u0440\u0438\u0433\u043e\u0442\u043e\u0432\u043b\u0435\u043d\u0438\u044f \u043a\u043e\u043a\u0442\u0435\u0439\u043b\u0435\u0439, \u0442\u043e\u0440\u0442\u043e\u0432, \u0430 \u0442\u0430\u043a\u0436\u0435 \u0432 \u043f\u0430\u0440\u0444\u044e\u043c\u0435\u0440\u0438\u0438 \u0438 \u043a\u043e\u0441\u043c\u0435\u0442\u0438\u043a\u0435. \u0415\u0441\u043b\u0438 \u0435\u0441\u0442\u044c \u043b\u0430\u0439\u043c \u0438\u043b\u0438 \u043f\u0438\u0442\u044c \u0435\u0433\u043e \u0441\u043e\u043a, \u043c\u043e\u0436\u043d\u043e \u043f\u043e\u0432\u044b\u0441\u0438\u0442\u044c \u0438\u043c\u043c\u0443\u043d\u0438\u0442\u0435\u0442, \u0441\u043d\u0438\u0437\u0438\u0442\u044c \u0444\u0430\u043a\u0442\u043e\u0440\u044b \u0440\u0438\u0441\u043a\u0430 \u0441\u0435\u0440\u0434\u0435\u0447\u043d\u044b\u0445 \u0437\u0430\u0431\u043e\u043b\u0435\u0432\u0430\u043d\u0438\u0439, \u043f\u0440\u0435\u0434\u043e\u0442\u0432\u0440\u0430\u0442\u0438\u0442\u044c \u043e\u0431\u0440\u0430\u0437\u043e\u0432\u0430\u043d\u0438\u0435 \u043a\u0430\u043c\u043d\u0435\u0439 \u0432 \u043f\u043e\u0447\u043a\u0430\u0445, \u043f\u043e\u043c\u043e\u0447\u044c \u0443\u0441\u0432\u043e\u0435\u043d\u0438\u044e \u0436\u0435\u043b\u0435\u0437\u0430 \u0438 \u0441\u043f\u043e\u0441\u043e\u0431\u0441\u0442\u0432\u043e\u0432\u0430\u0442\u044c \u0437\u0434\u043e\u0440\u043e\u0432\u044c\u044e \u043a\u043e\u0436\u0438.<\/p>","protected":false},"excerpt":{"rendered":"<p>Fructul lime sau limeta este un soi de l\u0103m\u00e2ie verde, cu un gust acru-am\u0103rui \u0219i foarte suculent\u0103. Este folosit\u0103 \u00eendeosebi pentru cocktail-uri, pr\u0103jituri, dar \u0219i pentru parfumuri \u0219i cosmetice. Consumul de lime verde sau consumul de suc poate \u00eembun\u0103t\u0103\u021bi imunitatea, reduce factorii de risc pentru bolile de inim\u0103, previne pietrele la rinichi, ajut\u0103 la absorb\u021bia [&hellip;]<\/p>","protected":false},"featured_media":3006,"comment_status":"closed","ping_status":"closed","template":"","meta":[],"product_cat":[20,21],"product_tag":[],"domeniu":[],"acf":[],"_links":{"self":[{"href":"https:\/\/freshmarket.md\/ru\/wp-json\/wp\/v2\/product\/2938"}],"collection":[{"href":"https:\/\/freshmarket.md\/ru\/wp-json\/wp\/v2\/product"}],"about":[{"href":"https:\/\/freshmarket.md\/ru\/wp-json\/wp\/v2\/types\/product"}],"replies":[{"embeddable":true,"href":"https:\/\/freshmarket.md\/ru\/wp-json\/wp\/v2\/comments?post=2938"}],"wp:featuredmedia":[{"embeddable":true,"href":"https:\/\/freshmarket.md\/ru\/wp-json\/wp\/v2\/media\/3006"}],"wp:attachment":[{"href":"https:\/\/freshmarket.md\/ru\/wp-json\/wp\/v2\/media?parent=2938"}],"wp:term":[{"taxonomy":"product_cat","embeddable":true,"href":"https:\/\/freshmarket.md\/ru\/wp-json\/wp\/v2\/product_cat?post=2938"},{"taxonomy":"product_tag","embeddable":true,"href":"https:\/\/freshmarket.md\/ru\/wp-json\/wp\/v2\/product_tag?post=2938"},{"taxonomy":"domeniu","embeddable":true,"href":"https:\/\/freshmarket.md\/ru\/wp-json\/wp\/v2\/domeniu?post=2938"}],"curies":[{"name":"wp","href":"https:\/\/api.w.org\/{rel}","templated":true}]}}