{"id":2940,"date":"2023-05-02T12:23:43","date_gmt":"2023-05-02T09:23:43","guid":{"rendered":"https:\/\/freshmarket.md\/?post_type=product&#038;p=2940"},"modified":"2026-04-24T14:16:48","modified_gmt":"2026-04-24T11:16:48","slug":"pomelo","status":"publish","type":"product","link":"https:\/\/freshmarket.md\/ru\/product\/pomelo\/","title":{"rendered":"Pomelo ro\u0219u"},"content":{"rendered":"<h3 data-start=\"123\" data-end=\"173\">Pomelo Ro\u0219u \u2013 fruct exotic, suculent \u0219i aromat<\/h3>\n<p data-start=\"175\" data-end=\"440\"><strong data-start=\"175\" data-end=\"190\">Pomelo ro\u0219u<\/strong> este un fruct exotic din familia citricelor, apreciat pentru gustul s\u0103u echilibrat, dulce-acri\u0219or \u0219i pulpa roz-ro\u0219iatic\u0103, foarte suculent\u0103. Are un con\u021binut ridicat de <strong data-start=\"358\" data-end=\"372\">vitamina C<\/strong>, antioxidan\u021bi \u0219i fibre, fiind ideal pentru o alimenta\u021bie s\u0103n\u0103toas\u0103.<\/p>\n<p data-start=\"442\" data-end=\"712\">Coaja groas\u0103 protejeaz\u0103 miezul delicat, care se cur\u0103\u021b\u0103 u\u0219or \u0219i poate fi consumat ca atare sau ad\u0103ugat \u00een <strong data-start=\"547\" data-end=\"608\">salate, deserturi, sucuri proaspete \u0219i preparate culinare<\/strong>. Pomelo ro\u0219u este mai dulce \u0219i mai aromat dec\u00e2t grapefruitul, f\u0103r\u0103 am\u0103reala intens\u0103 specific\u0103 acestuia.<\/p>\n<p data-start=\"714\" data-end=\"839\">\u2714 Gust proasp\u0103t \u0219i revigorant<br data-start=\"743\" data-end=\"746\" \/>\u2714 Surs\u0103 natural\u0103 de vitamine \u0219i minerale<br data-start=\"786\" data-end=\"789\" \/>\u2714 Ideal pentru consum zilnic sau re\u021bete creative<\/p>","protected":false},"excerpt":{"rendered":"<p>Pomelo Ro\u0219u \u2013 fruct exotic, suculent \u0219i aromat Pomelo ro\u0219u este un fruct exotic din familia citricelor, apreciat pentru gustul s\u0103u echilibrat, dulce-acri\u0219or \u0219i pulpa roz-ro\u0219iatic\u0103, foarte suculent\u0103. Are un con\u021binut ridicat de vitamina C, antioxidan\u021bi \u0219i fibre, fiind ideal pentru o alimenta\u021bie s\u0103n\u0103toas\u0103. Coaja groas\u0103 protejeaz\u0103 miezul delicat, care se cur\u0103\u021b\u0103 u\u0219or \u0219i poate [&hellip;]<\/p>","protected":false},"featured_media":4110,"comment_status":"closed","ping_status":"closed","template":"","meta":[],"product_cat":[20,21],"product_tag":[],"domeniu":[],"acf":[],"_links":{"self":[{"href":"https:\/\/freshmarket.md\/ru\/wp-json\/wp\/v2\/product\/2940"}],"collection":[{"href":"https:\/\/freshmarket.md\/ru\/wp-json\/wp\/v2\/product"}],"about":[{"href":"https:\/\/freshmarket.md\/ru\/wp-json\/wp\/v2\/types\/product"}],"replies":[{"embeddable":true,"href":"https:\/\/freshmarket.md\/ru\/wp-json\/wp\/v2\/comments?post=2940"}],"wp:featuredmedia":[{"embeddable":true,"href":"https:\/\/freshmarket.md\/ru\/wp-json\/wp\/v2\/media\/4110"}],"wp:attachment":[{"href":"https:\/\/freshmarket.md\/ru\/wp-json\/wp\/v2\/media?parent=2940"}],"wp:term":[{"taxonomy":"product_cat","embeddable":true,"href":"https:\/\/freshmarket.md\/ru\/wp-json\/wp\/v2\/product_cat?post=2940"},{"taxonomy":"product_tag","embeddable":true,"href":"https:\/\/freshmarket.md\/ru\/wp-json\/wp\/v2\/product_tag?post=2940"},{"taxonomy":"domeniu","embeddable":true,"href":"https:\/\/freshmarket.md\/ru\/wp-json\/wp\/v2\/domeniu?post=2940"}],"curies":[{"name":"wp","href":"https:\/\/api.w.org\/{rel}","templated":true}]}}