{"id":2962,"date":"2023-05-02T12:55:15","date_gmt":"2023-05-02T09:55:15","guid":{"rendered":"https:\/\/freshmarket.md\/?post_type=product&#038;p=2962"},"modified":"2026-04-14T09:59:14","modified_gmt":"2026-04-14T06:59:14","slug":"praz","status":"publish","type":"product","link":"https:\/\/freshmarket.md\/ru\/product\/praz\/","title":{"rendered":"\u041b\u0443\u043a-\u043f\u043e\u0440\u0435\u0439"},"content":{"rendered":"<p>\u041b\u0443\u043a-\u043f\u043e\u0440\u0435\u0439 - \u0441\u043e\u0447\u0435\u0442\u0430\u0435\u0442 \u0432 \u0441\u0435\u0431\u0435 \u0432\u043a\u0443\u0441\u043e\u0432\u044b\u0435 \u0438 \u043f\u043e\u043b\u0435\u0437\u043d\u044b\u0435 \u0441\u0432\u043e\u0439\u0441\u0442\u0432\u0430 \u0440\u0435\u043f\u0447\u0430\u0442\u043e\u0433\u043e \u043b\u0443\u043a\u0430, \u0438\u043c\u0435\u0435\u0442 \u0445\u0430\u0440\u0430\u043a\u0442\u0435\u0440\u043d\u044b\u0439 \u043f\u0440\u044f\u043d\u044b\u0439 \u0432\u043a\u0443\u0441 \u0438 \u0430\u0440\u043e\u043c\u0430\u0442. \u041e\u043d \u043f\u0440\u0435\u043a\u0440\u0430\u0441\u043d\u043e \u0437\u0430\u0440\u0435\u043a\u043e\u043c\u0435\u043d\u0434\u043e\u0432\u0430\u043b \u0441\u0435\u0431\u044f \u0432 \u043f\u0440\u0438\u0433\u043e\u0442\u043e\u0432\u043b\u0435\u043d\u0438\u0438 \u043c\u043d\u043e\u0436\u0435\u0441\u0442\u0432\u0430 \u0431\u043b\u044e\u0434, \u0432 \u0441\u043e\u0441\u0442\u0430\u0432\u0435 \u0441\u0430\u043b\u0430\u0442\u043e\u0432, \u0441\u0443\u043f\u043e\u0432, \u043c\u0430\u0440\u0438\u043d\u0430\u0434\u043e\u0432. \u0421\u0435\u0440\u0430 \u0432 \u0441\u043e\u0441\u0442\u0430\u0432\u0435 \u0443\u043a\u0440\u0435\u043f\u043b\u044f\u0435\u0442 \u0441\u0435\u0440\u0434\u0435\u0447\u043d\u0443\u044e \u043c\u044b\u0448\u0446\u0443 \u0438 \u043e\u0447\u0438\u0449\u0430\u0435\u0442 \u043a\u0440\u043e\u0432\u044c, \u0430 \u0440\u0435\u0433\u0443\u043b\u044f\u0440\u043d\u043e\u0435 \u0443\u043f\u043e\u0442\u0440\u0435\u0431\u043b\u0435\u043d\u0438\u0435 \u043f\u043e\u0437\u0432\u043e\u043b\u044f\u0435\u0442 \u043e\u0447\u0438\u0441\u0442\u0438\u0442\u044c \u043e\u0440\u0433\u0430\u043d\u0438\u0437\u043c \u043e\u0442 \u043f\u0430\u0440\u0430\u0437\u0438\u0442\u043e\u0432, \u0442\u044f\u0436\u0435\u043b\u044b\u0445 \u043c\u0435\u0442\u0430\u043b\u043b\u043e\u0432. \u0421\u043e\u0441\u0442\u0430\u0432 \u0431\u043e\u0433\u0430\u0442 \u0442\u0430\u043a\u0438\u043c\u0438 \u0432\u0438\u0442\u0430\u043c\u0438\u043d\u0430\u043c\u0438 \u0438 \u043c\u0438\u043a\u0440\u043e\u044d\u043b\u0435\u043c\u0435\u043d\u0442\u0430\u043c\u0438 \u043a\u0430\u043a: \u0432\u0438\u0442\u0430\u043c\u0438\u043d \u0421, \u0410, \u041a, \u0412, \u043a\u043e\u0431\u0430\u043b\u044c\u0442, \u043c\u0430\u0440\u0433\u0430\u043d\u0435\u0446, \u0444\u043e\u0441\u0444\u043e\u0440, \u043c\u0430\u0433\u043d\u0438\u0439. \u041a\u0430\u043b\u043e\u0440\u0438\u0439\u043d\u043e\u0441\u0442\u044c: 61 \u043a\u043a\u0430\u043b \u043d\u0430 100 \u0433\u0440\u0430\u043c\u043c. \u0425\u0438\u043c\u0438\u0447\u0435\u0441\u043a\u0438\u0439 \u0441\u043e\u0441\u0442\u0430\u0432: \u0431\u0435\u043b\u043a\u0438 - 1,4 \u0433, \u0436\u0438\u0440\u044b - 0,4 \u0433, \u0443\u0433\u043b\u0435\u0432\u043e\u0434\u044b - 12,4 \u0433<\/p>","protected":false},"excerpt":{"rendered":"<p>Praz &#8211; combin\u0103 gustul \u0219i propriet\u0103\u021bile utile ale cepei, are un gust \u0219i o arom\u0103 picante caracteristice. S-a dovedit perfect \u00een preg\u0103tirea unui num\u0103r de feluri de m\u00e2ncare, ca parte a salatelor, supelor, marinatelor. Sulful din compozi\u021bie \u00eent\u0103re\u0219te mu\u0219chiul inimii \u0219i cur\u0103\u021b\u0103 s\u00e2ngele, iar utilizarea regulat\u0103 poate cur\u0103\u021ba organismul de parazi\u021bi, metale grele. Compozi\u021bia este [&hellip;]<\/p>","protected":false},"featured_media":3021,"comment_status":"closed","ping_status":"closed","template":"","meta":[],"product_cat":[44],"product_tag":[],"domeniu":[],"acf":[],"_links":{"self":[{"href":"https:\/\/freshmarket.md\/ru\/wp-json\/wp\/v2\/product\/2962"}],"collection":[{"href":"https:\/\/freshmarket.md\/ru\/wp-json\/wp\/v2\/product"}],"about":[{"href":"https:\/\/freshmarket.md\/ru\/wp-json\/wp\/v2\/types\/product"}],"replies":[{"embeddable":true,"href":"https:\/\/freshmarket.md\/ru\/wp-json\/wp\/v2\/comments?post=2962"}],"wp:featuredmedia":[{"embeddable":true,"href":"https:\/\/freshmarket.md\/ru\/wp-json\/wp\/v2\/media\/3021"}],"wp:attachment":[{"href":"https:\/\/freshmarket.md\/ru\/wp-json\/wp\/v2\/media?parent=2962"}],"wp:term":[{"taxonomy":"product_cat","embeddable":true,"href":"https:\/\/freshmarket.md\/ru\/wp-json\/wp\/v2\/product_cat?post=2962"},{"taxonomy":"product_tag","embeddable":true,"href":"https:\/\/freshmarket.md\/ru\/wp-json\/wp\/v2\/product_tag?post=2962"},{"taxonomy":"domeniu","embeddable":true,"href":"https:\/\/freshmarket.md\/ru\/wp-json\/wp\/v2\/domeniu?post=2962"}],"curies":[{"name":"wp","href":"https:\/\/api.w.org\/{rel}","templated":true}]}}