{"id":2965,"date":"2023-05-02T12:57:17","date_gmt":"2023-05-02T09:57:17","guid":{"rendered":"https:\/\/freshmarket.md\/?post_type=product&#038;p=2965"},"modified":"2026-04-14T09:59:14","modified_gmt":"2026-04-14T06:59:14","slug":"ridiche-rosie","status":"publish","type":"product","link":"https:\/\/freshmarket.md\/ru\/product\/ridiche-rosie\/","title":{"rendered":"\u041a\u0440\u0430\u0441\u043d\u0430\u044f \u0440\u0435\u0434\u044c\u043a\u0430"},"content":{"rendered":"<p data-start=\"195\" data-end=\"449\">Ridichea ro\u0219ie este o legum\u0103 proasp\u0103t\u0103 \u0219i crocant\u0103, apreciat\u0103 pentru gustul s\u0103u u\u0219or picant \u0219i pentru aportul bogat de nutrien\u021bi. Con\u021bine vitamine \u0219i minerale esen\u021biale care sus\u021bin buna func\u021bionare a organismului \u0219i completeaz\u0103 o alimenta\u021bie echilibrat\u0103.<\/p>\n<p data-start=\"451\" data-end=\"716\">Datorit\u0103 con\u021binutului ridicat de ap\u0103 \u0219i fibre, ridichea ro\u0219ie contribuie la digestie \u0219i la men\u021binerea senza\u021biei de sa\u021bietate. Este recunoscut\u0103 pentru propriet\u0103\u021bile sale antioxidante \u0219i pentru rolul de sus\u021binere a proceselor naturale de detoxifiere ale organismului.<\/p>\n<p data-start=\"718\" data-end=\"902\">Consumat\u0103 proasp\u0103t\u0103, \u00een salate sau ca garnitur\u0103, ridichea ro\u0219ie aduce un plus de prospe\u021bime, culoare \u0219i savoare meselor zilnice, fiind o alegere ideal\u0103 pentru un stil de via\u021b\u0103 s\u0103n\u0103tos.<\/p>","protected":false},"excerpt":{"rendered":"<p>Ridichea ro\u0219ie este o legum\u0103 proasp\u0103t\u0103 \u0219i crocant\u0103, apreciat\u0103 pentru gustul s\u0103u u\u0219or picant \u0219i pentru aportul bogat de nutrien\u021bi. Con\u021bine vitamine \u0219i minerale esen\u021biale care sus\u021bin buna func\u021bionare a organismului \u0219i completeaz\u0103 o alimenta\u021bie echilibrat\u0103. Datorit\u0103 con\u021binutului ridicat de ap\u0103 \u0219i fibre, ridichea ro\u0219ie contribuie la digestie \u0219i la men\u021binerea senza\u021biei de sa\u021bietate. Este [&hellip;]<\/p>","protected":false},"featured_media":3023,"comment_status":"closed","ping_status":"closed","template":"","meta":[],"product_cat":[44],"product_tag":[],"domeniu":[],"acf":[],"_links":{"self":[{"href":"https:\/\/freshmarket.md\/ru\/wp-json\/wp\/v2\/product\/2965"}],"collection":[{"href":"https:\/\/freshmarket.md\/ru\/wp-json\/wp\/v2\/product"}],"about":[{"href":"https:\/\/freshmarket.md\/ru\/wp-json\/wp\/v2\/types\/product"}],"replies":[{"embeddable":true,"href":"https:\/\/freshmarket.md\/ru\/wp-json\/wp\/v2\/comments?post=2965"}],"wp:featuredmedia":[{"embeddable":true,"href":"https:\/\/freshmarket.md\/ru\/wp-json\/wp\/v2\/media\/3023"}],"wp:attachment":[{"href":"https:\/\/freshmarket.md\/ru\/wp-json\/wp\/v2\/media?parent=2965"}],"wp:term":[{"taxonomy":"product_cat","embeddable":true,"href":"https:\/\/freshmarket.md\/ru\/wp-json\/wp\/v2\/product_cat?post=2965"},{"taxonomy":"product_tag","embeddable":true,"href":"https:\/\/freshmarket.md\/ru\/wp-json\/wp\/v2\/product_tag?post=2965"},{"taxonomy":"domeniu","embeddable":true,"href":"https:\/\/freshmarket.md\/ru\/wp-json\/wp\/v2\/domeniu?post=2965"}],"curies":[{"name":"wp","href":"https:\/\/api.w.org\/{rel}","templated":true}]}}