{"id":2966,"date":"2023-05-02T12:58:11","date_gmt":"2023-05-02T09:58:11","guid":{"rendered":"https:\/\/freshmarket.md\/?post_type=product&#038;p=2966"},"modified":"2026-04-14T09:59:14","modified_gmt":"2026-04-14T06:59:14","slug":"rozmarin","status":"publish","type":"product","link":"https:\/\/freshmarket.md\/ru\/product\/rozmarin\/","title":{"rendered":"Rozmarin, 50g"},"content":{"rendered":"<p>\u0420\u043e\u0437\u043c\u0430\u0440\u0438\u043d - \u044d\u0442\u043e \u0442\u0440\u0430\u0432\u0430, \u043a\u043e\u0442\u043e\u0440\u0430\u044f \u043d\u0430 \u043f\u0440\u043e\u0442\u044f\u0436\u0435\u043d\u0438\u0438 \u0432\u0435\u043a\u043e\u0432 \u0438\u0441\u043f\u043e\u043b\u044c\u0437\u043e\u0432\u0430\u043b\u0430\u0441\u044c \u0432 \u043a\u0443\u043b\u0438\u043d\u0430\u0440\u0438\u0438, \u0430\u0440\u043e\u043c\u0430\u0442\u0435\u0440\u0430\u043f\u0438\u0438 \u0438 \u043c\u0435\u0434\u0438\u0446\u0438\u043d\u0435 \u0431\u043b\u0430\u0433\u043e\u0434\u0430\u0440\u044f \u0441\u0432\u043e\u0438\u043c \u043f\u043e\u043b\u0435\u0437\u043d\u044b\u043c \u0441\u0432\u043e\u0439\u0441\u0442\u0432\u0430\u043c \u0434\u043b\u044f \u043e\u0440\u0433\u0430\u043d\u0438\u0437\u043c\u0430. \u0412 \u043d\u0430\u0441\u0442\u043e\u044f\u0449\u0435\u0435 \u0432\u0440\u0435\u043c\u044f \u043b\u0438\u0441\u0442\u044c\u044f \u0440\u043e\u0437\u043c\u0430\u0440\u0438\u043d\u0430 \u0438\u0441\u043f\u043e\u043b\u044c\u0437\u0443\u044e\u0442\u0441\u044f \u0432 \u043a\u0430\u0447\u0435\u0441\u0442\u0432\u0435 \u0441\u043f\u0435\u0446\u0438\u0438 \u0434\u043b\u044f \u043f\u0440\u0438\u0433\u043e\u0442\u043e\u0432\u043b\u0435\u043d\u0438\u044f \u043f\u0438\u0449\u0438 \u0431\u043b\u0430\u0433\u043e\u0434\u0430\u0440\u044f \u0441\u0432\u043e\u0435\u043c\u0443 \u043d\u0430\u0441\u044b\u0449\u0435\u043d\u043d\u043e\u043c\u0443 \u0430\u0440\u043e\u043c\u0430\u0442\u0443. \u0420\u043e\u0437\u043c\u0430\u0440\u0438\u043d \u0442\u0430\u043a\u0436\u0435 \u0431\u043e\u0433\u0430\u0442 \u043a\u0430\u043b\u044c\u0446\u0438\u0435\u043c, \u0436\u0435\u043b\u0435\u0437\u043e\u043c \u0438 \u0432\u0438\u0442\u0430\u043c\u0438\u043d\u043e\u043c \u04126. \u0420\u043e\u0437\u043c\u0430\u0440\u0438\u043d \u043c\u043e\u0436\u043d\u043e \u0438\u0441\u043f\u043e\u043b\u044c\u0437\u043e\u0432\u0430\u0442\u044c \u0432 \u0432\u0438\u0434\u0435 \u0441\u0443\u0448\u0435\u043d\u043e\u0439 \u0442\u0440\u0430\u0432\u044b \u0438\u043b\u0438 \u043f\u043e\u0440\u043e\u0448\u043a\u043e\u043e\u0431\u0440\u0430\u0437\u043d\u043e\u0433\u043e \u044d\u043a\u0441\u0442\u0440\u0430\u043a\u0442\u0430 \u0434\u043b\u044f \u043f\u0440\u0438\u0433\u043e\u0442\u043e\u0432\u043b\u0435\u043d\u0438\u044f \u0447\u0430\u0435\u0432 \u0438 \u0440\u0430\u0437\u043b\u0438\u0447\u043d\u044b\u0445 \u0434\u0438\u0435\u0442\u0438\u0447\u0435\u0441\u043a\u0438\u0445 \u0434\u043e\u0431\u0430\u0432\u043e\u043a.<\/p>","protected":false},"excerpt":{"rendered":"<p>Rozmarinul este o plant\u0103 care a fost folosit\u0103 de-a lungul timpului in domeniul culinar, \u00een aromaterapie, dar \u0219i \u00een medicin\u0103, datorit\u0103 proprietatilor sale benefice pentru organism. \u00cen prezent, frunzele de rozmarin sunt folosite drept mirodenie pentru prepararea alimentelor, datorit\u0103 aromei bogate. Rozmarinul are \u00een acela\u0219i timp un con\u021binut ridicat de calciu, fier \u0219i vitamina B6. [&hellip;]<\/p>","protected":false},"featured_media":3025,"comment_status":"closed","ping_status":"closed","template":"","meta":[],"product_cat":[44],"product_tag":[],"domeniu":[],"acf":[],"_links":{"self":[{"href":"https:\/\/freshmarket.md\/ru\/wp-json\/wp\/v2\/product\/2966"}],"collection":[{"href":"https:\/\/freshmarket.md\/ru\/wp-json\/wp\/v2\/product"}],"about":[{"href":"https:\/\/freshmarket.md\/ru\/wp-json\/wp\/v2\/types\/product"}],"replies":[{"embeddable":true,"href":"https:\/\/freshmarket.md\/ru\/wp-json\/wp\/v2\/comments?post=2966"}],"wp:featuredmedia":[{"embeddable":true,"href":"https:\/\/freshmarket.md\/ru\/wp-json\/wp\/v2\/media\/3025"}],"wp:attachment":[{"href":"https:\/\/freshmarket.md\/ru\/wp-json\/wp\/v2\/media?parent=2966"}],"wp:term":[{"taxonomy":"product_cat","embeddable":true,"href":"https:\/\/freshmarket.md\/ru\/wp-json\/wp\/v2\/product_cat?post=2966"},{"taxonomy":"product_tag","embeddable":true,"href":"https:\/\/freshmarket.md\/ru\/wp-json\/wp\/v2\/product_tag?post=2966"},{"taxonomy":"domeniu","embeddable":true,"href":"https:\/\/freshmarket.md\/ru\/wp-json\/wp\/v2\/domeniu?post=2966"}],"curies":[{"name":"wp","href":"https:\/\/api.w.org\/{rel}","templated":true}]}}