{"id":2968,"date":"2023-05-02T12:59:25","date_gmt":"2023-05-02T09:59:25","guid":{"rendered":"https:\/\/freshmarket.md\/?post_type=product&#038;p=2968"},"modified":"2026-04-14T09:59:14","modified_gmt":"2026-04-14T06:59:14","slug":"salata-lollo-rosie","status":"publish","type":"product","link":"https:\/\/freshmarket.md\/ru\/product\/salata-lollo-rosie\/","title":{"rendered":"Salat\u0103 Lolla ro\u0219ie, 1 buc"},"content":{"rendered":"<p>\u041a\u0440\u0430\u0441\u043d\u044b\u0439 \u0441\u0430\u043b\u0430\u0442 \u041b\u043e\u043b\u043b\u043e \u0438\u043c\u0435\u0435\u0442 \u043d\u0435\u0436\u043d\u044b\u0435 \u044f\u0440\u043a\u043e-\u0444\u0438\u043e\u043b\u0435\u0442\u043e\u0432\u044b\u0435 \u043b\u0438\u0441\u0442\u044c\u044f \u0441 \u043e\u0441\u0432\u0435\u0436\u0430\u044e\u0449\u0438\u043c \u043d\u0435\u0439\u0442\u0440\u0430\u043b\u044c\u043d\u044b\u043c \u0432\u043a\u0443\u0441\u043e\u043c. \u0427\u0430\u0449\u0435 \u0432\u0441\u0435\u0433\u043e \u0438\u0441\u043f\u043e\u043b\u044c\u0437\u0443\u0435\u0442\u0441\u044f \u0432 \u0441\u044b\u0440\u043e\u043c \u0432\u0438\u0434\u0435, \u0434\u043b\u044f \u0433\u0430\u0440\u043d\u0438\u0440\u0430 \u043a \u0431\u043b\u044e\u0434\u0430\u043c \u0438 \u0432 \u0441\u043e\u0441\u0442\u0430\u0432\u0435 \u0441\u0430\u043b\u0430\u0442\u043e\u0432, \u0432 \u0441\u043e\u0447\u0435\u0442\u0430\u043d\u0438\u0438 \u0441 \u043a\u0443\u0440\u0438\u0446\u0435\u0439, \u0440\u044b\u0431\u043e\u0439, \u043c\u044f\u0441\u043e\u043c, \u043c\u043e\u0440\u0435\u043f\u0440\u043e\u0434\u0443\u043a\u0442\u0430\u043c\u0438. \u041e\u043d \u0438\u0434\u0435\u0430\u043b\u044c\u043d\u043e \u0432\u043f\u0438\u0448\u0435\u0442\u0441\u044f \u0432 \u0432\u0430\u0448\u0443 \u0434\u0438\u0435\u0442\u0438\u0447\u0435\u0441\u043a\u0443\u044e \u043f\u0440\u043e\u0433\u0440\u0430\u043c\u043c\u0443, \u0442\u0430\u043a \u043a\u0430\u043a \u0435\u0433\u043e \u043a\u0430\u043b\u043e\u0440\u0438\u0439\u043d\u043e\u0441\u0442\u044c \u0441\u043e\u0441\u0442\u0430\u0432\u043b\u044f\u0435\u0442 \u0432\u0441\u0435\u0433\u043e 16 \u043a\u043a\u0430\u043b. \u042d\u0442\u0430 \u043a\u0443\u043b\u044c\u0442\u0443\u0440\u0430 \u0441\u043e\u0434\u0435\u0440\u0436\u0438\u0442 \u0432 \u0441\u0432\u043e\u0435\u043c \u0441\u043e\u0441\u0442\u0430\u0432\u0435 \u0440\u044f\u0434 \u043f\u043e\u043b\u0435\u0437\u043d\u044b\u0445 \u0432\u0435\u0449\u0435\u0441\u0442\u0432, \u0430 \u0438\u043c\u0435\u043d\u043d\u043e: \u0441\u0435\u043b\u0435\u043d, \u0444\u043e\u0441\u0444\u043e\u0440, \u0446\u0438\u043d\u043a, \u043a\u0430\u043b\u0438\u0439, \u043a\u0430\u043b\u044c\u0446\u0438\u0439, \u043c\u0435\u0434\u044c, \u0432\u0438\u0442\u0430\u043c\u0438\u043d\u044b \u0412 9, \u041a, \u0421. \u0423\u043b\u0443\u0447\u0448\u0430\u0435\u0442 \u0430\u043f\u043f\u0435\u0442\u0438\u0442, \u0443\u043a\u0440\u0435\u043f\u043b\u044f\u0435\u0442 \u0438\u043c\u043c\u0443\u043d\u043d\u0443\u044e \u0441\u0438\u0441\u0442\u0435\u043c\u0443, \u0443\u0441\u043a\u043e\u0440\u044f\u0435\u0442 \u043e\u0431\u043c\u0435\u043d \u0432\u0435\u0449\u0435\u0441\u0442\u0432. \u041a\u0430\u043b\u043e\u0440\u0438\u0439\u043d\u043e\u0441\u0442\u044c: 16 \u043a\u043a\u0430\u043b \u043d\u0430 100 \u0433\u0440\u0430\u043c\u043c. \u0425\u0438\u043c\u0438\u0447\u0435\u0441\u043a\u0438\u0439 \u0441\u043e\u0441\u0442\u0430\u0432: \u0431\u0435\u043b\u043a\u0438 - 1,5 \u0433, \u0436\u0438\u0440\u044b - 0,2 \u0433, \u0443\u0433\u043b\u0435\u0432\u043e\u0434\u044b - 2 \u0433.<\/p>","protected":false},"excerpt":{"rendered":"<p>Salata Lolo Rosso are frunze delicate de culoare violet str\u0103lucitor, cu gust revigorant neutru. Cel mai adesea folosit\u0103 crud, pentru a decora feluri de m\u00e2ncare \u0219i ca parte a salatelor, combinat cu pui, pe\u0219te, carne, fructe de mare. Se va potrivi ideal \u00een programul de diet\u0103, deoarece con\u021binutul de calorii este de doar 16 kcal. [&hellip;]<\/p>","protected":false},"featured_media":3027,"comment_status":"closed","ping_status":"closed","template":"","meta":[],"product_cat":[44],"product_tag":[],"domeniu":[],"acf":[],"_links":{"self":[{"href":"https:\/\/freshmarket.md\/ru\/wp-json\/wp\/v2\/product\/2968"}],"collection":[{"href":"https:\/\/freshmarket.md\/ru\/wp-json\/wp\/v2\/product"}],"about":[{"href":"https:\/\/freshmarket.md\/ru\/wp-json\/wp\/v2\/types\/product"}],"replies":[{"embeddable":true,"href":"https:\/\/freshmarket.md\/ru\/wp-json\/wp\/v2\/comments?post=2968"}],"wp:featuredmedia":[{"embeddable":true,"href":"https:\/\/freshmarket.md\/ru\/wp-json\/wp\/v2\/media\/3027"}],"wp:attachment":[{"href":"https:\/\/freshmarket.md\/ru\/wp-json\/wp\/v2\/media?parent=2968"}],"wp:term":[{"taxonomy":"product_cat","embeddable":true,"href":"https:\/\/freshmarket.md\/ru\/wp-json\/wp\/v2\/product_cat?post=2968"},{"taxonomy":"product_tag","embeddable":true,"href":"https:\/\/freshmarket.md\/ru\/wp-json\/wp\/v2\/product_tag?post=2968"},{"taxonomy":"domeniu","embeddable":true,"href":"https:\/\/freshmarket.md\/ru\/wp-json\/wp\/v2\/domeniu?post=2968"}],"curies":[{"name":"wp","href":"https:\/\/api.w.org\/{rel}","templated":true}]}}