{"id":2976,"date":"2023-05-02T13:09:35","date_gmt":"2023-05-02T10:09:35","guid":{"rendered":"https:\/\/freshmarket.md\/?post_type=product&#038;p=2976"},"modified":"2026-04-14T09:59:15","modified_gmt":"2026-04-14T06:59:15","slug":"ciuperci-pastrav","status":"publish","type":"product","link":"https:\/\/freshmarket.md\/ru\/product\/ciuperci-pastrav\/","title":{"rendered":"\u0412\u0451\u0448\u0435\u043d\u043a\u0430"},"content":{"rendered":"<p>\u0413\u0440\u0438\u0431\u044b \u0412\u0451\u0448\u0435\u043d\u043a\u0430- \u044d\u0442\u043e \u043f\u043e\u043b\u0435\u0437\u043d\u044b\u0435 \u0438 \u043f\u0438\u0442\u0430\u0442\u0435\u043b\u044c\u043d\u044b\u0435 \u0433\u0440\u0438\u0431\u044b \u0441 \u043e\u0442\u043b\u0438\u0447\u043d\u044b\u043c \u0432\u043a\u0443\u0441\u043e\u043c. \u041d\u0435\u0437\u0430\u0432\u0438\u0441\u0438\u043c\u043e \u043e\u0442 \u0441\u0435\u0437\u043e\u043d\u0430, \u0432\u044b \u0432\u0441\u0435\u0433\u0434\u0430 \u043c\u043e\u0436\u0435\u0442\u0435 \u0437\u0430\u043a\u0430\u0437\u0430\u0442\u044c \u0438\u0445 \u0432 \u043d\u0430\u0448\u0435\u043c \u043c\u0430\u0433\u0430\u0437\u0438\u043d\u0435. \u041e\u043d\u0438 \u0438\u0441\u043f\u043e\u043b\u044c\u0437\u0443\u044e\u0442\u0441\u044f \u0432 \u0442\u0443\u0448\u0435\u043d\u044b\u0445, \u043c\u044f\u0441\u043d\u044b\u0445 \u0438 \u0440\u044b\u0431\u043d\u044b\u0445 \u0431\u043b\u044e\u0434\u0430\u0445. \u0413\u0440\u0438\u0431\u044b \u0431\u043e\u0433\u0430\u0442\u044b \u0440\u0430\u0441\u0442\u0438\u0442\u0435\u043b\u044c\u043d\u044b\u043c \u0431\u0435\u043b\u043a\u043e\u043c. \u041a\u0430\u043b\u043e\u0440\u0438\u0439\u043d\u043e\u0441\u0442\u044c 100 \u0433 \u043f\u0440\u043e\u0434\u0443\u043a\u0442\u0430 \u0441\u043e\u0441\u0442\u0430\u0432\u043b\u044f\u0435\u0442 30 \u043a\u043a\u0430\u043b. \u0411\u0435\u043b\u043e\u043a, 3,7 \u0433 \u0416\u0438\u0440, 1,1 \u0433 \u0423\u0433\u043b\u0435\u0432\u043e\u0434\u044b, 1,7 \u0433 \u0412\u0438\u0442\u0430\u043c\u0438\u043d\u043d\u044b\u0439 \u0441\u043e\u0441\u0442\u0430\u0432: \u0431\u0435\u0442\u0430-\u043a\u0430\u0440\u043e\u0442\u0438\u043d, \u0444\u043e\u043b\u0438\u0435\u0432\u0430\u044f \u043a\u0438\u0441\u043b\u043e\u0442\u0430, \u0432\u0438\u0442\u0430\u043c\u0438\u043d\u044b \u0433\u0440\u0443\u043f\u043f \u0412, \u0410, \u0412 1, \u0412 2, \u0412 5, \u0412 6, \u0421, \u041d \u0438 \u0420\u0420, \u0430 \u0442\u0430\u043a\u0436\u0435: \u043a\u0430\u043b\u0438\u0439, \u043a\u0430\u043b\u044c\u0446\u0438\u0439, \u043c\u0430\u0433\u043d\u0438\u0439, \u0446\u0438\u043d\u043a, \u0436\u0435\u043b\u0435\u0437\u043e.<\/p>","protected":false},"excerpt":{"rendered":"<p>Ciupercile P\u0103strav sunt ciuperci s\u0103n\u0103toase \u0219i hr\u0103nitoare, cu un gust excelent. Indiferent de sezon, le po\u021bi comanda oric\u00e2nd \u00een magazinul nostru. Se folosesc la prepararea tocanelor, a preparatelor din carne, pe\u0219te. Ciupercile sunt bogate \u00een con\u021binut de proteine \u200b\u200bvegetale. Con\u021binutul de calorii din 100 g de produs este de 30 kcal. Proteine, 3,7 g Gr\u0103simi, [&hellip;]<\/p>","protected":false},"featured_media":2999,"comment_status":"closed","ping_status":"closed","template":"","meta":[],"product_cat":[46],"product_tag":[],"domeniu":[],"acf":[],"_links":{"self":[{"href":"https:\/\/freshmarket.md\/ru\/wp-json\/wp\/v2\/product\/2976"}],"collection":[{"href":"https:\/\/freshmarket.md\/ru\/wp-json\/wp\/v2\/product"}],"about":[{"href":"https:\/\/freshmarket.md\/ru\/wp-json\/wp\/v2\/types\/product"}],"replies":[{"embeddable":true,"href":"https:\/\/freshmarket.md\/ru\/wp-json\/wp\/v2\/comments?post=2976"}],"wp:featuredmedia":[{"embeddable":true,"href":"https:\/\/freshmarket.md\/ru\/wp-json\/wp\/v2\/media\/2999"}],"wp:attachment":[{"href":"https:\/\/freshmarket.md\/ru\/wp-json\/wp\/v2\/media?parent=2976"}],"wp:term":[{"taxonomy":"product_cat","embeddable":true,"href":"https:\/\/freshmarket.md\/ru\/wp-json\/wp\/v2\/product_cat?post=2976"},{"taxonomy":"product_tag","embeddable":true,"href":"https:\/\/freshmarket.md\/ru\/wp-json\/wp\/v2\/product_tag?post=2976"},{"taxonomy":"domeniu","embeddable":true,"href":"https:\/\/freshmarket.md\/ru\/wp-json\/wp\/v2\/domeniu?post=2976"}],"curies":[{"name":"wp","href":"https:\/\/api.w.org\/{rel}","templated":true}]}}