{"id":3849,"date":"2024-04-22T20:06:22","date_gmt":"2024-04-22T17:06:22","guid":{"rendered":"https:\/\/freshmarket.md\/?post_type=product&#038;p=3849"},"modified":"2026-04-14T09:59:15","modified_gmt":"2026-04-14T06:59:15","slug":"banane","status":"publish","type":"product","link":"https:\/\/freshmarket.md\/ru\/product\/banane\/","title":{"rendered":"Banane"},"content":{"rendered":"<p>Banana este un fruct tropical bogat \u00een calorii, dar cu numeroase beneficii asupra s\u0103n\u0103t\u0103\u021bii, datorit\u0103 con\u021binutului de potasiu, fibre, antioxidan\u021bi, minerale \u0219i alte vitamine. Valori nutri\u021bionale -100 g de banane sau o banan\u0103 mic\u0103, con\u021bine 74% ap\u0103, aduce un aport de 89 kcal, con\u021bin \u00een principal 1 g proteine; 0,33 g lipide; 22,8 g carbohidra\u021bi; 2,6 g fibre; 12,23 g zaharuri.<\/p>","protected":false},"excerpt":{"rendered":"<p>Banana este un fruct tropical bogat \u00een calorii, dar cu numeroase beneficii asupra s\u0103n\u0103t\u0103\u021bii, datorit\u0103 con\u021binutului de potasiu, fibre, antioxidan\u021bi, minerale \u0219i alte vitamine. Valori nutri\u021bionale -100 g de banane sau o banan\u0103 mic\u0103, con\u021bine 74% ap\u0103, aduce un aport de 89 kcal, con\u021bin \u00een principal 1 g proteine; 0,33 g lipide; 22,8 g carbohidra\u021bi; [&hellip;]<\/p>","protected":false},"featured_media":3852,"comment_status":"closed","ping_status":"closed","template":"","meta":[],"product_cat":[20,21],"product_tag":[],"domeniu":[],"acf":[],"_links":{"self":[{"href":"https:\/\/freshmarket.md\/ru\/wp-json\/wp\/v2\/product\/3849"}],"collection":[{"href":"https:\/\/freshmarket.md\/ru\/wp-json\/wp\/v2\/product"}],"about":[{"href":"https:\/\/freshmarket.md\/ru\/wp-json\/wp\/v2\/types\/product"}],"replies":[{"embeddable":true,"href":"https:\/\/freshmarket.md\/ru\/wp-json\/wp\/v2\/comments?post=3849"}],"wp:featuredmedia":[{"embeddable":true,"href":"https:\/\/freshmarket.md\/ru\/wp-json\/wp\/v2\/media\/3852"}],"wp:attachment":[{"href":"https:\/\/freshmarket.md\/ru\/wp-json\/wp\/v2\/media?parent=3849"}],"wp:term":[{"taxonomy":"product_cat","embeddable":true,"href":"https:\/\/freshmarket.md\/ru\/wp-json\/wp\/v2\/product_cat?post=3849"},{"taxonomy":"product_tag","embeddable":true,"href":"https:\/\/freshmarket.md\/ru\/wp-json\/wp\/v2\/product_tag?post=3849"},{"taxonomy":"domeniu","embeddable":true,"href":"https:\/\/freshmarket.md\/ru\/wp-json\/wp\/v2\/domeniu?post=3849"}],"curies":[{"name":"wp","href":"https:\/\/api.w.org\/{rel}","templated":true}]}}