{"id":3856,"date":"2024-04-23T10:43:07","date_gmt":"2024-04-23T07:43:07","guid":{"rendered":"https:\/\/freshmarket.md\/?post_type=product&#038;p=3856"},"modified":"2026-04-14T09:59:15","modified_gmt":"2026-04-14T06:59:15","slug":"castraveti","status":"publish","type":"product","link":"https:\/\/freshmarket.md\/ru\/product\/castraveti\/","title":{"rendered":"Castrave\u021bi"},"content":{"rendered":"<p>Castravetele este una dintre legumele cu con\u021binut foarte scazut de calorii, con\u021bin\u00eend numai 15 calorii la 100 g. Acesta nu con\u021bine gr\u0103simi saturate sau colesterol.<\/p>\n<p>Este o surs\u0103 foarte bun\u0103 de potasiu, un important electrolit intracelular.<br \/>\nPotasiul este un electrolit care ajut\u0103 la reducerea tensiunii arteriale \u0219i a frecven\u021bei cardiace prin contracararea efectelor produse de consumul crescut de sodiu. Acesta contine antioxidanti unici, \u00een raporturi bune, cum ar fi beta-caroten \u0219i alfa-carotenul, vitamina C, vitamina A, zeaxanthina si luteina. Valori nutri\u021bionale, 100g castrave\u021bi con\u021bin 16 kcal \u2013 0,7g proteine; 0,1g lipide; 3,6g glucide; 0,5g fibre.<\/p>\n<p>&nbsp;<\/p>\n<p>Origine Rusia<\/p>","protected":false},"excerpt":{"rendered":"<p>Castravetele este una dintre legumele cu con\u021binut foarte scazut de calorii, con\u021bin\u00eend numai 15 calorii la 100 g. Acesta nu con\u021bine gr\u0103simi saturate sau colesterol. Este o surs\u0103 foarte bun\u0103 de potasiu, un important electrolit intracelular. Potasiul este un electrolit care ajut\u0103 la reducerea tensiunii arteriale \u0219i a frecven\u021bei cardiace prin contracararea efectelor produse de [&hellip;]<\/p>","protected":false},"featured_media":3858,"comment_status":"closed","ping_status":"closed","template":"","meta":[],"product_cat":[15],"product_tag":[],"domeniu":[],"acf":[],"_links":{"self":[{"href":"https:\/\/freshmarket.md\/ru\/wp-json\/wp\/v2\/product\/3856"}],"collection":[{"href":"https:\/\/freshmarket.md\/ru\/wp-json\/wp\/v2\/product"}],"about":[{"href":"https:\/\/freshmarket.md\/ru\/wp-json\/wp\/v2\/types\/product"}],"replies":[{"embeddable":true,"href":"https:\/\/freshmarket.md\/ru\/wp-json\/wp\/v2\/comments?post=3856"}],"wp:featuredmedia":[{"embeddable":true,"href":"https:\/\/freshmarket.md\/ru\/wp-json\/wp\/v2\/media\/3858"}],"wp:attachment":[{"href":"https:\/\/freshmarket.md\/ru\/wp-json\/wp\/v2\/media?parent=3856"}],"wp:term":[{"taxonomy":"product_cat","embeddable":true,"href":"https:\/\/freshmarket.md\/ru\/wp-json\/wp\/v2\/product_cat?post=3856"},{"taxonomy":"product_tag","embeddable":true,"href":"https:\/\/freshmarket.md\/ru\/wp-json\/wp\/v2\/product_tag?post=3856"},{"taxonomy":"domeniu","embeddable":true,"href":"https:\/\/freshmarket.md\/ru\/wp-json\/wp\/v2\/domeniu?post=3856"}],"curies":[{"name":"wp","href":"https:\/\/api.w.org\/{rel}","templated":true}]}}