{"id":3863,"date":"2024-04-26T10:43:41","date_gmt":"2024-04-26T07:43:41","guid":{"rendered":"https:\/\/freshmarket.md\/?post_type=product&#038;p=3863"},"modified":"2026-05-13T13:58:29","modified_gmt":"2026-05-13T10:58:29","slug":"mere-rihard","status":"publish","type":"product","link":"https:\/\/freshmarket.md\/ru\/product\/mere-rihard\/","title":{"rendered":"Mere Rihard"},"content":{"rendered":"<p>Merele Rihard sunt cunoscute pentru textura lor distinct\u0103, neted\u0103 \u0219i crocante de dulce. Culoarea pielii este frumoas\u0103, ro\u0219u ro\u0219u. Pulpa este alb\u0103 verzuie \u0219i ferm\u0103, p\u0103str\u00e2nd totu\u0219i o textura delicat\u0103. Uimitor de delicioase \u0219i crocante, Merele Rihard sunt o modalitate s\u0103n\u0103toas\u0103 de a v\u0103 satisface papilele gustative. Fie c\u0103 sunt consumate proaspete sau folosite \u00een sosuri, pl\u0103cinte sau coapte \u00een deserturi, Merele Red Delicious sunt completarea perfect\u0103 pentru orice mas\u0103.<\/p>\n<p>Merele con\u021bin mul\u021bi nutrien\u021bi esen\u021biali, vitamine \u0219i minerale. Nu con\u021bin gr\u0103simi, sodiu \u0219i colesterol. Merele sunt fructe dense \u00een energie \u0219i bogate \u00een ap\u0103, care v\u0103 ajut\u0103 s\u0103 v\u0103 sim\u021bi\u021bi plini.<\/p>","protected":false},"excerpt":{"rendered":"<p>Merele Rihard sunt cunoscute pentru textura lor distinct\u0103, neted\u0103 \u0219i crocante de dulce. Culoarea pielii este frumoas\u0103, ro\u0219u ro\u0219u. Pulpa este alb\u0103 verzuie \u0219i ferm\u0103, p\u0103str\u00e2nd totu\u0219i o textura delicat\u0103. Uimitor de delicioase \u0219i crocante, Merele Rihard sunt o modalitate s\u0103n\u0103toas\u0103 de a v\u0103 satisface papilele gustative. Fie c\u0103 sunt consumate proaspete sau folosite \u00een [&hellip;]<\/p>","protected":false},"featured_media":3865,"comment_status":"closed","ping_status":"closed","template":"","meta":[],"product_cat":[20,47],"product_tag":[],"domeniu":[],"acf":[],"_links":{"self":[{"href":"https:\/\/freshmarket.md\/ru\/wp-json\/wp\/v2\/product\/3863"}],"collection":[{"href":"https:\/\/freshmarket.md\/ru\/wp-json\/wp\/v2\/product"}],"about":[{"href":"https:\/\/freshmarket.md\/ru\/wp-json\/wp\/v2\/types\/product"}],"replies":[{"embeddable":true,"href":"https:\/\/freshmarket.md\/ru\/wp-json\/wp\/v2\/comments?post=3863"}],"wp:featuredmedia":[{"embeddable":true,"href":"https:\/\/freshmarket.md\/ru\/wp-json\/wp\/v2\/media\/3865"}],"wp:attachment":[{"href":"https:\/\/freshmarket.md\/ru\/wp-json\/wp\/v2\/media?parent=3863"}],"wp:term":[{"taxonomy":"product_cat","embeddable":true,"href":"https:\/\/freshmarket.md\/ru\/wp-json\/wp\/v2\/product_cat?post=3863"},{"taxonomy":"product_tag","embeddable":true,"href":"https:\/\/freshmarket.md\/ru\/wp-json\/wp\/v2\/product_tag?post=3863"},{"taxonomy":"domeniu","embeddable":true,"href":"https:\/\/freshmarket.md\/ru\/wp-json\/wp\/v2\/domeniu?post=3863"}],"curies":[{"name":"wp","href":"https:\/\/api.w.org\/{rel}","templated":true}]}}