{"id":3868,"date":"2024-04-26T12:39:37","date_gmt":"2024-04-26T09:39:37","guid":{"rendered":"https:\/\/freshmarket.md\/?post_type=product&#038;p=3868"},"modified":"2026-04-14T09:59:16","modified_gmt":"2026-04-14T06:59:16","slug":"cartofi-dulci-batat","status":"publish","type":"product","link":"https:\/\/freshmarket.md\/ru\/product\/cartofi-dulci-batat\/","title":{"rendered":"Cartofi dulci (Batat)"},"content":{"rendered":"<p>Cartofii dulci sunt delicio\u0219i \u0219i sunt disponibili, au foarte multe beneficii pentru s\u0103n\u0103tatea noastr\u0103, a\u0219a c\u0103 nu de pu\u021bine ori, medicii nutri\u021bioni\u0219ti ne recomand\u0103 s\u0103 \u00eei includem \u00een alimenta\u021bie.<\/p>\n<p>Asemeni numelui lor, cartofii dulci au o arom\u0103 dulce natural\u0103, care este \u00eembun\u0103t\u0103\u021bit\u0103 \u0219i mai mult prin metode de g\u0103tit precum pr\u0103jirea. Ele sunt, de asemenea, una dintre sursele de top de beta-caroten, un precursor al vitaminei A. Spre deosebire de un cartof normal, cartoful dulce este o r\u0103d\u0103cin\u0103 comestibil\u0103 mare din familia gloriei de diminea\u021b\u0103. Ele sunt, de asemenea, diferite de ignamele, care sunt tuberculi comestibili din familia crinilor \u0219i originari din Africa \u0219i Asia.<\/p>","protected":false},"excerpt":{"rendered":"<p>Cartofii dulci sunt delicio\u0219i \u0219i sunt disponibili, au foarte multe beneficii pentru s\u0103n\u0103tatea noastr\u0103, a\u0219a c\u0103 nu de pu\u021bine ori, medicii nutri\u021bioni\u0219ti ne recomand\u0103 s\u0103 \u00eei includem \u00een alimenta\u021bie. Asemeni numelui lor, cartofii dulci au o arom\u0103 dulce natural\u0103, care este \u00eembun\u0103t\u0103\u021bit\u0103 \u0219i mai mult prin metode de g\u0103tit precum pr\u0103jirea. Ele sunt, de asemenea, [&hellip;]<\/p>","protected":false},"featured_media":3869,"comment_status":"closed","ping_status":"closed","template":"","meta":[],"product_cat":[15],"product_tag":[],"domeniu":[],"acf":[],"_links":{"self":[{"href":"https:\/\/freshmarket.md\/ru\/wp-json\/wp\/v2\/product\/3868"}],"collection":[{"href":"https:\/\/freshmarket.md\/ru\/wp-json\/wp\/v2\/product"}],"about":[{"href":"https:\/\/freshmarket.md\/ru\/wp-json\/wp\/v2\/types\/product"}],"replies":[{"embeddable":true,"href":"https:\/\/freshmarket.md\/ru\/wp-json\/wp\/v2\/comments?post=3868"}],"wp:featuredmedia":[{"embeddable":true,"href":"https:\/\/freshmarket.md\/ru\/wp-json\/wp\/v2\/media\/3869"}],"wp:attachment":[{"href":"https:\/\/freshmarket.md\/ru\/wp-json\/wp\/v2\/media?parent=3868"}],"wp:term":[{"taxonomy":"product_cat","embeddable":true,"href":"https:\/\/freshmarket.md\/ru\/wp-json\/wp\/v2\/product_cat?post=3868"},{"taxonomy":"product_tag","embeddable":true,"href":"https:\/\/freshmarket.md\/ru\/wp-json\/wp\/v2\/product_tag?post=3868"},{"taxonomy":"domeniu","embeddable":true,"href":"https:\/\/freshmarket.md\/ru\/wp-json\/wp\/v2\/domeniu?post=3868"}],"curies":[{"name":"wp","href":"https:\/\/api.w.org\/{rel}","templated":true}]}}