{"id":3872,"date":"2024-04-26T15:47:46","date_gmt":"2024-04-26T12:47:46","guid":{"rendered":"https:\/\/freshmarket.md\/?post_type=product&#038;p=3872"},"modified":"2026-04-14T09:59:16","modified_gmt":"2026-04-14T06:59:16","slug":"rosii-turcia","status":"publish","type":"product","link":"https:\/\/freshmarket.md\/ru\/product\/rosii-turcia\/","title":{"rendered":"Ro\u0219ii Turcia"},"content":{"rendered":"<p>Rosiile proaspete sunt o aditie delicioasa si colorata in orice salata, oferind o explozie de gust si prospetime.<\/p>\n<p>Ro\u0219iile sunt o surs\u0103 bun\u0103 de fibre, oferind aproximativ 1,5 grame de fibre pe ro\u0219ie de dimensiuni medii. Majoritatea fibrelor (87%) sunt insolubile, sub form\u0103 de hemiceluloz\u0103, celuloz\u0103 \u0219i lignin\u0103. Ro\u0219iile proaspete au un con\u021binut sc\u0103zut de carbohidra\u021bi. Con\u021binutul de carbohidra\u021bi const\u0103 \u00een principal din zaharuri simple \u0219i fibre insolubile. Aceste fructe sunt formate \u00een mare parte din ap\u0103.<\/p>\n<p>Vitamina C. Aceast\u0103 vitamin\u0103 este un nutrient \u0219i un antioxidant esen\u021bial. O ro\u0219ie de dimensiuni medii poate furniza aproximativ 28% din necesarul zilnic de Vitamina C. Mai pu\u021bin dec\u00e2t portocalele, care asigur\u0103 78% din necesarul zilnic, \u00eens\u0103 consumul de fructe \u0219i legume duce la atingerea necesarului pe o zi de vitamine \u0219i minerale.<\/p>","protected":false},"excerpt":{"rendered":"<p>Rosiile proaspete sunt o aditie delicioasa si colorata in orice salata, oferind o explozie de gust si prospetime. Ro\u0219iile sunt o surs\u0103 bun\u0103 de fibre, oferind aproximativ 1,5 grame de fibre pe ro\u0219ie de dimensiuni medii. Majoritatea fibrelor (87%) sunt insolubile, sub form\u0103 de hemiceluloz\u0103, celuloz\u0103 \u0219i lignin\u0103. Ro\u0219iile proaspete au un con\u021binut sc\u0103zut de [&hellip;]<\/p>","protected":false},"featured_media":3873,"comment_status":"closed","ping_status":"closed","template":"","meta":[],"product_cat":[15],"product_tag":[],"domeniu":[],"acf":[],"_links":{"self":[{"href":"https:\/\/freshmarket.md\/ru\/wp-json\/wp\/v2\/product\/3872"}],"collection":[{"href":"https:\/\/freshmarket.md\/ru\/wp-json\/wp\/v2\/product"}],"about":[{"href":"https:\/\/freshmarket.md\/ru\/wp-json\/wp\/v2\/types\/product"}],"replies":[{"embeddable":true,"href":"https:\/\/freshmarket.md\/ru\/wp-json\/wp\/v2\/comments?post=3872"}],"wp:featuredmedia":[{"embeddable":true,"href":"https:\/\/freshmarket.md\/ru\/wp-json\/wp\/v2\/media\/3873"}],"wp:attachment":[{"href":"https:\/\/freshmarket.md\/ru\/wp-json\/wp\/v2\/media?parent=3872"}],"wp:term":[{"taxonomy":"product_cat","embeddable":true,"href":"https:\/\/freshmarket.md\/ru\/wp-json\/wp\/v2\/product_cat?post=3872"},{"taxonomy":"product_tag","embeddable":true,"href":"https:\/\/freshmarket.md\/ru\/wp-json\/wp\/v2\/product_tag?post=3872"},{"taxonomy":"domeniu","embeddable":true,"href":"https:\/\/freshmarket.md\/ru\/wp-json\/wp\/v2\/domeniu?post=3872"}],"curies":[{"name":"wp","href":"https:\/\/api.w.org\/{rel}","templated":true}]}}