{"id":3879,"date":"2024-04-30T09:59:02","date_gmt":"2024-04-30T06:59:02","guid":{"rendered":"https:\/\/freshmarket.md\/?post_type=product&#038;p=3879"},"modified":"2026-04-14T09:59:16","modified_gmt":"2026-04-14T06:59:16","slug":"rucola-caserola","status":"publish","type":"product","link":"https:\/\/freshmarket.md\/ru\/product\/rucola-caserola\/","title":{"rendered":"Rucola \u00een caserol\u0103, 100g"},"content":{"rendered":"<p>Rucola este consumat\u0103 \u00een stare crud\u0103, pentru salate, dar \u0219i ca plant\u0103 medicinal\u0103. \u00cen Italia, rucola este adesea ad\u0103ugat\u0103 pe pizza, imediat dup\u0103 coacere. \u00cen Brazilia \u0219i Argentina, unde utilizarea este larg r\u0103sp\u00e2ndit\u0103, rucola este consumat\u0103 crud\u0103 \u00een salate. \u00cen Cipru, planta este utilizat\u0103 \u00een salate \u0219i omlete.<\/p>\n<p>De\u015fi este s\u0103rac\u0103 \u00een calorii, rucola are o compozi\u0163ie complex\u0103 din punct de vedere nutri\u0163ional. Este o surs\u0103 important\u0103 de\u00a0<em>vitamine (A, C, K, folat), minerale, beta-caroten<\/em>\u00a0(foarte benefic pentru vedere) \u015fi anumi\u0163i\u00a0<em>compu\u015fi chimici cu rol antiinflamator.<\/em><\/p>","protected":false},"excerpt":{"rendered":"<p>Rucola este consumat\u0103 \u00een stare crud\u0103, pentru salate, dar \u0219i ca plant\u0103 medicinal\u0103. \u00cen Italia, rucola este adesea ad\u0103ugat\u0103 pe pizza, imediat dup\u0103 coacere. \u00cen Brazilia \u0219i Argentina, unde utilizarea este larg r\u0103sp\u00e2ndit\u0103, rucola este consumat\u0103 crud\u0103 \u00een salate. \u00cen Cipru, planta este utilizat\u0103 \u00een salate \u0219i omlete. De\u015fi este s\u0103rac\u0103 \u00een calorii, rucola are [&hellip;]<\/p>","protected":false},"featured_media":3880,"comment_status":"closed","ping_status":"closed","template":"","meta":[],"product_cat":[44],"product_tag":[],"domeniu":[],"acf":[],"_links":{"self":[{"href":"https:\/\/freshmarket.md\/ru\/wp-json\/wp\/v2\/product\/3879"}],"collection":[{"href":"https:\/\/freshmarket.md\/ru\/wp-json\/wp\/v2\/product"}],"about":[{"href":"https:\/\/freshmarket.md\/ru\/wp-json\/wp\/v2\/types\/product"}],"replies":[{"embeddable":true,"href":"https:\/\/freshmarket.md\/ru\/wp-json\/wp\/v2\/comments?post=3879"}],"wp:featuredmedia":[{"embeddable":true,"href":"https:\/\/freshmarket.md\/ru\/wp-json\/wp\/v2\/media\/3880"}],"wp:attachment":[{"href":"https:\/\/freshmarket.md\/ru\/wp-json\/wp\/v2\/media?parent=3879"}],"wp:term":[{"taxonomy":"product_cat","embeddable":true,"href":"https:\/\/freshmarket.md\/ru\/wp-json\/wp\/v2\/product_cat?post=3879"},{"taxonomy":"product_tag","embeddable":true,"href":"https:\/\/freshmarket.md\/ru\/wp-json\/wp\/v2\/product_tag?post=3879"},{"taxonomy":"domeniu","embeddable":true,"href":"https:\/\/freshmarket.md\/ru\/wp-json\/wp\/v2\/domeniu?post=3879"}],"curies":[{"name":"wp","href":"https:\/\/api.w.org\/{rel}","templated":true}]}}