{"id":3883,"date":"2024-04-30T10:18:26","date_gmt":"2024-04-30T07:18:26","guid":{"rendered":"https:\/\/freshmarket.md\/?post_type=product&#038;p=3883"},"modified":"2026-04-14T09:59:16","modified_gmt":"2026-04-14T06:59:16","slug":"patrunjel","status":"publish","type":"product","link":"https:\/\/freshmarket.md\/ru\/product\/patrunjel\/","title":{"rendered":"P\u0103trunjel, 100g"},"content":{"rendered":"<p>Cunoscut \u0219i foarte des folosit \u00een buc\u0103t\u0103ria local\u0103, p\u0103trunjelul este o surs\u0103 important\u0103 de proteine, minerale precum: calciu, potasiu, fosfor, magneziu, fier, dar \u0219i de ulei volatil, lipide \u0219i flavonoizi. Con\u021bine mai mult\u0103 vitamina C dec\u00e2t anumite citrice precum l\u0103m\u00e2ia sau portocala, dar este bogat \u0219i \u00een vitamina A, B1, B2, B3, B5, B6, K \u0219i E.<br \/>\nP\u0103trunjelul este bogat \u00een fier, con\u021bine mai mult fier dec\u00e2t spanac, dar \u0219i mai mult fluor dec\u00e2t orice alt aliment, iar asta \u00eel face un aliment de n\u0103dejde pentru men\u021binerea unei danturi \u0219i a unei os\u0103turi puternice. Frunzele \u0219i tulpina de p\u0103trunjel ajut\u0103 la eliminarea toxinelor din corp, protejarea ficatului \u0219i distrugerea germenilor patogeni.<br \/>\nP\u0103trunjel frunze &#8211; 36 kcal \u2013 3g proteine; 0,8g lipide; 6g glucide; 3,3g fibre<\/p>","protected":false},"excerpt":{"rendered":"<p>Cunoscut \u0219i foarte des folosit \u00een buc\u0103t\u0103ria local\u0103, p\u0103trunjelul este o surs\u0103 important\u0103 de proteine, minerale precum: calciu, potasiu, fosfor, magneziu, fier, dar \u0219i de ulei volatil, lipide \u0219i flavonoizi. Con\u021bine mai mult\u0103 vitamina C dec\u00e2t anumite citrice precum l\u0103m\u00e2ia sau portocala, dar este bogat \u0219i \u00een vitamina A, B1, B2, B3, B5, B6, K [&hellip;]<\/p>","protected":false},"featured_media":3884,"comment_status":"closed","ping_status":"closed","template":"","meta":[],"product_cat":[44],"product_tag":[],"domeniu":[],"acf":[],"_links":{"self":[{"href":"https:\/\/freshmarket.md\/ru\/wp-json\/wp\/v2\/product\/3883"}],"collection":[{"href":"https:\/\/freshmarket.md\/ru\/wp-json\/wp\/v2\/product"}],"about":[{"href":"https:\/\/freshmarket.md\/ru\/wp-json\/wp\/v2\/types\/product"}],"replies":[{"embeddable":true,"href":"https:\/\/freshmarket.md\/ru\/wp-json\/wp\/v2\/comments?post=3883"}],"wp:featuredmedia":[{"embeddable":true,"href":"https:\/\/freshmarket.md\/ru\/wp-json\/wp\/v2\/media\/3884"}],"wp:attachment":[{"href":"https:\/\/freshmarket.md\/ru\/wp-json\/wp\/v2\/media?parent=3883"}],"wp:term":[{"taxonomy":"product_cat","embeddable":true,"href":"https:\/\/freshmarket.md\/ru\/wp-json\/wp\/v2\/product_cat?post=3883"},{"taxonomy":"product_tag","embeddable":true,"href":"https:\/\/freshmarket.md\/ru\/wp-json\/wp\/v2\/product_tag?post=3883"},{"taxonomy":"domeniu","embeddable":true,"href":"https:\/\/freshmarket.md\/ru\/wp-json\/wp\/v2\/domeniu?post=3883"}],"curies":[{"name":"wp","href":"https:\/\/api.w.org\/{rel}","templated":true}]}}