{"id":3887,"date":"2024-04-30T10:33:08","date_gmt":"2024-04-30T07:33:08","guid":{"rendered":"https:\/\/freshmarket.md\/?post_type=product&#038;p=3887"},"modified":"2026-04-14T09:59:16","modified_gmt":"2026-04-14T06:59:16","slug":"fenicul","status":"publish","type":"product","link":"https:\/\/freshmarket.md\/ru\/product\/fenicul\/","title":{"rendered":"Fenicul"},"content":{"rendered":"<p>Feniculul este o plant\u0103 peren\u0103, ale c\u0103rei semin\u021be \u0219i bulb se utilizeaz\u0103 at\u00e2t \u00een buc\u0103t\u0103rie, c\u00e2t \u0219i \u00een scop terapeutic, pentru tratarea sau ameliorarea multor afec\u021biuni, mai ales a celor de natura gastric\u0103.<\/p>\n<p>Feniculul are o textur\u0103 crocant\u0103 \u0219i o arom\u0103 u\u0219or dulce. Acesta poate fi consumat crud sau g\u0103tit, \u00eens\u0103 pentru a fi gustos, trebuie ales corect. Bulbul trebuie s\u0103 fie ferm, far\u0103 pete, iar tulpinile ar trebui s\u0103 fie verzi, nu ofilite. \u021ainut la frigider, feniculul v\u0103 r\u0103m\u00e2ne proasp\u0103t \u00een jur de 4 zile. E bine de \u0219tiut c\u0103 feniculul are o arom\u0103 intens\u0103, specific\u0103, deci e posibil s\u0103 nu fie apreciat de toat\u0103 lumea. De aceea, dac\u0103 n-ai mai consumat fenicul p\u00e2n\u0103 acum, e indicat s\u0103 iei doar un bulb pentru a vedea dac\u0103 te \u00eempaci cu gustul \u0219i mirosul acestuia.<\/p>\n<p>Feniculul poate fi consumat crud, dup\u0103 ce se \u00eendep\u0103rteaz\u0103 coaja \u0219i este por\u021bionat. Acesta poate fi \u00eencorporat \u00een salate, dar \u0219i consumat al\u0103turi de creme de leguminoase sau sosuri reci, precum humus sau guacamole.<\/p>\n<p>Daca vrei s\u0103 \u00eel g\u0103te\u0219ti, \u00eendep\u0103rteaz\u0103 tulpinile cu un cu\u021bit, apoi taie bulbul pe vertical\u0103. Dup\u0103 aceea, po\u021bi m\u0103run\u021bi bulbul dup\u0103 plac. Feniculul poate fi folosit \u00een sup\u0103, sup\u0103-crem\u0103, dar \u0219i sotat al\u0103turi de alte legume, \u00een sosuri \u0219i toc\u0103ni\u021be. Bulbii de fenicul pot fi preg\u0103ti\u021bi la cuptor \u0219i servi\u021bi pe post de aperitiv sau garnitur\u0103. Este adev\u0103rat c\u0103 feniculul crud este cel mai hr\u0103nitor, \u00eens\u0103 \u0219i cel g\u0103tit \u00ee\u0219i p\u0103streaz\u0103 dintre propriet\u0103\u021bi.<\/p>","protected":false},"excerpt":{"rendered":"<p>Feniculul este o plant\u0103 peren\u0103, ale c\u0103rei semin\u021be \u0219i bulb se utilizeaz\u0103 at\u00e2t \u00een buc\u0103t\u0103rie, c\u00e2t \u0219i \u00een scop terapeutic, pentru tratarea sau ameliorarea multor afec\u021biuni, mai ales a celor de natura gastric\u0103. Feniculul are o textur\u0103 crocant\u0103 \u0219i o arom\u0103 u\u0219or dulce. Acesta poate fi consumat crud sau g\u0103tit, \u00eens\u0103 pentru a fi gustos, [&hellip;]<\/p>","protected":false},"featured_media":3889,"comment_status":"closed","ping_status":"closed","template":"","meta":[],"product_cat":[15],"product_tag":[],"domeniu":[],"acf":[],"_links":{"self":[{"href":"https:\/\/freshmarket.md\/ru\/wp-json\/wp\/v2\/product\/3887"}],"collection":[{"href":"https:\/\/freshmarket.md\/ru\/wp-json\/wp\/v2\/product"}],"about":[{"href":"https:\/\/freshmarket.md\/ru\/wp-json\/wp\/v2\/types\/product"}],"replies":[{"embeddable":true,"href":"https:\/\/freshmarket.md\/ru\/wp-json\/wp\/v2\/comments?post=3887"}],"wp:featuredmedia":[{"embeddable":true,"href":"https:\/\/freshmarket.md\/ru\/wp-json\/wp\/v2\/media\/3889"}],"wp:attachment":[{"href":"https:\/\/freshmarket.md\/ru\/wp-json\/wp\/v2\/media?parent=3887"}],"wp:term":[{"taxonomy":"product_cat","embeddable":true,"href":"https:\/\/freshmarket.md\/ru\/wp-json\/wp\/v2\/product_cat?post=3887"},{"taxonomy":"product_tag","embeddable":true,"href":"https:\/\/freshmarket.md\/ru\/wp-json\/wp\/v2\/product_tag?post=3887"},{"taxonomy":"domeniu","embeddable":true,"href":"https:\/\/freshmarket.md\/ru\/wp-json\/wp\/v2\/domeniu?post=3887"}],"curies":[{"name":"wp","href":"https:\/\/api.w.org\/{rel}","templated":true}]}}