{"id":3890,"date":"2024-04-30T17:57:10","date_gmt":"2024-04-30T14:57:10","guid":{"rendered":"https:\/\/freshmarket.md\/?post_type=product&#038;p=3890"},"modified":"2026-04-14T09:59:21","modified_gmt":"2026-04-14T06:59:21","slug":"portocale-turcia","status":"publish","type":"product","link":"https:\/\/freshmarket.md\/ru\/product\/portocale-turcia\/","title":{"rendered":"Portocale Turcia"},"content":{"rendered":"<h3 data-start=\"122\" data-end=\"180\">Portocal\u0103 din Turcia \u2013 fruct citric proasp\u0103t \u0219i aromat<\/h3>\n<p data-start=\"182\" data-end=\"436\"><strong data-start=\"182\" data-end=\"206\">Portocala din Turcia<\/strong> este un fruct citric apreciat pentru gustul s\u0103u echilibrat, dulce-acri\u0219or \u0219i pulpa suculent\u0103. Cultivat\u0103 \u00een condi\u021bii climatice favorabile, beneficiaz\u0103 de mult soare, ceea ce \u00eei confer\u0103 <strong data-start=\"391\" data-end=\"435\">arom\u0103 intens\u0103 \u0219i con\u021binut ridicat de suc<\/strong>.<\/p>\n<p data-start=\"438\" data-end=\"687\">Este o surs\u0103 excelent\u0103 de <strong data-start=\"464\" data-end=\"478\">vitamina C<\/strong>, fibre \u0219i antioxidan\u021bi, contribuind la sus\u021binerea sistemului imunitar \u0219i la hidratarea organismului. Portocala din Turcia este ideal\u0103 pentru consum proasp\u0103t, sucuri naturale, deserturi sau preparate culinare.<\/p>\n<p data-start=\"689\" data-end=\"815\">\u2714 Gust proasp\u0103t \u0219i revigorant<br data-start=\"718\" data-end=\"721\" \/>\u2714 Pulpa suculent\u0103, bogat\u0103 \u00een vitamine<br data-start=\"758\" data-end=\"761\" \/>\u2714 Potrivit\u0103 pentru consum zilnic \u0219i sucuri proaspete<\/p>\n<p>&nbsp;<\/p>","protected":false},"excerpt":{"rendered":"<p>Portocal\u0103 din Turcia \u2013 fruct citric proasp\u0103t \u0219i aromat Portocala din Turcia este un fruct citric apreciat pentru gustul s\u0103u echilibrat, dulce-acri\u0219or \u0219i pulpa suculent\u0103. Cultivat\u0103 \u00een condi\u021bii climatice favorabile, beneficiaz\u0103 de mult soare, ceea ce \u00eei confer\u0103 arom\u0103 intens\u0103 \u0219i con\u021binut ridicat de suc. Este o surs\u0103 excelent\u0103 de vitamina C, fibre \u0219i antioxidan\u021bi, [&hellip;]<\/p>","protected":false},"featured_media":4128,"comment_status":"closed","ping_status":"closed","template":"","meta":[],"product_cat":[20,21],"product_tag":[],"domeniu":[],"acf":[],"_links":{"self":[{"href":"https:\/\/freshmarket.md\/ru\/wp-json\/wp\/v2\/product\/3890"}],"collection":[{"href":"https:\/\/freshmarket.md\/ru\/wp-json\/wp\/v2\/product"}],"about":[{"href":"https:\/\/freshmarket.md\/ru\/wp-json\/wp\/v2\/types\/product"}],"replies":[{"embeddable":true,"href":"https:\/\/freshmarket.md\/ru\/wp-json\/wp\/v2\/comments?post=3890"}],"wp:featuredmedia":[{"embeddable":true,"href":"https:\/\/freshmarket.md\/ru\/wp-json\/wp\/v2\/media\/4128"}],"wp:attachment":[{"href":"https:\/\/freshmarket.md\/ru\/wp-json\/wp\/v2\/media?parent=3890"}],"wp:term":[{"taxonomy":"product_cat","embeddable":true,"href":"https:\/\/freshmarket.md\/ru\/wp-json\/wp\/v2\/product_cat?post=3890"},{"taxonomy":"product_tag","embeddable":true,"href":"https:\/\/freshmarket.md\/ru\/wp-json\/wp\/v2\/product_tag?post=3890"},{"taxonomy":"domeniu","embeddable":true,"href":"https:\/\/freshmarket.md\/ru\/wp-json\/wp\/v2\/domeniu?post=3890"}],"curies":[{"name":"wp","href":"https:\/\/api.w.org\/{rel}","templated":true}]}}