{"id":3909,"date":"2024-05-15T09:37:43","date_gmt":"2024-05-15T06:37:43","guid":{"rendered":"https:\/\/freshmarket.md\/?post_type=product&#038;p=3909"},"modified":"2026-04-14T09:59:18","modified_gmt":"2026-04-14T06:59:18","slug":"cartofi-roz","status":"publish","type":"product","link":"https:\/\/freshmarket.md\/ru\/product\/cartofi-roz\/","title":{"rendered":"Cartofi roz"},"content":{"rendered":"<p>Principala diferen\u021b\u0103 \u00eentre cartofii ro\u0219ii \u0219i albi este c\u0103 cei ro\u0219ii sunt de culoare ro\u0219u deschis \u0219i con\u021bin mai pu\u021bin amidon \u0219i mai mult zah\u0103r, \u00een timp ce cartofii albi sunt cartofii cu coaja de culoare maro, care sunt plini de amidon. Cartofii ro\u0219ii sunt de m\u0103rime medie \u0219i sunt mai buni \u00een salate, toc\u0103ni\u021be \u0219i supe.<\/p>\n<p><strong>Arome \u0219i gust<\/strong>:\u00a0Cartofii ro\u0219ii au adesea un gust mai dulce \u0219i mai delicat \u00een compara\u021bie cu cei albi, care pot avea o arom\u0103 mai neutr\u0103. Aceast\u0103 diferen\u021b\u0103 de gust \u00eei face pe cartofii ro\u0219ii s\u0103 fie prefera\u021bi \u00een re\u021betele unde se dore\u0219te o not\u0103 mai subtil\u0103 de cartof.<\/p>\n<p><strong>Compozi\u021bie chimic\u0103<\/strong>: \u00cen ceea ce prive\u0219te compozi\u021bia chimic\u0103, cartofii ro\u0219ii au adesea o cantitate mai mare de antioxidan\u021bi, precum licopenul, care le confer\u0103 culoarea ro\u0219ie. \u00cen schimb, cartofii albi pot avea un con\u021binut mai mare de amidon, ceea ce \u00eei face s\u0103 fie mai potrivi\u021bi pentru anumite tipuri de g\u0103tire.<\/p>","protected":false},"excerpt":{"rendered":"<p>Principala diferen\u021b\u0103 \u00eentre cartofii ro\u0219ii \u0219i albi este c\u0103 cei ro\u0219ii sunt de culoare ro\u0219u deschis \u0219i con\u021bin mai pu\u021bin amidon \u0219i mai mult zah\u0103r, \u00een timp ce cartofii albi sunt cartofii cu coaja de culoare maro, care sunt plini de amidon. Cartofii ro\u0219ii sunt de m\u0103rime medie \u0219i sunt mai buni \u00een salate, toc\u0103ni\u021be [&hellip;]<\/p>","protected":false},"featured_media":3911,"comment_status":"closed","ping_status":"closed","template":"","meta":[],"product_cat":[15],"product_tag":[],"domeniu":[],"acf":[],"_links":{"self":[{"href":"https:\/\/freshmarket.md\/ru\/wp-json\/wp\/v2\/product\/3909"}],"collection":[{"href":"https:\/\/freshmarket.md\/ru\/wp-json\/wp\/v2\/product"}],"about":[{"href":"https:\/\/freshmarket.md\/ru\/wp-json\/wp\/v2\/types\/product"}],"replies":[{"embeddable":true,"href":"https:\/\/freshmarket.md\/ru\/wp-json\/wp\/v2\/comments?post=3909"}],"wp:featuredmedia":[{"embeddable":true,"href":"https:\/\/freshmarket.md\/ru\/wp-json\/wp\/v2\/media\/3911"}],"wp:attachment":[{"href":"https:\/\/freshmarket.md\/ru\/wp-json\/wp\/v2\/media?parent=3909"}],"wp:term":[{"taxonomy":"product_cat","embeddable":true,"href":"https:\/\/freshmarket.md\/ru\/wp-json\/wp\/v2\/product_cat?post=3909"},{"taxonomy":"product_tag","embeddable":true,"href":"https:\/\/freshmarket.md\/ru\/wp-json\/wp\/v2\/product_tag?post=3909"},{"taxonomy":"domeniu","embeddable":true,"href":"https:\/\/freshmarket.md\/ru\/wp-json\/wp\/v2\/domeniu?post=3909"}],"curies":[{"name":"wp","href":"https:\/\/api.w.org\/{rel}","templated":true}]}}