{"id":3913,"date":"2024-05-15T09:47:33","date_gmt":"2024-05-15T06:47:33","guid":{"rendered":"https:\/\/freshmarket.md\/?post_type=product&#038;p=3913"},"modified":"2026-05-13T13:59:32","modified_gmt":"2026-05-13T10:59:32","slug":"cartofi-noi-md","status":"publish","type":"product","link":"https:\/\/freshmarket.md\/ru\/product\/cartofi-noi-md\/","title":{"rendered":"Cartofi noi Moldova"},"content":{"rendered":"<p>Un cartof nou are doar 25 de calorii \u015fi o serie de nutrien\u0163i care nu trebuie s\u0103 lipseasc\u0103 dintr-o alimenta\u0163ie s\u0103n\u0103toas\u0103. Succesul unei diete de sl\u0103bit const\u0103 \u00een consumarea de alimente s\u0103\u0163ioase, care s\u0103 controleze pofta de m\u00e2ncare. Astfel, consumul de carbohidra\u0163i complec\u015fi, precum cartofii noi, ofer\u0103 mult\u0103 energie \u015fi previne gust\u0103rile nes\u0103n\u0103toase. Cartofii au \u00eens\u0103 o reputa\u0163ie proast\u0103, \u00een special din cauza lan\u0163urilor fast-food. Consuma\u0163i \u00eens\u0103 fier\u0163i sau cop\u0163i, cartofii noi sunt o surs\u0103 esen\u0163ial\u0103 de energie.<\/p>\n<p>Cartofii noi con\u0163in cantit\u0103\u0163i foarte mari de vitamina C, care stimuleaz\u0103 \u00eentreg sistemul imunitar. De asemenea, cartofii noi sunt boga\u0163i \u015fi \u00een vitamina B, acid folic \u015fi minerale esen\u0163iale precum potasiu, magneziu \u015fi fier.<\/p>\n<p>Un singur cartof copt ofer\u0103 organismului 15% din cantitatea zilnic\u0103 recomandata de fibre. Fibrele sunt esen\u0163iale pentru s\u0103n\u0103tatea intestinelor \u015fi a sistemului digestiv. Protejeaz\u0103 de cancerul de colon.<\/p>","protected":false},"excerpt":{"rendered":"<p>Un cartof nou are doar 25 de calorii \u015fi o serie de nutrien\u0163i care nu trebuie s\u0103 lipseasc\u0103 dintr-o alimenta\u0163ie s\u0103n\u0103toas\u0103. Succesul unei diete de sl\u0103bit const\u0103 \u00een consumarea de alimente s\u0103\u0163ioase, care s\u0103 controleze pofta de m\u00e2ncare. Astfel, consumul de carbohidra\u0163i complec\u015fi, precum cartofii noi, ofer\u0103 mult\u0103 energie \u015fi previne gust\u0103rile nes\u0103n\u0103toase. Cartofii au [&hellip;]<\/p>","protected":false},"featured_media":3914,"comment_status":"closed","ping_status":"closed","template":"","meta":[],"product_cat":[15],"product_tag":[],"domeniu":[],"acf":[],"_links":{"self":[{"href":"https:\/\/freshmarket.md\/ru\/wp-json\/wp\/v2\/product\/3913"}],"collection":[{"href":"https:\/\/freshmarket.md\/ru\/wp-json\/wp\/v2\/product"}],"about":[{"href":"https:\/\/freshmarket.md\/ru\/wp-json\/wp\/v2\/types\/product"}],"replies":[{"embeddable":true,"href":"https:\/\/freshmarket.md\/ru\/wp-json\/wp\/v2\/comments?post=3913"}],"wp:featuredmedia":[{"embeddable":true,"href":"https:\/\/freshmarket.md\/ru\/wp-json\/wp\/v2\/media\/3914"}],"wp:attachment":[{"href":"https:\/\/freshmarket.md\/ru\/wp-json\/wp\/v2\/media?parent=3913"}],"wp:term":[{"taxonomy":"product_cat","embeddable":true,"href":"https:\/\/freshmarket.md\/ru\/wp-json\/wp\/v2\/product_cat?post=3913"},{"taxonomy":"product_tag","embeddable":true,"href":"https:\/\/freshmarket.md\/ru\/wp-json\/wp\/v2\/product_tag?post=3913"},{"taxonomy":"domeniu","embeddable":true,"href":"https:\/\/freshmarket.md\/ru\/wp-json\/wp\/v2\/domeniu?post=3913"}],"curies":[{"name":"wp","href":"https:\/\/api.w.org\/{rel}","templated":true}]}}