{"id":3958,"date":"2024-05-17T16:40:58","date_gmt":"2024-05-17T13:40:58","guid":{"rendered":"https:\/\/freshmarket.md\/?post_type=product&#038;p=3958"},"modified":"2026-01-19T13:44:27","modified_gmt":"2026-01-19T11:44:27","slug":"masline-negre-atlas-in-saramura-1kg-cutie-royal-greek","status":"publish","type":"product","link":"https:\/\/freshmarket.md\/ru\/product\/masline-negre-atlas-in-saramura-1kg-cutie-royal-greek\/","title":{"rendered":"M\u0103sline negre Atlas \u00een saramur\u0103 1kg cutie Royal Greek"},"content":{"rendered":"<p>Maslinele negre Atlas impresioneaza prin aroma si gustul consistent, fiind cele mai bune soiuri de masline.<br \/>\nAceste masline, coapte la soare, sunt culese cu cea mai mare grija si realizate in urma unui proces manual din produse atent selectionate ce pot fi servite ca aperitiv la micul dejun, cat si in perioada postului.<br \/>\nDa gust meselor tale cu cele mai bune masline negre la un super pret!<\/p>\n<p>Produs ambalat in cutie 1kg.<br \/>\nA se pastra la loc uscat si racoros, ferit de razele soarelui.<\/p>","protected":false},"excerpt":{"rendered":"<p>Maslinele negre Atlas impresioneaza prin aroma si gustul consistent, fiind cele mai bune soiuri de masline. Aceste masline, coapte la soare, sunt culese cu cea mai mare grija si realizate in urma unui proces manual din produse atent selectionate ce pot fi servite ca aperitiv la micul dejun, cat si in perioada postului. Da gust [&hellip;]<\/p>","protected":false},"featured_media":3960,"comment_status":"closed","ping_status":"closed","template":"","meta":[],"product_cat":[48,49],"product_tag":[],"domeniu":[],"acf":[],"_links":{"self":[{"href":"https:\/\/freshmarket.md\/ru\/wp-json\/wp\/v2\/product\/3958"}],"collection":[{"href":"https:\/\/freshmarket.md\/ru\/wp-json\/wp\/v2\/product"}],"about":[{"href":"https:\/\/freshmarket.md\/ru\/wp-json\/wp\/v2\/types\/product"}],"replies":[{"embeddable":true,"href":"https:\/\/freshmarket.md\/ru\/wp-json\/wp\/v2\/comments?post=3958"}],"wp:featuredmedia":[{"embeddable":true,"href":"https:\/\/freshmarket.md\/ru\/wp-json\/wp\/v2\/media\/3960"}],"wp:attachment":[{"href":"https:\/\/freshmarket.md\/ru\/wp-json\/wp\/v2\/media?parent=3958"}],"wp:term":[{"taxonomy":"product_cat","embeddable":true,"href":"https:\/\/freshmarket.md\/ru\/wp-json\/wp\/v2\/product_cat?post=3958"},{"taxonomy":"product_tag","embeddable":true,"href":"https:\/\/freshmarket.md\/ru\/wp-json\/wp\/v2\/product_tag?post=3958"},{"taxonomy":"domeniu","embeddable":true,"href":"https:\/\/freshmarket.md\/ru\/wp-json\/wp\/v2\/domeniu?post=3958"}],"curies":[{"name":"wp","href":"https:\/\/api.w.org\/{rel}","templated":true}]}}