{"id":4029,"date":"2024-06-25T17:22:28","date_gmt":"2024-06-25T14:22:28","guid":{"rendered":"https:\/\/freshmarket.md\/?post_type=product&#038;p=4029"},"modified":"2026-01-19T13:44:30","modified_gmt":"2026-01-19T11:44:30","slug":"nuci-macadamia-in-coaja-500g","status":"publish","type":"product","link":"https:\/\/freshmarket.md\/ru\/product\/nuci-macadamia-in-coaja-500g\/","title":{"rendered":"Nuci Macadamia in coaja, 500g"},"content":{"rendered":"<div class=\"QFw9Te BLojaf\">\n<div id=\"ow353\">\n<p>Nuca macadamia este \u201eregina nucilor\u201d \u0219i este originar\u0103 din Australia. Nuca macadamia face parte din familia Proteaceae \u0219i se num\u0103r\u0103 printre fructele indehiscente, deoarece stratul pericarp este lemnos \u0219i \u00eenconjoar\u0103 o singur\u0103 s\u0103m\u00e2n\u021b\u0103<\/p>\n<div class=\"m-text-media__text o-richtext\">\n<p>Nuca macadamia se num\u0103r\u0103 printre cele mai scumpe\u00a0<a href=\"https:\/\/www.kaufland.md\/ro\/sortiment\/enciclopedia-alimentelor\/grasimi-si-uleiuri\/seminte-s-nuci.html\" target=\"_blank\" rel=\"noopener\">nuci<\/a>\u00a0din lume, deoarece sunt dificil de cultivat. Datorit\u0103 cojii, nucile macadamia seam\u0103n\u0103 cu castanele. Totu\u0219i, coaja este foarte tare \u0219i se sparge cu ajutorul unui aparat mecanic. Gustul este u\u0219or lemnos. Consumul acestora \u00eent\u0103re\u0219te inima \u0219i nervii cu ajutorul ingredientelor valoroase \u0219i furnizeaz\u0103 corpului vitamine B importante. \u00cen plus, este incredibil de hr\u0103nitoare:<strong>\u00a0\u201eregina nucilor\u201d\u00a0<\/strong>cu un con\u021binut de gr\u0103simi de 75% este lider \u00een categoria nucilor.<\/p>\n<div class=\"m-text-media__meta-headline\">\n<div class=\"o-richtext o-richtext--no-margin\" data-t-name=\"Richtext\">\n<div class=\"o-richtext--level-3\">Valoare nutritiv\u0103<\/div>\n<\/div>\n<\/div>\n<div class=\"m-text-media__content m-text-media__content--pos-left\">\n<div class=\"m-text-media__text o-richtext\">\n<div><\/div>\n<p><strong>kcal:<\/strong>\u00a0703 kcal<\/p>\n<p><strong>Carbohidra\u021bi:<\/strong>\u00a04 g<\/p>\n<p><strong>\u041f\u0440\u043e\u0442\u0435\u0438\u043d\u044b:\u00a0<\/strong>7,5 g<\/p>\n<p><strong>Gr\u0103simi:<\/strong>\u00a073 g<\/p>\n<\/div>\n<\/div>\n<\/div>\n<\/div>\n<\/div>","protected":false},"excerpt":{"rendered":"<p>Nuca macadamia este \u201eregina nucilor\u201d \u0219i este originar\u0103 din Australia. Nuca macadamia face parte din familia Proteaceae \u0219i se num\u0103r\u0103 printre fructele indehiscente, deoarece stratul pericarp este lemnos \u0219i \u00eenconjoar\u0103 o singur\u0103 s\u0103m\u00e2n\u021b\u0103 Nuca macadamia se num\u0103r\u0103 printre cele mai scumpe\u00a0nuci\u00a0din lume, deoarece sunt dificil de cultivat. Datorit\u0103 cojii, nucile macadamia seam\u0103n\u0103 cu castanele. Totu\u0219i, [&hellip;]<\/p>","protected":false},"featured_media":4030,"comment_status":"closed","ping_status":"closed","template":"","meta":[],"product_cat":[51],"product_tag":[],"domeniu":[],"acf":[],"_links":{"self":[{"href":"https:\/\/freshmarket.md\/ru\/wp-json\/wp\/v2\/product\/4029"}],"collection":[{"href":"https:\/\/freshmarket.md\/ru\/wp-json\/wp\/v2\/product"}],"about":[{"href":"https:\/\/freshmarket.md\/ru\/wp-json\/wp\/v2\/types\/product"}],"replies":[{"embeddable":true,"href":"https:\/\/freshmarket.md\/ru\/wp-json\/wp\/v2\/comments?post=4029"}],"wp:featuredmedia":[{"embeddable":true,"href":"https:\/\/freshmarket.md\/ru\/wp-json\/wp\/v2\/media\/4030"}],"wp:attachment":[{"href":"https:\/\/freshmarket.md\/ru\/wp-json\/wp\/v2\/media?parent=4029"}],"wp:term":[{"taxonomy":"product_cat","embeddable":true,"href":"https:\/\/freshmarket.md\/ru\/wp-json\/wp\/v2\/product_cat?post=4029"},{"taxonomy":"product_tag","embeddable":true,"href":"https:\/\/freshmarket.md\/ru\/wp-json\/wp\/v2\/product_tag?post=4029"},{"taxonomy":"domeniu","embeddable":true,"href":"https:\/\/freshmarket.md\/ru\/wp-json\/wp\/v2\/domeniu?post=4029"}],"curies":[{"name":"wp","href":"https:\/\/api.w.org\/{rel}","templated":true}]}}