{"id":4046,"date":"2024-06-27T22:55:58","date_gmt":"2024-06-27T19:55:58","guid":{"rendered":"https:\/\/freshmarket.md\/?post_type=product&#038;p=4046"},"modified":"2026-01-19T13:44:31","modified_gmt":"2026-01-19T11:44:31","slug":"stafide-negre-500g","status":"publish","type":"product","link":"https:\/\/freshmarket.md\/ru\/product\/stafide-negre-500g\/","title":{"rendered":"Stafide negre, 500g"},"content":{"rendered":"<div class=\"QFw9Te BLojaf\">\n<div id=\"ow353\">\n<p>Stafidele \u2013 bine cunoscute ca \u201ekishmish\u201d \u00een Asia Central\u0103 \u2013 sunt struguri usca\u021bi. Exist\u0103 o mul\u021bime de soiuri de stafide, deoarece depinde de tipul de struguri \u0219i de metodele de uscare.<\/p>\n<p>S\u0103 vorbim despre stafidele negre. Aceast\u0103 varietate de stafide a fost dezvoltat\u0103 cu peste 5.000 de ani \u00een urm\u0103, iar pe teritoriul Uzbekistanului, stafidele negre sunt cunoscute sub numele de Sayaki. Tipul acestei stafide se ob\u021bine prin uscare la umbr\u0103, \u00een timp ce o recolt\u0103 foarte mare datorit\u0103 condi\u021biilor climatice favorabile din Uzbekistan.<\/p>\n<p>Stafidele negre f\u0103r\u0103 semin\u021be sunt folosite de obicei pentru consum, precum \u0219i \u00een cofet\u0103rie. Pulpa sa dulce, cu o coaj\u0103 crocant\u0103 delicat\u0103 \u0219i aspect frumos, a fost de mult\u0103 vreme popular\u0103 pe merit \u00een \u00eentreaga lume. Este considerat a fi cel mai bogat tip de stafide din \u00eentreaga lume.<\/p>\n<p>Soiul Sayaki \u2013 are o culoare \u00eenchis\u0103, dar acoperirea cu plac\u0103 cap\u0103t\u0103 o nuan\u021b\u0103 de albastru \u00eenchis, iar acum, aceast\u0103 delicate\u021be \u00eempodobe\u0219te orice mas\u0103 de s\u0103rb\u0103toare.<\/p>\n<p>\u00cen zilele noastre, aceast\u0103 stafide a devenit din ce \u00een ce mai popular\u0103 \u00een r\u00e2ndul produselor de copt \u0219i cofet\u0103rie \u00een general, dar dimensiunea jumbo-ului negru este perfect\u0103 pentru orice mas\u0103 de s\u0103rb\u0103tori. Ast\u0103zi, Sunny Fruit Production furnizeaz\u0103 stafide negre Sayaki din \u00eensorita Uzbekistan \u00een vrac \u00een toat\u0103 lumea.<\/p>\n<\/div>\n<div id=\"ow353\">\n<p>&nbsp;<\/p>\n<\/div>\n<\/div>","protected":false},"excerpt":{"rendered":"<p>Stafidele \u2013 bine cunoscute ca \u201ekishmish\u201d \u00een Asia Central\u0103 \u2013 sunt struguri usca\u021bi. Exist\u0103 o mul\u021bime de soiuri de stafide, deoarece depinde de tipul de struguri \u0219i de metodele de uscare. S\u0103 vorbim despre stafidele negre. Aceast\u0103 varietate de stafide a fost dezvoltat\u0103 cu peste 5.000 de ani \u00een urm\u0103, iar pe teritoriul Uzbekistanului, stafidele [&hellip;]<\/p>","protected":false},"featured_media":4047,"comment_status":"closed","ping_status":"closed","template":"","meta":[],"product_cat":[52,51],"product_tag":[],"domeniu":[],"acf":[],"_links":{"self":[{"href":"https:\/\/freshmarket.md\/ru\/wp-json\/wp\/v2\/product\/4046"}],"collection":[{"href":"https:\/\/freshmarket.md\/ru\/wp-json\/wp\/v2\/product"}],"about":[{"href":"https:\/\/freshmarket.md\/ru\/wp-json\/wp\/v2\/types\/product"}],"replies":[{"embeddable":true,"href":"https:\/\/freshmarket.md\/ru\/wp-json\/wp\/v2\/comments?post=4046"}],"wp:featuredmedia":[{"embeddable":true,"href":"https:\/\/freshmarket.md\/ru\/wp-json\/wp\/v2\/media\/4047"}],"wp:attachment":[{"href":"https:\/\/freshmarket.md\/ru\/wp-json\/wp\/v2\/media?parent=4046"}],"wp:term":[{"taxonomy":"product_cat","embeddable":true,"href":"https:\/\/freshmarket.md\/ru\/wp-json\/wp\/v2\/product_cat?post=4046"},{"taxonomy":"product_tag","embeddable":true,"href":"https:\/\/freshmarket.md\/ru\/wp-json\/wp\/v2\/product_tag?post=4046"},{"taxonomy":"domeniu","embeddable":true,"href":"https:\/\/freshmarket.md\/ru\/wp-json\/wp\/v2\/domeniu?post=4046"}],"curies":[{"name":"wp","href":"https:\/\/api.w.org\/{rel}","templated":true}]}}