{"id":4055,"date":"2025-01-27T13:13:05","date_gmt":"2025-01-27T11:13:05","guid":{"rendered":"https:\/\/freshmarket.md\/?post_type=product&#038;p=4055"},"modified":"2026-04-14T09:59:19","modified_gmt":"2026-04-14T06:59:19","slug":"varza-alba","status":"publish","type":"product","link":"https:\/\/freshmarket.md\/ru\/product\/varza-alba\/","title":{"rendered":"Varz\u0103 alb\u0103"},"content":{"rendered":"<p>Varza alb\u0103 este una dintre cele mai versatile \u0219i iubite legume din buc\u0103t\u0103ria tradi\u021bional\u0103 \u0219i interna\u021bional\u0103. Cu o textur\u0103 crocant\u0103 \u0219i un gust delicat, este ideal\u0103 at\u00e2t pentru preparate calde, c\u00e2t \u0219i pentru salate proaspete, aduc\u00e2nd un plus de savoare \u0219i beneficii nutri\u021bionale.<\/p>\n<ul>\n<li>Surs\u0103 excelent\u0103 de vitamina C, sprijinind imunitatea \u0219i s\u0103n\u0103tatea pielii.<\/li>\n<li>Bogat\u0103 \u00een fibre, ajut\u0103 la o digestie s\u0103n\u0103toas\u0103 \u0219i la reglarea colesterolului.<\/li>\n<li>Con\u021bine antioxidan\u021bi care reduc inflama\u021biile \u0219i protejeaz\u0103 celulele \u00eempotriva radicalilor liberi.<\/li>\n<li><\/li>\n<li><strong>Recomand\u0103ri \u0219i condi\u021bii de p\u0103strare<\/strong>:\n<ul>\n<li>Depoziteaz\u0103 varza alb\u0103 \u00eentr-un loc r\u0103coros, uscat \u0219i \u00eentunecat, cum ar fi c\u0103mara sau frigiderul, pentru a-i men\u021bine prospe\u021bimea p\u00e2n\u0103 la 2 s\u0103pt\u0103m\u00e2ni<\/li>\n<\/ul>\n<ul>\n<li>Poate fi consumat\u0103 crud\u0103, \u00een salate sau mur\u0103turi, dar \u0219i g\u0103tit\u0103 \u00een ciorbe, sarmale sau garnituri.<\/li>\n<\/ul>\n<\/li>\n<\/ul>","protected":false},"excerpt":{"rendered":"<p>Varza alb\u0103 este una dintre cele mai versatile \u0219i iubite legume din buc\u0103t\u0103ria tradi\u021bional\u0103 \u0219i interna\u021bional\u0103. Cu o textur\u0103 crocant\u0103 \u0219i un gust delicat, este ideal\u0103 at\u00e2t pentru preparate calde, c\u00e2t \u0219i pentru salate proaspete, aduc\u00e2nd un plus de savoare \u0219i beneficii nutri\u021bionale. Surs\u0103 excelent\u0103 de vitamina C, sprijinind imunitatea \u0219i s\u0103n\u0103tatea pielii. Bogat\u0103 \u00een [&hellip;]<\/p>","protected":false},"featured_media":4056,"comment_status":"closed","ping_status":"closed","template":"","meta":[],"product_cat":[15],"product_tag":[],"domeniu":[],"acf":[],"_links":{"self":[{"href":"https:\/\/freshmarket.md\/ru\/wp-json\/wp\/v2\/product\/4055"}],"collection":[{"href":"https:\/\/freshmarket.md\/ru\/wp-json\/wp\/v2\/product"}],"about":[{"href":"https:\/\/freshmarket.md\/ru\/wp-json\/wp\/v2\/types\/product"}],"replies":[{"embeddable":true,"href":"https:\/\/freshmarket.md\/ru\/wp-json\/wp\/v2\/comments?post=4055"}],"wp:featuredmedia":[{"embeddable":true,"href":"https:\/\/freshmarket.md\/ru\/wp-json\/wp\/v2\/media\/4056"}],"wp:attachment":[{"href":"https:\/\/freshmarket.md\/ru\/wp-json\/wp\/v2\/media?parent=4055"}],"wp:term":[{"taxonomy":"product_cat","embeddable":true,"href":"https:\/\/freshmarket.md\/ru\/wp-json\/wp\/v2\/product_cat?post=4055"},{"taxonomy":"product_tag","embeddable":true,"href":"https:\/\/freshmarket.md\/ru\/wp-json\/wp\/v2\/product_tag?post=4055"},{"taxonomy":"domeniu","embeddable":true,"href":"https:\/\/freshmarket.md\/ru\/wp-json\/wp\/v2\/domeniu?post=4055"}],"curies":[{"name":"wp","href":"https:\/\/api.w.org\/{rel}","templated":true}]}}