{"id":4058,"date":"2025-01-27T13:32:52","date_gmt":"2025-01-27T11:32:52","guid":{"rendered":"https:\/\/freshmarket.md\/?post_type=product&#038;p=4058"},"modified":"2026-04-14T09:59:19","modified_gmt":"2026-04-14T06:59:19","slug":"castraveti-cornison-turcia","status":"publish","type":"product","link":"https:\/\/freshmarket.md\/ru\/product\/castraveti-cornison-turcia\/","title":{"rendered":"Castrave\u021bi Cornison Turcia"},"content":{"rendered":"<p>Castravetele cornichon este o legum\u0103 crocant\u0103 \u0219i r\u0103coritoare, perfect\u0103 pentru gust\u0103ri s\u0103n\u0103toase, salate proaspete sau preparate conservate. Cu dimensiuni mici \u0219i un gust u\u0219or dulceag, este alegerea ideal\u0103 pentru o alimenta\u021bie echilibrat\u0103.<\/p>\n<p><strong>Beneficii generale<\/strong>:<\/p>\n<ul>\n<li>Bogat \u00een ap\u0103 (aproximativ 95%), contribuie la hidratarea organismului.<\/li>\n<li>S\u0103rac \u00een calorii, fiind ideal pentru diete \u0219i stiluri de via\u021b\u0103 active.<\/li>\n<li>Con\u021bine vitamine precum vitamina K, care sus\u021bine s\u0103n\u0103tatea oaselor.<\/li>\n<li>Ajut\u0103 la detoxifiere datorit\u0103 con\u021binutului de antioxidan\u021bi \u0219i efectului diuretic natural.<\/li>\n<li><\/li>\n<\/ul>\n<p><strong>Recomand\u0103ri \u0219i condi\u021bii de p\u0103strare<\/strong>:<\/p>\n<ul>\n<li>P\u0103streaz\u0103 castrave\u021bii cornichon \u00een frigider, \u00eentr-o pung\u0103 sau recipient perforat, pentru a le men\u021bine prospe\u021bimea p\u00e2n\u0103 la 7 zile.<\/li>\n<li>Perfect pentru salate, sandwich-uri sau mur\u0103turi, castrave\u021bii cornichon adaug\u0103 un plus de crocant \u0219i savoare oric\u0103rei mese.<\/li>\n<\/ul>","protected":false},"excerpt":{"rendered":"<p>Castravetele cornichon este o legum\u0103 crocant\u0103 \u0219i r\u0103coritoare, perfect\u0103 pentru gust\u0103ri s\u0103n\u0103toase, salate proaspete sau preparate conservate. Cu dimensiuni mici \u0219i un gust u\u0219or dulceag, este alegerea ideal\u0103 pentru o alimenta\u021bie echilibrat\u0103. Beneficii generale: Bogat \u00een ap\u0103 (aproximativ 95%), contribuie la hidratarea organismului. S\u0103rac \u00een calorii, fiind ideal pentru diete \u0219i stiluri de via\u021b\u0103 active. [&hellip;]<\/p>","protected":false},"featured_media":4059,"comment_status":"closed","ping_status":"closed","template":"","meta":[],"product_cat":[15],"product_tag":[],"domeniu":[],"acf":[],"_links":{"self":[{"href":"https:\/\/freshmarket.md\/ru\/wp-json\/wp\/v2\/product\/4058"}],"collection":[{"href":"https:\/\/freshmarket.md\/ru\/wp-json\/wp\/v2\/product"}],"about":[{"href":"https:\/\/freshmarket.md\/ru\/wp-json\/wp\/v2\/types\/product"}],"replies":[{"embeddable":true,"href":"https:\/\/freshmarket.md\/ru\/wp-json\/wp\/v2\/comments?post=4058"}],"wp:featuredmedia":[{"embeddable":true,"href":"https:\/\/freshmarket.md\/ru\/wp-json\/wp\/v2\/media\/4059"}],"wp:attachment":[{"href":"https:\/\/freshmarket.md\/ru\/wp-json\/wp\/v2\/media?parent=4058"}],"wp:term":[{"taxonomy":"product_cat","embeddable":true,"href":"https:\/\/freshmarket.md\/ru\/wp-json\/wp\/v2\/product_cat?post=4058"},{"taxonomy":"product_tag","embeddable":true,"href":"https:\/\/freshmarket.md\/ru\/wp-json\/wp\/v2\/product_tag?post=4058"},{"taxonomy":"domeniu","embeddable":true,"href":"https:\/\/freshmarket.md\/ru\/wp-json\/wp\/v2\/domeniu?post=4058"}],"curies":[{"name":"wp","href":"https:\/\/api.w.org\/{rel}","templated":true}]}}