{"id":4068,"date":"2025-12-14T19:45:35","date_gmt":"2025-12-14T17:45:35","guid":{"rendered":"https:\/\/freshmarket.md\/?post_type=product&#038;p=4068"},"modified":"2026-04-14T09:59:19","modified_gmt":"2026-04-14T06:59:19","slug":"ridiche-neagra","status":"publish","type":"product","link":"https:\/\/freshmarket.md\/ru\/product\/ridiche-neagra\/","title":{"rendered":"Ridiche neagr\u0103"},"content":{"rendered":"<p>Ridichea neagr\u0103 este o legum\u0103 cu gust intens \u0219i arom\u0103 u\u0219or picant\u0103, apreciat\u0103 pentru propriet\u0103\u021bile sale nutritive \u0219i utiliz\u0103rile variate \u00een buc\u0103t\u0103rie. Are o textur\u0103 ferm\u0103 \u0219i o pulp\u0103 alb\u0103, suculent\u0103, care adaug\u0103 personalitate salatelor \u0219i preparatelor crude sau g\u0103tite.<\/p>\n<p>Recunoscut\u0103 pentru con\u021binutul bogat de vitamine \u0219i antioxidan\u021bi, ridichea neagr\u0103 este adesea inclus\u0103 \u00een diete echilibrate \u0219i cure de detoxifiere. Ideal\u0103 pentru salate proaspete, sucuri naturale sau garnituri, aceast\u0103 legum\u0103 aduce un plus de savoare \u0219i beneficii \u00een alimenta\u021bia zilnic\u0103.<\/p>","protected":false},"excerpt":{"rendered":"<p>Ridichea neagr\u0103 este o legum\u0103 cu gust intens \u0219i arom\u0103 u\u0219or picant\u0103, apreciat\u0103 pentru propriet\u0103\u021bile sale nutritive \u0219i utiliz\u0103rile variate \u00een buc\u0103t\u0103rie. Are o textur\u0103 ferm\u0103 \u0219i o pulp\u0103 alb\u0103, suculent\u0103, care adaug\u0103 personalitate salatelor \u0219i preparatelor crude sau g\u0103tite. Recunoscut\u0103 pentru con\u021binutul bogat de vitamine \u0219i antioxidan\u021bi, ridichea neagr\u0103 este adesea inclus\u0103 \u00een diete [&hellip;]<\/p>","protected":false},"featured_media":4069,"comment_status":"closed","ping_status":"closed","template":"","meta":[],"product_cat":[44],"product_tag":[],"domeniu":[],"acf":[],"_links":{"self":[{"href":"https:\/\/freshmarket.md\/ru\/wp-json\/wp\/v2\/product\/4068"}],"collection":[{"href":"https:\/\/freshmarket.md\/ru\/wp-json\/wp\/v2\/product"}],"about":[{"href":"https:\/\/freshmarket.md\/ru\/wp-json\/wp\/v2\/types\/product"}],"replies":[{"embeddable":true,"href":"https:\/\/freshmarket.md\/ru\/wp-json\/wp\/v2\/comments?post=4068"}],"wp:featuredmedia":[{"embeddable":true,"href":"https:\/\/freshmarket.md\/ru\/wp-json\/wp\/v2\/media\/4069"}],"wp:attachment":[{"href":"https:\/\/freshmarket.md\/ru\/wp-json\/wp\/v2\/media?parent=4068"}],"wp:term":[{"taxonomy":"product_cat","embeddable":true,"href":"https:\/\/freshmarket.md\/ru\/wp-json\/wp\/v2\/product_cat?post=4068"},{"taxonomy":"product_tag","embeddable":true,"href":"https:\/\/freshmarket.md\/ru\/wp-json\/wp\/v2\/product_tag?post=4068"},{"taxonomy":"domeniu","embeddable":true,"href":"https:\/\/freshmarket.md\/ru\/wp-json\/wp\/v2\/domeniu?post=4068"}],"curies":[{"name":"wp","href":"https:\/\/api.w.org\/{rel}","templated":true}]}}