{"id":4071,"date":"2025-12-14T20:18:48","date_gmt":"2025-12-14T18:18:48","guid":{"rendered":"https:\/\/freshmarket.md\/?post_type=product&#038;p=4071"},"modified":"2026-05-13T13:58:35","modified_gmt":"2026-05-13T10:58:35","slug":"dovleac","status":"publish","type":"product","link":"https:\/\/freshmarket.md\/ru\/product\/dovleac\/","title":{"rendered":"Dovleac"},"content":{"rendered":"<p>Dovleacul este o legum\u0103 versatil\u0103, apreciat\u0103 pentru gustul s\u0103u dulceag \u0219i textura fin\u0103, ideal\u0103 pentru o varietate de preparate culinare. Pulpa sa intens colorat\u0103 aduce savoare at\u00e2t re\u021betelor tradi\u021bionale, c\u00e2t \u0219i celor moderne, fiind potrivit\u0103 pentru supe-crem\u0103, piureuri, pl\u0103cinte, deserturi sau preparate la cuptor.<\/p>\n<p data-start=\"515\" data-end=\"764\">Dovleacul este bogat \u00een vitamine \u0219i antioxidan\u021bi, contribuind la men\u021binerea unei alimenta\u021bii echilibrate. Con\u021binutul ridicat de beta-caroten sus\u021bine s\u0103n\u0103tatea pielii \u0219i a vederii, iar aportul de fibre ajut\u0103 digestia \u0219i men\u021bine senza\u021bia de sa\u021bietate.<\/p>\n<p data-start=\"766\" data-end=\"981\">Datorit\u0103 valorii calorice sc\u0103zute \u0219i con\u021binutului mare de ap\u0103, dovleacul este recomandat \u00een diete echilibrate \u0219i regimuri alimentare variate. Este o alegere excelent\u0103 pentru mese u\u0219oare, hr\u0103nitoare \u0219i pline de gust.<\/p>","protected":false},"excerpt":{"rendered":"<p>Dovleacul este o legum\u0103 versatil\u0103, apreciat\u0103 pentru gustul s\u0103u dulceag \u0219i textura fin\u0103, ideal\u0103 pentru o varietate de preparate culinare. Pulpa sa intens colorat\u0103 aduce savoare at\u00e2t re\u021betelor tradi\u021bionale, c\u00e2t \u0219i celor moderne, fiind potrivit\u0103 pentru supe-crem\u0103, piureuri, pl\u0103cinte, deserturi sau preparate la cuptor. Dovleacul este bogat \u00een vitamine \u0219i antioxidan\u021bi, contribuind la men\u021binerea unei [&hellip;]<\/p>","protected":false},"featured_media":4072,"comment_status":"closed","ping_status":"closed","template":"","meta":[],"product_cat":[15],"product_tag":[],"domeniu":[],"acf":[],"_links":{"self":[{"href":"https:\/\/freshmarket.md\/ru\/wp-json\/wp\/v2\/product\/4071"}],"collection":[{"href":"https:\/\/freshmarket.md\/ru\/wp-json\/wp\/v2\/product"}],"about":[{"href":"https:\/\/freshmarket.md\/ru\/wp-json\/wp\/v2\/types\/product"}],"replies":[{"embeddable":true,"href":"https:\/\/freshmarket.md\/ru\/wp-json\/wp\/v2\/comments?post=4071"}],"wp:featuredmedia":[{"embeddable":true,"href":"https:\/\/freshmarket.md\/ru\/wp-json\/wp\/v2\/media\/4072"}],"wp:attachment":[{"href":"https:\/\/freshmarket.md\/ru\/wp-json\/wp\/v2\/media?parent=4071"}],"wp:term":[{"taxonomy":"product_cat","embeddable":true,"href":"https:\/\/freshmarket.md\/ru\/wp-json\/wp\/v2\/product_cat?post=4071"},{"taxonomy":"product_tag","embeddable":true,"href":"https:\/\/freshmarket.md\/ru\/wp-json\/wp\/v2\/product_tag?post=4071"},{"taxonomy":"domeniu","embeddable":true,"href":"https:\/\/freshmarket.md\/ru\/wp-json\/wp\/v2\/domeniu?post=4071"}],"curies":[{"name":"wp","href":"https:\/\/api.w.org\/{rel}","templated":true}]}}