{"id":4080,"date":"2025-12-14T20:48:11","date_gmt":"2025-12-14T18:48:11","guid":{"rendered":"https:\/\/freshmarket.md\/?post_type=product&#038;p=4080"},"modified":"2026-05-13T13:58:35","modified_gmt":"2026-05-13T10:58:35","slug":"zmeura","status":"publish","type":"product","link":"https:\/\/freshmarket.md\/ru\/product\/zmeura\/","title":{"rendered":"Zmeur\u0103, 125 g"},"content":{"rendered":"<p data-start=\"175\" data-end=\"440\">Zmeura este un fruct delicat \u0219i aromat, apreciat pentru gustul s\u0103u dulce-acri\u0219or \u0219i textura fin\u0103. Proasp\u0103t\u0103 \u0219i intens parfumat\u0103, zmeura este ideal\u0103 pentru consum ca atare, dar \u0219i pentru deserturi, smoothie-uri, iaurturi, salate de fructe sau preparate de patiserie.<\/p>\n<hr data-start=\"442\" data-end=\"445\" \/>\n<p data-start=\"470\" data-end=\"803\">Zmeura este bogat\u0103 \u00een antioxidan\u021bi \u0219i vitamine, contribuind la sus\u021binerea imunit\u0103\u021bii \u0219i la protejarea organismului \u00eempotriva stresului oxidativ. Con\u021binutul ridicat de fibre sprijin\u0103 digestia \u0219i ajut\u0103 la men\u021binerea senza\u021biei de sa\u021bietate. Este un fruct recomandat \u00eentr-o alimenta\u021bie echilibrat\u0103 \u0219i \u00een diete cu aport caloric controlat.<\/p>","protected":false},"excerpt":{"rendered":"<p>Zmeura este un fruct delicat \u0219i aromat, apreciat pentru gustul s\u0103u dulce-acri\u0219or \u0219i textura fin\u0103. Proasp\u0103t\u0103 \u0219i intens parfumat\u0103, zmeura este ideal\u0103 pentru consum ca atare, dar \u0219i pentru deserturi, smoothie-uri, iaurturi, salate de fructe sau preparate de patiserie. Zmeura este bogat\u0103 \u00een antioxidan\u021bi \u0219i vitamine, contribuind la sus\u021binerea imunit\u0103\u021bii \u0219i la protejarea organismului \u00eempotriva [&hellip;]<\/p>","protected":false},"featured_media":4077,"comment_status":"closed","ping_status":"closed","template":"","meta":[],"product_cat":[20,47],"product_tag":[],"domeniu":[],"acf":[],"_links":{"self":[{"href":"https:\/\/freshmarket.md\/ru\/wp-json\/wp\/v2\/product\/4080"}],"collection":[{"href":"https:\/\/freshmarket.md\/ru\/wp-json\/wp\/v2\/product"}],"about":[{"href":"https:\/\/freshmarket.md\/ru\/wp-json\/wp\/v2\/types\/product"}],"replies":[{"embeddable":true,"href":"https:\/\/freshmarket.md\/ru\/wp-json\/wp\/v2\/comments?post=4080"}],"wp:featuredmedia":[{"embeddable":true,"href":"https:\/\/freshmarket.md\/ru\/wp-json\/wp\/v2\/media\/4077"}],"wp:attachment":[{"href":"https:\/\/freshmarket.md\/ru\/wp-json\/wp\/v2\/media?parent=4080"}],"wp:term":[{"taxonomy":"product_cat","embeddable":true,"href":"https:\/\/freshmarket.md\/ru\/wp-json\/wp\/v2\/product_cat?post=4080"},{"taxonomy":"product_tag","embeddable":true,"href":"https:\/\/freshmarket.md\/ru\/wp-json\/wp\/v2\/product_tag?post=4080"},{"taxonomy":"domeniu","embeddable":true,"href":"https:\/\/freshmarket.md\/ru\/wp-json\/wp\/v2\/domeniu?post=4080"}],"curies":[{"name":"wp","href":"https:\/\/api.w.org\/{rel}","templated":true}]}}