{"id":4081,"date":"2025-12-14T20:59:08","date_gmt":"2025-12-14T18:59:08","guid":{"rendered":"https:\/\/freshmarket.md\/?post_type=product&#038;p=4081"},"modified":"2026-04-30T11:11:44","modified_gmt":"2026-04-30T08:11:44","slug":"feijoas","status":"publish","type":"product","link":"https:\/\/freshmarket.md\/ru\/product\/feijoas\/","title":{"rendered":"Feijoas"},"content":{"rendered":"<p>Feijoa este un fruct exotic, apreciat pentru aroma sa distinct\u0103, care combin\u0103 note de ananas, c\u0103p\u0219uni \u0219i ment\u0103. Pulpa sa este suculent\u0103 \u0219i parfumat\u0103, iar textura pl\u0103cut\u0103 o face ideal\u0103 pentru consum proasp\u0103t, dar \u0219i pentru deserturi, smoothie-uri, salate de fructe sau gemuri artizanale.<\/p>\n<p>Feijoa este bogat\u0103 \u00een vitamine, antioxidan\u021bi \u0219i fibre, contribuind la sus\u021binerea digestiei \u0219i a sistemului imunitar. Con\u021binutul de vitamina C ajut\u0103 la protejarea organismului \u00eempotriva stresului oxidativ, iar fibrele alimentare sprijin\u0103 tranzitul intestinal \u0219i senza\u021bia de sa\u021bietate. Este un fruct potrivit pentru o alimenta\u021bie echilibrat\u0103 \u0219i variat\u0103.<\/p>\n<p>&nbsp;<\/p>\n<p>&nbsp;<\/p>\n<p>&nbsp;<\/p>","protected":false},"excerpt":{"rendered":"<p>Feijoa este un fruct exotic, apreciat pentru aroma sa distinct\u0103, care combin\u0103 note de ananas, c\u0103p\u0219uni \u0219i ment\u0103. Pulpa sa este suculent\u0103 \u0219i parfumat\u0103, iar textura pl\u0103cut\u0103 o face ideal\u0103 pentru consum proasp\u0103t, dar \u0219i pentru deserturi, smoothie-uri, salate de fructe sau gemuri artizanale. Feijoa este bogat\u0103 \u00een vitamine, antioxidan\u021bi \u0219i fibre, contribuind la sus\u021binerea [&hellip;]<\/p>","protected":false},"featured_media":4082,"comment_status":"closed","ping_status":"closed","template":"","meta":[],"product_cat":[20,22],"product_tag":[],"domeniu":[],"acf":[],"_links":{"self":[{"href":"https:\/\/freshmarket.md\/ru\/wp-json\/wp\/v2\/product\/4081"}],"collection":[{"href":"https:\/\/freshmarket.md\/ru\/wp-json\/wp\/v2\/product"}],"about":[{"href":"https:\/\/freshmarket.md\/ru\/wp-json\/wp\/v2\/types\/product"}],"replies":[{"embeddable":true,"href":"https:\/\/freshmarket.md\/ru\/wp-json\/wp\/v2\/comments?post=4081"}],"wp:featuredmedia":[{"embeddable":true,"href":"https:\/\/freshmarket.md\/ru\/wp-json\/wp\/v2\/media\/4082"}],"wp:attachment":[{"href":"https:\/\/freshmarket.md\/ru\/wp-json\/wp\/v2\/media?parent=4081"}],"wp:term":[{"taxonomy":"product_cat","embeddable":true,"href":"https:\/\/freshmarket.md\/ru\/wp-json\/wp\/v2\/product_cat?post=4081"},{"taxonomy":"product_tag","embeddable":true,"href":"https:\/\/freshmarket.md\/ru\/wp-json\/wp\/v2\/product_tag?post=4081"},{"taxonomy":"domeniu","embeddable":true,"href":"https:\/\/freshmarket.md\/ru\/wp-json\/wp\/v2\/domeniu?post=4081"}],"curies":[{"name":"wp","href":"https:\/\/api.w.org\/{rel}","templated":true}]}}