{"id":4083,"date":"2025-12-14T21:07:57","date_gmt":"2025-12-14T19:07:57","guid":{"rendered":"https:\/\/freshmarket.md\/?post_type=product&#038;p=4083"},"modified":"2026-05-13T13:58:35","modified_gmt":"2026-05-13T10:58:35","slug":"papaya","status":"publish","type":"product","link":"https:\/\/freshmarket.md\/ru\/product\/papaya\/","title":{"rendered":"Papaya"},"content":{"rendered":"<p data-start=\"164\" data-end=\"427\">Papaya este un fruct exotic, cu pulp\u0103 fin\u0103 \u0219i suculent\u0103, apreciat pentru gustul s\u0103u dulce \u0219i aroma delicat\u0103. U\u0219or de consumat \u0219i foarte versatil, papaya este ideal\u0103 at\u00e2t ca atare, c\u00e2t \u0219i \u00een salate de fructe, smoothie-uri, deserturi sau preparate culinare exotice.<\/p>\n<p>Papaya este bogat\u0103 \u00een vitamine \u0219i enzime naturale, contribuind la sus\u021binerea digestiei \u0219i a unei alimenta\u021bii echilibrate. Con\u021binutul ridicat de vitamina C \u0219i antioxidan\u021bi ajut\u0103 la \u00eent\u0103rirea sistemului imunitar, iar fibrele alimentare sprijin\u0103 tranzitul intestinal. Este un fruct u\u0219or, recomandat \u00een diete \u0219i meniuri s\u0103n\u0103toase.<\/p>\n<p>&nbsp;<\/p>\n<p>&nbsp;<\/p>\n<p>&nbsp;<\/p>","protected":false},"excerpt":{"rendered":"<p>Papaya este un fruct exotic, cu pulp\u0103 fin\u0103 \u0219i suculent\u0103, apreciat pentru gustul s\u0103u dulce \u0219i aroma delicat\u0103. U\u0219or de consumat \u0219i foarte versatil, papaya este ideal\u0103 at\u00e2t ca atare, c\u00e2t \u0219i \u00een salate de fructe, smoothie-uri, deserturi sau preparate culinare exotice. Papaya este bogat\u0103 \u00een vitamine \u0219i enzime naturale, contribuind la sus\u021binerea digestiei \u0219i [&hellip;]<\/p>","protected":false},"featured_media":4084,"comment_status":"closed","ping_status":"closed","template":"","meta":[],"product_cat":[20,22],"product_tag":[],"domeniu":[],"acf":[],"_links":{"self":[{"href":"https:\/\/freshmarket.md\/ru\/wp-json\/wp\/v2\/product\/4083"}],"collection":[{"href":"https:\/\/freshmarket.md\/ru\/wp-json\/wp\/v2\/product"}],"about":[{"href":"https:\/\/freshmarket.md\/ru\/wp-json\/wp\/v2\/types\/product"}],"replies":[{"embeddable":true,"href":"https:\/\/freshmarket.md\/ru\/wp-json\/wp\/v2\/comments?post=4083"}],"wp:featuredmedia":[{"embeddable":true,"href":"https:\/\/freshmarket.md\/ru\/wp-json\/wp\/v2\/media\/4084"}],"wp:attachment":[{"href":"https:\/\/freshmarket.md\/ru\/wp-json\/wp\/v2\/media?parent=4083"}],"wp:term":[{"taxonomy":"product_cat","embeddable":true,"href":"https:\/\/freshmarket.md\/ru\/wp-json\/wp\/v2\/product_cat?post=4083"},{"taxonomy":"product_tag","embeddable":true,"href":"https:\/\/freshmarket.md\/ru\/wp-json\/wp\/v2\/product_tag?post=4083"},{"taxonomy":"domeniu","embeddable":true,"href":"https:\/\/freshmarket.md\/ru\/wp-json\/wp\/v2\/domeniu?post=4083"}],"curies":[{"name":"wp","href":"https:\/\/api.w.org\/{rel}","templated":true}]}}