{"id":4087,"date":"2025-12-14T21:28:06","date_gmt":"2025-12-14T19:28:06","guid":{"rendered":"https:\/\/freshmarket.md\/?post_type=product&#038;p=4087"},"modified":"2026-04-08T14:39:34","modified_gmt":"2026-04-08T11:39:34","slug":"usturoi-china","status":"publish","type":"product","link":"https:\/\/freshmarket.md\/ru\/product\/usturoi-china\/","title":{"rendered":"Usturoi, China, 1kg"},"content":{"rendered":"<p>Usturoiul este o legum\u0103 aromat\u0103, cu gust puternic \u0219i caracteristic, indispensabil\u0103 \u00een numeroase buc\u0103t\u0103rii din \u00eentreaga lume. C\u0103\u021belul de usturoi ofer\u0103 preparatelor o arom\u0103 intens\u0103 \u0219i un plus de personalitate, fiind ideal pentru sosuri, marinade, supe, toc\u0103ni\u021be sau preparate la cuptor.<\/p>\n<p>Cunoscut pentru propriet\u0103\u021bile sale naturale, usturoiul con\u021bine compu\u0219i sulfurici care contribuie la men\u021binerea st\u0103rii generale de bine. Este apreciat pentru rolul s\u0103u \u00een sus\u021binerea imunit\u0103\u021bii \u0219i pentru efectele antioxidante, fiind un ingredient valoros \u00eentr-un stil de via\u021b\u0103 echilibrat.<\/p>","protected":false},"excerpt":{"rendered":"<p>Usturoiul este o legum\u0103 aromat\u0103, cu gust puternic \u0219i caracteristic, indispensabil\u0103 \u00een numeroase buc\u0103t\u0103rii din \u00eentreaga lume. C\u0103\u021belul de usturoi ofer\u0103 preparatelor o arom\u0103 intens\u0103 \u0219i un plus de personalitate, fiind ideal pentru sosuri, marinade, supe, toc\u0103ni\u021be sau preparate la cuptor. Cunoscut pentru propriet\u0103\u021bile sale naturale, usturoiul con\u021bine compu\u0219i sulfurici care contribuie la men\u021binerea st\u0103rii [&hellip;]<\/p>","protected":false},"featured_media":4088,"comment_status":"closed","ping_status":"closed","template":"","meta":[],"product_cat":[44],"product_tag":[],"domeniu":[],"acf":[],"_links":{"self":[{"href":"https:\/\/freshmarket.md\/ru\/wp-json\/wp\/v2\/product\/4087"}],"collection":[{"href":"https:\/\/freshmarket.md\/ru\/wp-json\/wp\/v2\/product"}],"about":[{"href":"https:\/\/freshmarket.md\/ru\/wp-json\/wp\/v2\/types\/product"}],"replies":[{"embeddable":true,"href":"https:\/\/freshmarket.md\/ru\/wp-json\/wp\/v2\/comments?post=4087"}],"wp:featuredmedia":[{"embeddable":true,"href":"https:\/\/freshmarket.md\/ru\/wp-json\/wp\/v2\/media\/4088"}],"wp:attachment":[{"href":"https:\/\/freshmarket.md\/ru\/wp-json\/wp\/v2\/media?parent=4087"}],"wp:term":[{"taxonomy":"product_cat","embeddable":true,"href":"https:\/\/freshmarket.md\/ru\/wp-json\/wp\/v2\/product_cat?post=4087"},{"taxonomy":"product_tag","embeddable":true,"href":"https:\/\/freshmarket.md\/ru\/wp-json\/wp\/v2\/product_tag?post=4087"},{"taxonomy":"domeniu","embeddable":true,"href":"https:\/\/freshmarket.md\/ru\/wp-json\/wp\/v2\/domeniu?post=4087"}],"curies":[{"name":"wp","href":"https:\/\/api.w.org\/{rel}","templated":true}]}}