{"id":4113,"date":"2026-01-04T13:26:21","date_gmt":"2026-01-04T11:26:21","guid":{"rendered":"https:\/\/freshmarket.md\/?post_type=product&#038;p=4113"},"modified":"2026-04-24T14:08:08","modified_gmt":"2026-04-24T11:08:08","slug":"fructul-dragonului-galben-1-kg","status":"publish","type":"product","link":"https:\/\/freshmarket.md\/ru\/product\/fructul-dragonului-galben-1-kg\/","title":{"rendered":"Fructul dragonului galben"},"content":{"rendered":"<h3 data-start=\"138\" data-end=\"201\">Fructul Dragonului galben \u2013 pitaya galben\u0103 dulce \u0219i aromat\u0103<\/h3>\n<p data-start=\"203\" data-end=\"513\"><strong data-start=\"203\" data-end=\"232\">Fructul dragonului galben<\/strong>, cunoscut \u0219i sub denumirea de <strong data-start=\"263\" data-end=\"281\">pitaya galben\u0103<\/strong>, este un fruct exotic deosebit, apreciat pentru coaja galben\u0103 intens\u0103 \u0219i pulpa alb\u0103, pres\u0103rat\u0103 cu semin\u021be fine, comestibile. Are un gust <strong data-start=\"419\" data-end=\"446\">mai dulce \u0219i mai aromat<\/strong> dec\u00e2t pitaya ro\u0219ie, cu note delicate de miere \u0219i fructe tropicale.<\/p>\n<p data-start=\"515\" data-end=\"774\">Este o surs\u0103 natural\u0103 de <strong data-start=\"540\" data-end=\"577\">vitamina C, fibre \u0219i antioxidan\u021bi<\/strong>, contribuind la digestie \u0219i sus\u021binerea sistemului imunitar. Fructul dragonului yellow se consum\u0103 proasp\u0103t, simplu sau ad\u0103ugat \u00een <strong data-start=\"707\" data-end=\"773\">salate de fructe, smoothie-uri, deserturi \u0219i preparate exotice<\/strong>.<\/p>\n<p data-start=\"776\" data-end=\"892\">\u2714 Gust dulce \u0219i rafinat<br data-start=\"799\" data-end=\"802\" \/>\u2714 Textur\u0103 cremoas\u0103 \u0219i r\u0103coritoare<br data-start=\"835\" data-end=\"838\" \/>\u2714 Fruct exotic premium, ideal pentru diete s\u0103n\u0103toase<\/p>","protected":false},"excerpt":{"rendered":"<p>Fructul Dragonului galben \u2013 pitaya galben\u0103 dulce \u0219i aromat\u0103 Fructul dragonului galben, cunoscut \u0219i sub denumirea de pitaya galben\u0103, este un fruct exotic deosebit, apreciat pentru coaja galben\u0103 intens\u0103 \u0219i pulpa alb\u0103, pres\u0103rat\u0103 cu semin\u021be fine, comestibile. Are un gust mai dulce \u0219i mai aromat dec\u00e2t pitaya ro\u0219ie, cu note delicate de miere \u0219i fructe [&hellip;]<\/p>","protected":false},"featured_media":4114,"comment_status":"closed","ping_status":"closed","template":"","meta":[],"product_cat":[20,22],"product_tag":[],"domeniu":[],"acf":[],"_links":{"self":[{"href":"https:\/\/freshmarket.md\/ru\/wp-json\/wp\/v2\/product\/4113"}],"collection":[{"href":"https:\/\/freshmarket.md\/ru\/wp-json\/wp\/v2\/product"}],"about":[{"href":"https:\/\/freshmarket.md\/ru\/wp-json\/wp\/v2\/types\/product"}],"replies":[{"embeddable":true,"href":"https:\/\/freshmarket.md\/ru\/wp-json\/wp\/v2\/comments?post=4113"}],"wp:featuredmedia":[{"embeddable":true,"href":"https:\/\/freshmarket.md\/ru\/wp-json\/wp\/v2\/media\/4114"}],"wp:attachment":[{"href":"https:\/\/freshmarket.md\/ru\/wp-json\/wp\/v2\/media?parent=4113"}],"wp:term":[{"taxonomy":"product_cat","embeddable":true,"href":"https:\/\/freshmarket.md\/ru\/wp-json\/wp\/v2\/product_cat?post=4113"},{"taxonomy":"product_tag","embeddable":true,"href":"https:\/\/freshmarket.md\/ru\/wp-json\/wp\/v2\/product_tag?post=4113"},{"taxonomy":"domeniu","embeddable":true,"href":"https:\/\/freshmarket.md\/ru\/wp-json\/wp\/v2\/domeniu?post=4113"}],"curies":[{"name":"wp","href":"https:\/\/api.w.org\/{rel}","templated":true}]}}