{"id":4115,"date":"2026-01-04T13:30:15","date_gmt":"2026-01-04T11:30:15","guid":{"rendered":"https:\/\/freshmarket.md\/?post_type=product&#038;p=4115"},"modified":"2026-04-24T14:08:08","modified_gmt":"2026-04-24T11:08:08","slug":"mangustan-1-kg","status":"publish","type":"product","link":"https:\/\/freshmarket.md\/ru\/product\/mangustan-1-kg\/","title":{"rendered":"Mangustan"},"content":{"rendered":"<h3 data-start=\"103\" data-end=\"145\">Mangustan \u2013 \u201eregina fructelor exotice\u201d<\/h3>\n<p data-start=\"147\" data-end=\"465\"><strong data-start=\"147\" data-end=\"162\">Mangustanul<\/strong> este un fruct exotic rar \u0219i apreciat, cunoscut pentru gustul s\u0103u fin, dulce-acri\u0219or \u0219i aroma delicat\u0103, considerat de mul\u021bi drept unul dintre cele mai savuroase fructe tropicale. Are coaj\u0103 groas\u0103, de culoare violet \u00eenchis, iar \u00een interior se afl\u0103 pulpa alb\u0103, fraged\u0103 \u0219i suculent\u0103, \u00eemp\u0103r\u021bit\u0103 \u00een segmente.<\/p>\n<p data-start=\"467\" data-end=\"725\">Bogat\u0103 \u00een <strong data-start=\"477\" data-end=\"512\">antioxidan\u021bi naturali (xantone)<\/strong>, vitamine \u0219i fibre, pulpa de mangustan contribuie la sus\u021binerea imunit\u0103\u021bii \u0219i a st\u0103rii generale de bine. Se consum\u0103 proasp\u0103t, ca atare, fiind ideal \u0219i pentru <strong data-start=\"671\" data-end=\"724\">deserturi, salate de fructe sau preparate exotice<\/strong>.<\/p>\n<p data-start=\"727\" data-end=\"836\">\u2714 Gust rafinat \u0219i arom\u0103 delicat\u0103<br data-start=\"759\" data-end=\"762\" \/>\u2714 Textur\u0103 fraged\u0103 \u0219i suculent\u0103<br data-start=\"792\" data-end=\"795\" \/>\u2714 Fruct exotic premium, foarte apreciat<\/p>\n<p>&nbsp;<\/p>\n<p>&nbsp;<\/p>","protected":false},"excerpt":{"rendered":"<p>Mangustan \u2013 \u201eregina fructelor exotice\u201d Mangustanul este un fruct exotic rar \u0219i apreciat, cunoscut pentru gustul s\u0103u fin, dulce-acri\u0219or \u0219i aroma delicat\u0103, considerat de mul\u021bi drept unul dintre cele mai savuroase fructe tropicale. Are coaj\u0103 groas\u0103, de culoare violet \u00eenchis, iar \u00een interior se afl\u0103 pulpa alb\u0103, fraged\u0103 \u0219i suculent\u0103, \u00eemp\u0103r\u021bit\u0103 \u00een segmente. Bogat\u0103 \u00een [&hellip;]<\/p>","protected":false},"featured_media":4116,"comment_status":"closed","ping_status":"closed","template":"","meta":[],"product_cat":[20,22],"product_tag":[],"domeniu":[],"acf":[],"_links":{"self":[{"href":"https:\/\/freshmarket.md\/ru\/wp-json\/wp\/v2\/product\/4115"}],"collection":[{"href":"https:\/\/freshmarket.md\/ru\/wp-json\/wp\/v2\/product"}],"about":[{"href":"https:\/\/freshmarket.md\/ru\/wp-json\/wp\/v2\/types\/product"}],"replies":[{"embeddable":true,"href":"https:\/\/freshmarket.md\/ru\/wp-json\/wp\/v2\/comments?post=4115"}],"wp:featuredmedia":[{"embeddable":true,"href":"https:\/\/freshmarket.md\/ru\/wp-json\/wp\/v2\/media\/4116"}],"wp:attachment":[{"href":"https:\/\/freshmarket.md\/ru\/wp-json\/wp\/v2\/media?parent=4115"}],"wp:term":[{"taxonomy":"product_cat","embeddable":true,"href":"https:\/\/freshmarket.md\/ru\/wp-json\/wp\/v2\/product_cat?post=4115"},{"taxonomy":"product_tag","embeddable":true,"href":"https:\/\/freshmarket.md\/ru\/wp-json\/wp\/v2\/product_tag?post=4115"},{"taxonomy":"domeniu","embeddable":true,"href":"https:\/\/freshmarket.md\/ru\/wp-json\/wp\/v2\/domeniu?post=4115"}],"curies":[{"name":"wp","href":"https:\/\/api.w.org\/{rel}","templated":true}]}}