{"id":4117,"date":"2026-01-04T13:38:24","date_gmt":"2026-01-04T11:38:24","guid":{"rendered":"https:\/\/freshmarket.md\/?post_type=product&#038;p=4117"},"modified":"2026-04-14T09:59:20","modified_gmt":"2026-04-14T06:59:20","slug":"litchi-kg","status":"publish","type":"product","link":"https:\/\/freshmarket.md\/ru\/product\/litchi-kg\/","title":{"rendered":"Litchi"},"content":{"rendered":"<h3 data-start=\"102\" data-end=\"145\">Litchi \u2013 fruct exotic dulce \u0219i parfumat<\/h3>\n<p data-start=\"147\" data-end=\"370\"><strong data-start=\"147\" data-end=\"157\">Litchi<\/strong> este un fruct exotic apreciat pentru aroma sa delicat\u0103 \u0219i gustul dulce, u\u0219or floral. Are coaj\u0103 sub\u021bire, de culoare ro\u0219ie, cu textur\u0103 rugoas\u0103, iar \u00een interior se afl\u0103 pulpa alb-translucid\u0103, suculent\u0103 \u0219i parfumat\u0103.<\/p>\n<p data-start=\"372\" data-end=\"627\">Bogat\u0103 \u00een <strong data-start=\"382\" data-end=\"396\">vitamina C<\/strong>, antioxidan\u021bi \u0219i minerale, pulpa de litchi sus\u021bine imunitatea \u0219i ofer\u0103 un plus de energie natural\u0103. Fructul se consum\u0103 proasp\u0103t, ca atare, fiind ideal \u0219i pentru <strong data-start=\"558\" data-end=\"626\">salate de fructe, deserturi, smoothie-uri sau preparate asiatice<\/strong>.<\/p>\n<p data-start=\"629\" data-end=\"746\">\u2714 Gust dulce \u0219i arom\u0103 exotic\u0103<br data-start=\"658\" data-end=\"661\" \/>\u2714 Textur\u0103 suculent\u0103 \u0219i r\u0103coritoare<br data-start=\"695\" data-end=\"698\" \/>\u2714 Fruct exotic apreciat pentru consum proasp\u0103t<\/p>\n<p>&nbsp;<\/p>\n<p>&nbsp;<\/p>","protected":false},"excerpt":{"rendered":"<p>Litchi \u2013 fruct exotic dulce \u0219i parfumat Litchi este un fruct exotic apreciat pentru aroma sa delicat\u0103 \u0219i gustul dulce, u\u0219or floral. Are coaj\u0103 sub\u021bire, de culoare ro\u0219ie, cu textur\u0103 rugoas\u0103, iar \u00een interior se afl\u0103 pulpa alb-translucid\u0103, suculent\u0103 \u0219i parfumat\u0103. Bogat\u0103 \u00een vitamina C, antioxidan\u021bi \u0219i minerale, pulpa de litchi sus\u021bine imunitatea \u0219i ofer\u0103 [&hellip;]<\/p>","protected":false},"featured_media":4118,"comment_status":"closed","ping_status":"closed","template":"","meta":[],"product_cat":[20,22],"product_tag":[],"domeniu":[],"acf":[],"_links":{"self":[{"href":"https:\/\/freshmarket.md\/ru\/wp-json\/wp\/v2\/product\/4117"}],"collection":[{"href":"https:\/\/freshmarket.md\/ru\/wp-json\/wp\/v2\/product"}],"about":[{"href":"https:\/\/freshmarket.md\/ru\/wp-json\/wp\/v2\/types\/product"}],"replies":[{"embeddable":true,"href":"https:\/\/freshmarket.md\/ru\/wp-json\/wp\/v2\/comments?post=4117"}],"wp:featuredmedia":[{"embeddable":true,"href":"https:\/\/freshmarket.md\/ru\/wp-json\/wp\/v2\/media\/4118"}],"wp:attachment":[{"href":"https:\/\/freshmarket.md\/ru\/wp-json\/wp\/v2\/media?parent=4117"}],"wp:term":[{"taxonomy":"product_cat","embeddable":true,"href":"https:\/\/freshmarket.md\/ru\/wp-json\/wp\/v2\/product_cat?post=4117"},{"taxonomy":"product_tag","embeddable":true,"href":"https:\/\/freshmarket.md\/ru\/wp-json\/wp\/v2\/product_tag?post=4117"},{"taxonomy":"domeniu","embeddable":true,"href":"https:\/\/freshmarket.md\/ru\/wp-json\/wp\/v2\/domeniu?post=4117"}],"curies":[{"name":"wp","href":"https:\/\/api.w.org\/{rel}","templated":true}]}}