{"id":4121,"date":"2026-01-04T14:03:19","date_gmt":"2026-01-04T12:03:19","guid":{"rendered":"https:\/\/freshmarket.md\/?post_type=product&#038;p=4121"},"modified":"2026-04-24T14:08:08","modified_gmt":"2026-04-24T11:08:08","slug":"kumquat-1-kg","status":"publish","type":"product","link":"https:\/\/freshmarket.md\/ru\/product\/kumquat-1-kg\/","title":{"rendered":"Kumquat"},"content":{"rendered":"<h3 data-start=\"79\" data-end=\"134\">Kumquat \u2013 fruct citric mic, dulce-acri\u0219or \u0219i aromat<\/h3>\n<p data-start=\"136\" data-end=\"385\"><strong data-start=\"136\" data-end=\"147\">Kumquat<\/strong> este un fruct citric exotic, mic \u0219i oval, cu coaj\u0103 comestibil\u0103 \u0219i arom\u0103 dulce-acri\u0219oar\u0103. Spre deosebire de alte citrice, <strong data-start=\"269\" data-end=\"300\">coaja sa sub\u021bire este dulce<\/strong>, \u00een timp ce pulpa este u\u0219or acri\u0219oar\u0103, cre\u00e2nd un gust echilibrat \u0219i foarte pl\u0103cut.<\/p>\n<p data-start=\"387\" data-end=\"637\">Este o surs\u0103 natural\u0103 de <strong data-start=\"412\" data-end=\"449\">vitamina C, fibre \u0219i antioxidan\u021bi<\/strong>, contribuind la sus\u021binerea imunit\u0103\u021bii \u0219i a digestiei. Kumquat se consum\u0103 \u00eentreg, cu tot cu coaj\u0103, sau poate fi folosit \u00een <strong data-start=\"572\" data-end=\"634\">salate, deserturi, gemuri, siropuri \u0219i b\u0103uturi r\u0103coritoare<\/strong>.<\/p>\n<p data-start=\"639\" data-end=\"777\">\u2714 Gust dulce-acri\u0219or, unic<br data-start=\"665\" data-end=\"668\" \/>\u2714 Coaja comestibil\u0103 \u0219i aromat\u0103<br data-start=\"698\" data-end=\"701\" \/>\u2714 Fruct exotic versatil, ideal pentru consum proasp\u0103t \u0219i preparate gourmet<\/p>","protected":false},"excerpt":{"rendered":"<p>Kumquat \u2013 fruct citric mic, dulce-acri\u0219or \u0219i aromat Kumquat este un fruct citric exotic, mic \u0219i oval, cu coaj\u0103 comestibil\u0103 \u0219i arom\u0103 dulce-acri\u0219oar\u0103. Spre deosebire de alte citrice, coaja sa sub\u021bire este dulce, \u00een timp ce pulpa este u\u0219or acri\u0219oar\u0103, cre\u00e2nd un gust echilibrat \u0219i foarte pl\u0103cut. Este o surs\u0103 natural\u0103 de vitamina C, fibre [&hellip;]<\/p>","protected":false},"featured_media":3891,"comment_status":"closed","ping_status":"closed","template":"","meta":[],"product_cat":[20,22],"product_tag":[],"domeniu":[],"acf":[],"_links":{"self":[{"href":"https:\/\/freshmarket.md\/ru\/wp-json\/wp\/v2\/product\/4121"}],"collection":[{"href":"https:\/\/freshmarket.md\/ru\/wp-json\/wp\/v2\/product"}],"about":[{"href":"https:\/\/freshmarket.md\/ru\/wp-json\/wp\/v2\/types\/product"}],"replies":[{"embeddable":true,"href":"https:\/\/freshmarket.md\/ru\/wp-json\/wp\/v2\/comments?post=4121"}],"wp:featuredmedia":[{"embeddable":true,"href":"https:\/\/freshmarket.md\/ru\/wp-json\/wp\/v2\/media\/3891"}],"wp:attachment":[{"href":"https:\/\/freshmarket.md\/ru\/wp-json\/wp\/v2\/media?parent=4121"}],"wp:term":[{"taxonomy":"product_cat","embeddable":true,"href":"https:\/\/freshmarket.md\/ru\/wp-json\/wp\/v2\/product_cat?post=4121"},{"taxonomy":"product_tag","embeddable":true,"href":"https:\/\/freshmarket.md\/ru\/wp-json\/wp\/v2\/product_tag?post=4121"},{"taxonomy":"domeniu","embeddable":true,"href":"https:\/\/freshmarket.md\/ru\/wp-json\/wp\/v2\/domeniu?post=4121"}],"curies":[{"name":"wp","href":"https:\/\/api.w.org\/{rel}","templated":true}]}}