{"id":4143,"date":"2026-01-14T14:35:24","date_gmt":"2026-01-14T12:35:24","guid":{"rendered":"https:\/\/freshmarket.md\/?post_type=product&#038;p=4143"},"modified":"2026-04-14T09:59:20","modified_gmt":"2026-04-14T06:59:20","slug":"salata-gentile-verde-1-bucata","status":"publish","type":"product","link":"https:\/\/freshmarket.md\/ru\/product\/salata-gentile-verde-1-bucata\/","title":{"rendered":"Salata Gentile verde, 1 bucat\u0103"},"content":{"rendered":"<p data-start=\"233\" data-end=\"460\">Salata <strong data-start=\"240\" data-end=\"251\">Gentile<\/strong> este un soi de salat\u0103 verde cu frunze fine, ondulate \u0219i crocante, de culoare verde deschis. Are o textur\u0103 delicat\u0103 \u0219i un gust pl\u0103cut, u\u0219or dulceag, f\u0103r\u0103 am\u0103real\u0103, fiind foarte apreciat\u0103 pentru prospe\u021bimea sa.<\/p>\n<p data-start=\"462\" data-end=\"481\">Este ideal\u0103 pentru:<\/p>\n<ul data-start=\"482\" data-end=\"577\">\n<li data-start=\"482\" data-end=\"500\">\n<p data-start=\"484\" data-end=\"500\">salate proaspete<\/p>\n<\/li>\n<li data-start=\"501\" data-end=\"525\">\n<p data-start=\"503\" data-end=\"525\">sandvi\u0219uri \u0219i wrap-uri<\/p>\n<\/li>\n<li data-start=\"526\" data-end=\"537\">\n<p data-start=\"528\" data-end=\"537\">garnituri<\/p>\n<\/li>\n<li data-start=\"538\" data-end=\"577\">\n<p data-start=\"540\" data-end=\"577\">preparate u\u0219oare \u0219i diete echilibrate<\/p>\n<\/li>\n<\/ul>\n<p data-start=\"579\" data-end=\"690\">Salata Gentile este o surs\u0103 excelent\u0103 de ap\u0103, fibre \u0219i micronutrien\u021bi, av\u00e2nd un con\u021binut caloric foarte sc\u0103zut.<\/p>","protected":false},"excerpt":{"rendered":"<p>Salata Gentile este un soi de salat\u0103 verde cu frunze fine, ondulate \u0219i crocante, de culoare verde deschis. Are o textur\u0103 delicat\u0103 \u0219i un gust pl\u0103cut, u\u0219or dulceag, f\u0103r\u0103 am\u0103real\u0103, fiind foarte apreciat\u0103 pentru prospe\u021bimea sa. Este ideal\u0103 pentru: salate proaspete sandvi\u0219uri \u0219i wrap-uri garnituri preparate u\u0219oare \u0219i diete echilibrate Salata Gentile este o surs\u0103 [&hellip;]<\/p>","protected":false},"featured_media":4144,"comment_status":"closed","ping_status":"closed","template":"","meta":[],"product_cat":[44],"product_tag":[],"domeniu":[],"acf":[],"_links":{"self":[{"href":"https:\/\/freshmarket.md\/ru\/wp-json\/wp\/v2\/product\/4143"}],"collection":[{"href":"https:\/\/freshmarket.md\/ru\/wp-json\/wp\/v2\/product"}],"about":[{"href":"https:\/\/freshmarket.md\/ru\/wp-json\/wp\/v2\/types\/product"}],"replies":[{"embeddable":true,"href":"https:\/\/freshmarket.md\/ru\/wp-json\/wp\/v2\/comments?post=4143"}],"wp:featuredmedia":[{"embeddable":true,"href":"https:\/\/freshmarket.md\/ru\/wp-json\/wp\/v2\/media\/4144"}],"wp:attachment":[{"href":"https:\/\/freshmarket.md\/ru\/wp-json\/wp\/v2\/media?parent=4143"}],"wp:term":[{"taxonomy":"product_cat","embeddable":true,"href":"https:\/\/freshmarket.md\/ru\/wp-json\/wp\/v2\/product_cat?post=4143"},{"taxonomy":"product_tag","embeddable":true,"href":"https:\/\/freshmarket.md\/ru\/wp-json\/wp\/v2\/product_tag?post=4143"},{"taxonomy":"domeniu","embeddable":true,"href":"https:\/\/freshmarket.md\/ru\/wp-json\/wp\/v2\/domeniu?post=4143"}],"curies":[{"name":"wp","href":"https:\/\/api.w.org\/{rel}","templated":true}]}}