{"id":4175,"date":"2026-02-27T10:07:02","date_gmt":"2026-02-27T08:07:02","guid":{"rendered":"https:\/\/freshmarket.md\/?post_type=product&#038;p=4175"},"modified":"2026-04-14T09:59:21","modified_gmt":"2026-04-14T06:59:21","slug":"rambutan","status":"publish","type":"product","link":"https:\/\/freshmarket.md\/ru\/product\/rambutan\/","title":{"rendered":"Rambutan"},"content":{"rendered":"<p>Rambutanul este un fruct tropical apreciat pentru aroma sa delicat\u0103 \u0219i textura sa suculent\u0103. Sub coaja ro\u0219ie cu peri moi se ascunde o pulp\u0103 alb\u0103, dulce \u0219i r\u0103coritoare, ideal\u0103 pentru consum proasp\u0103t, deserturi sau platouri exotice.<\/p>\n<p>\u2714 Gust dulce, u\u0219or floral<br \/>\n\u2714 Textur\u0103 suculent\u0103 \u0219i fin\u0103<br \/>\n\u2714 Bogat \u00een vitamina C<br \/>\n\u2714 Surs\u0103 natural\u0103 de fibre<br \/>\n\u2714 Con\u021binut sc\u0103zut de calorii<\/p>\n<p>Perfect pentru consum ca atare, \u00een salate de fructe, smoothie-uri sau deserturi exotice.<\/p>","protected":false},"excerpt":{"rendered":"<p>Rambutanul este un fruct tropical apreciat pentru aroma sa delicat\u0103 \u0219i textura sa suculent\u0103. Sub coaja ro\u0219ie cu peri moi se ascunde o pulp\u0103 alb\u0103, dulce \u0219i r\u0103coritoare, ideal\u0103 pentru consum proasp\u0103t, deserturi sau platouri exotice. \u2714 Gust dulce, u\u0219or floral \u2714 Textur\u0103 suculent\u0103 \u0219i fin\u0103 \u2714 Bogat \u00een vitamina C \u2714 Surs\u0103 natural\u0103 de [&hellip;]<\/p>","protected":false},"featured_media":4176,"comment_status":"closed","ping_status":"closed","template":"","meta":[],"product_cat":[20,22],"product_tag":[],"domeniu":[],"acf":[],"_links":{"self":[{"href":"https:\/\/freshmarket.md\/ru\/wp-json\/wp\/v2\/product\/4175"}],"collection":[{"href":"https:\/\/freshmarket.md\/ru\/wp-json\/wp\/v2\/product"}],"about":[{"href":"https:\/\/freshmarket.md\/ru\/wp-json\/wp\/v2\/types\/product"}],"replies":[{"embeddable":true,"href":"https:\/\/freshmarket.md\/ru\/wp-json\/wp\/v2\/comments?post=4175"}],"wp:featuredmedia":[{"embeddable":true,"href":"https:\/\/freshmarket.md\/ru\/wp-json\/wp\/v2\/media\/4176"}],"wp:attachment":[{"href":"https:\/\/freshmarket.md\/ru\/wp-json\/wp\/v2\/media?parent=4175"}],"wp:term":[{"taxonomy":"product_cat","embeddable":true,"href":"https:\/\/freshmarket.md\/ru\/wp-json\/wp\/v2\/product_cat?post=4175"},{"taxonomy":"product_tag","embeddable":true,"href":"https:\/\/freshmarket.md\/ru\/wp-json\/wp\/v2\/product_tag?post=4175"},{"taxonomy":"domeniu","embeddable":true,"href":"https:\/\/freshmarket.md\/ru\/wp-json\/wp\/v2\/domeniu?post=4175"}],"curies":[{"name":"wp","href":"https:\/\/api.w.org\/{rel}","templated":true}]}}