{"id":4177,"date":"2026-02-27T10:14:59","date_gmt":"2026-02-27T08:14:59","guid":{"rendered":"https:\/\/freshmarket.md\/?post_type=product&#038;p=4177"},"modified":"2026-04-14T09:59:21","modified_gmt":"2026-04-14T06:59:21","slug":"ciuperci-enoki-100-g","status":"publish","type":"product","link":"https:\/\/freshmarket.md\/ru\/product\/ciuperci-enoki-100-g\/","title":{"rendered":"Ciuperci Enoki, 100 g"},"content":{"rendered":"<p>Enoki \u2013 ciuperci asiatice fine \u0219i crocante<\/p>\n<p>Enoki sunt ciuperci cu tulpini lungi, sub\u021biri \u0219i p\u0103l\u0103rii mici, de culoare alb-crem. Au textur\u0103 delicat\u0103 \u0219i gust fin, u\u0219or dulceag. Sunt foarte populare \u00een buc\u0103t\u0103ria asiatic\u0103, fiind ideale pentru supe, ramen, wok, salate sau preparate rapide la tigaie.<\/p>\n<p>\u2714 Textur\u0103 crocant\u0103<br \/>\n\u2714 Gust delicat<br \/>\n\u2714 Se g\u0103tesc rapid (1\u20132 minute)<br \/>\n\u2714 Pot fi consumate \u0219i crude (dup\u0103 sp\u0103lare)<br \/>\n\u2714 Con\u021binut redus de calorii<\/p>\n<p>&nbsp;<\/p>\n<ul>\n<li data-start=\"1390\" data-end=\"1432\">\n<p data-start=\"1392\" data-end=\"1432\"><strong data-start=\"1392\" data-end=\"1419\">Produc\u0103tor \/ Ambalator:<\/strong> Mitrofresh<\/p>\n<\/li>\n<li data-start=\"1433\" data-end=\"1480\">\n<p data-start=\"1435\" data-end=\"1480\"><strong data-start=\"1435\" data-end=\"1471\">Locul de ambalare \/ distribu\u021bie:<\/strong> \u041d\u0438\u0434\u0435\u0440\u043b\u0430\u043d\u0434\u044b<\/p>\n<\/li>\n<li data-start=\"1481\" data-end=\"1577\">\n<p data-start=\"1483\" data-end=\"1577\"><strong data-start=\"1483\" data-end=\"1518\">\u021a\u0103ra de origine ale produselor:<\/strong> \u041a\u0438\u0442\u0430\u0439<\/p>\n<\/li>\n<\/ul>","protected":false},"excerpt":{"rendered":"<p>Enoki \u2013 ciuperci asiatice fine \u0219i crocante Enoki sunt ciuperci cu tulpini lungi, sub\u021biri \u0219i p\u0103l\u0103rii mici, de culoare alb-crem. Au textur\u0103 delicat\u0103 \u0219i gust fin, u\u0219or dulceag. Sunt foarte populare \u00een buc\u0103t\u0103ria asiatic\u0103, fiind ideale pentru supe, ramen, wok, salate sau preparate rapide la tigaie. \u2714 Textur\u0103 crocant\u0103 \u2714 Gust delicat \u2714 Se g\u0103tesc [&hellip;]<\/p>","protected":false},"featured_media":4178,"comment_status":"closed","ping_status":"closed","template":"","meta":[],"product_cat":[46],"product_tag":[],"domeniu":[],"acf":[],"_links":{"self":[{"href":"https:\/\/freshmarket.md\/ru\/wp-json\/wp\/v2\/product\/4177"}],"collection":[{"href":"https:\/\/freshmarket.md\/ru\/wp-json\/wp\/v2\/product"}],"about":[{"href":"https:\/\/freshmarket.md\/ru\/wp-json\/wp\/v2\/types\/product"}],"replies":[{"embeddable":true,"href":"https:\/\/freshmarket.md\/ru\/wp-json\/wp\/v2\/comments?post=4177"}],"wp:featuredmedia":[{"embeddable":true,"href":"https:\/\/freshmarket.md\/ru\/wp-json\/wp\/v2\/media\/4178"}],"wp:attachment":[{"href":"https:\/\/freshmarket.md\/ru\/wp-json\/wp\/v2\/media?parent=4177"}],"wp:term":[{"taxonomy":"product_cat","embeddable":true,"href":"https:\/\/freshmarket.md\/ru\/wp-json\/wp\/v2\/product_cat?post=4177"},{"taxonomy":"product_tag","embeddable":true,"href":"https:\/\/freshmarket.md\/ru\/wp-json\/wp\/v2\/product_tag?post=4177"},{"taxonomy":"domeniu","embeddable":true,"href":"https:\/\/freshmarket.md\/ru\/wp-json\/wp\/v2\/domeniu?post=4177"}],"curies":[{"name":"wp","href":"https:\/\/api.w.org\/{rel}","templated":true}]}}