{"id":4180,"date":"2026-02-27T10:26:03","date_gmt":"2026-02-27T08:26:03","guid":{"rendered":"https:\/\/freshmarket.md\/?post_type=product&#038;p=4180"},"modified":"2026-04-14T09:59:21","modified_gmt":"2026-04-14T06:59:21","slug":"ciuperci-shimeji-brune-150-g","status":"publish","type":"product","link":"https:\/\/freshmarket.md\/ru\/product\/ciuperci-shimeji-brune-150-g\/","title":{"rendered":"Ciuperci Shimeji brune, 150 g"},"content":{"rendered":"<p>Brown Shimeji \u2013 ciuperci asiatice cu arom\u0103 intens\u0103<\/p>\n<p>Shimeji Maron (Brown Shimeji) sunt ciuperci fine, cu p\u0103l\u0103rii mici maro \u0219i textur\u0103 ferm\u0103, u\u0219or crocant\u0103. Au gust mai pronun\u021bat dec\u00e2t varianta alb\u0103, cu note delicate de nuc\u0103 \u0219i umami, devenind fragede \u0219i aromate dup\u0103 g\u0103tire.<\/p>\n<p>\u2714 Arom\u0103 intens\u0103, u\u0219or nucat\u0103<br \/>\n\u2714 Textur\u0103 ferm\u0103, pl\u0103cut crocant\u0103<br \/>\n\u2714 Ideale pentru wok, supe \u0219i paste<br \/>\n\u2714 Con\u021binut redus de calorii<br \/>\n\u2714 Surs\u0103 natural\u0103 de fibre<\/p>\n<p>Se consum\u0103 doar g\u0103tite (nu crude), pentru a ob\u021bine gustul optim \u0219i textura perfect\u0103.<\/p>\n<p>&nbsp;<\/p>\n<ul>\n<li data-start=\"1390\" data-end=\"1432\">\n<p data-start=\"1392\" data-end=\"1432\"><strong data-start=\"1392\" data-end=\"1419\">Produc\u0103tor \/ Ambalator:<\/strong> Mitrofresh<\/p>\n<\/li>\n<li data-start=\"1433\" data-end=\"1480\">\n<p data-start=\"1435\" data-end=\"1480\"><strong data-start=\"1435\" data-end=\"1471\">Locul de ambalare \/ distribu\u021bie:<\/strong> \u041d\u0438\u0434\u0435\u0440\u043b\u0430\u043d\u0434\u044b<\/p>\n<\/li>\n<li data-start=\"1481\" data-end=\"1577\">\n<p data-start=\"1483\" data-end=\"1577\"><strong data-start=\"1483\" data-end=\"1518\">\u021a\u0103ra de origine ale produselor:<\/strong> \u041a\u0438\u0442\u0430\u0439<\/p>\n<\/li>\n<\/ul>","protected":false},"excerpt":{"rendered":"<p>Brown Shimeji \u2013 ciuperci asiatice cu arom\u0103 intens\u0103 Shimeji Maron (Brown Shimeji) sunt ciuperci fine, cu p\u0103l\u0103rii mici maro \u0219i textur\u0103 ferm\u0103, u\u0219or crocant\u0103. Au gust mai pronun\u021bat dec\u00e2t varianta alb\u0103, cu note delicate de nuc\u0103 \u0219i umami, devenind fragede \u0219i aromate dup\u0103 g\u0103tire. \u2714 Arom\u0103 intens\u0103, u\u0219or nucat\u0103 \u2714 Textur\u0103 ferm\u0103, pl\u0103cut crocant\u0103 \u2714 [&hellip;]<\/p>","protected":false},"featured_media":4181,"comment_status":"closed","ping_status":"closed","template":"","meta":[],"product_cat":[46],"product_tag":[],"domeniu":[],"acf":[],"_links":{"self":[{"href":"https:\/\/freshmarket.md\/ru\/wp-json\/wp\/v2\/product\/4180"}],"collection":[{"href":"https:\/\/freshmarket.md\/ru\/wp-json\/wp\/v2\/product"}],"about":[{"href":"https:\/\/freshmarket.md\/ru\/wp-json\/wp\/v2\/types\/product"}],"replies":[{"embeddable":true,"href":"https:\/\/freshmarket.md\/ru\/wp-json\/wp\/v2\/comments?post=4180"}],"wp:featuredmedia":[{"embeddable":true,"href":"https:\/\/freshmarket.md\/ru\/wp-json\/wp\/v2\/media\/4181"}],"wp:attachment":[{"href":"https:\/\/freshmarket.md\/ru\/wp-json\/wp\/v2\/media?parent=4180"}],"wp:term":[{"taxonomy":"product_cat","embeddable":true,"href":"https:\/\/freshmarket.md\/ru\/wp-json\/wp\/v2\/product_cat?post=4180"},{"taxonomy":"product_tag","embeddable":true,"href":"https:\/\/freshmarket.md\/ru\/wp-json\/wp\/v2\/product_tag?post=4180"},{"taxonomy":"domeniu","embeddable":true,"href":"https:\/\/freshmarket.md\/ru\/wp-json\/wp\/v2\/domeniu?post=4180"}],"curies":[{"name":"wp","href":"https:\/\/api.w.org\/{rel}","templated":true}]}}