{"id":4182,"date":"2026-02-27T10:29:28","date_gmt":"2026-02-27T08:29:28","guid":{"rendered":"https:\/\/freshmarket.md\/?post_type=product&#038;p=4182"},"modified":"2026-04-14T09:59:21","modified_gmt":"2026-04-14T06:59:21","slug":"ciuperci-shimeji-albe-150-g","status":"publish","type":"product","link":"https:\/\/freshmarket.md\/ru\/product\/ciuperci-shimeji-albe-150-g\/","title":{"rendered":"Ciuperci Shimeji albe, 150 g"},"content":{"rendered":"<p>White Shimeji \u2013 ciuperci asiatice delicate \u0219i aromate<\/p>\n<p>White Shimeji sunt ciuperci fine, cu p\u0103l\u0103rii mici alb-crem \u0219i tulpini sub\u021biri, cu textur\u0103 u\u0219or crocant\u0103 \u0219i gust delicat, u\u0219or dulceag. Devin fragede \u0219i aromate dup\u0103 g\u0103tire, fiind ideale pentru preparate asiatice \u0219i re\u021bete moderne.<\/p>\n<p>\u2714 Gust fin, u\u0219or dulceag<br \/>\n\u2714 Textur\u0103 delicat\u0103<br \/>\n\u2714 Ideale pentru wok \u0219i supe<br \/>\n\u2714 Con\u021binut sc\u0103zut de calorii<br \/>\n\u2714 Surs\u0103 natural\u0103 de fibre<\/p>\n<p>Se recomand\u0103 consumul dup\u0103 g\u0103tire pentru a eviden\u021bia aroma \u0219i pentru o textur\u0103 optim\u0103.<\/p>\n<p>&nbsp;<\/p>\n<ul>\n<li data-start=\"1390\" data-end=\"1432\">\n<p data-start=\"1392\" data-end=\"1432\"><strong data-start=\"1392\" data-end=\"1419\">Produc\u0103tor \/ Ambalator:<\/strong> Mitrofresh<\/p>\n<\/li>\n<li data-start=\"1433\" data-end=\"1480\">\n<p data-start=\"1435\" data-end=\"1480\"><strong data-start=\"1435\" data-end=\"1471\">Locul de ambalare \/ distribu\u021bie:<\/strong> \u041d\u0438\u0434\u0435\u0440\u043b\u0430\u043d\u0434\u044b<\/p>\n<\/li>\n<li data-start=\"1481\" data-end=\"1577\">\n<p data-start=\"1483\" data-end=\"1577\"><strong data-start=\"1483\" data-end=\"1518\">\u021a\u0103ra de origine ale produselor:<\/strong> \u041a\u0438\u0442\u0430\u0439<\/p>\n<\/li>\n<\/ul>","protected":false},"excerpt":{"rendered":"<p>White Shimeji \u2013 ciuperci asiatice delicate \u0219i aromate White Shimeji sunt ciuperci fine, cu p\u0103l\u0103rii mici alb-crem \u0219i tulpini sub\u021biri, cu textur\u0103 u\u0219or crocant\u0103 \u0219i gust delicat, u\u0219or dulceag. Devin fragede \u0219i aromate dup\u0103 g\u0103tire, fiind ideale pentru preparate asiatice \u0219i re\u021bete moderne. \u2714 Gust fin, u\u0219or dulceag \u2714 Textur\u0103 delicat\u0103 \u2714 Ideale pentru wok [&hellip;]<\/p>","protected":false},"featured_media":4183,"comment_status":"closed","ping_status":"closed","template":"","meta":[],"product_cat":[46],"product_tag":[],"domeniu":[],"acf":[],"_links":{"self":[{"href":"https:\/\/freshmarket.md\/ru\/wp-json\/wp\/v2\/product\/4182"}],"collection":[{"href":"https:\/\/freshmarket.md\/ru\/wp-json\/wp\/v2\/product"}],"about":[{"href":"https:\/\/freshmarket.md\/ru\/wp-json\/wp\/v2\/types\/product"}],"replies":[{"embeddable":true,"href":"https:\/\/freshmarket.md\/ru\/wp-json\/wp\/v2\/comments?post=4182"}],"wp:featuredmedia":[{"embeddable":true,"href":"https:\/\/freshmarket.md\/ru\/wp-json\/wp\/v2\/media\/4183"}],"wp:attachment":[{"href":"https:\/\/freshmarket.md\/ru\/wp-json\/wp\/v2\/media?parent=4182"}],"wp:term":[{"taxonomy":"product_cat","embeddable":true,"href":"https:\/\/freshmarket.md\/ru\/wp-json\/wp\/v2\/product_cat?post=4182"},{"taxonomy":"product_tag","embeddable":true,"href":"https:\/\/freshmarket.md\/ru\/wp-json\/wp\/v2\/product_tag?post=4182"},{"taxonomy":"domeniu","embeddable":true,"href":"https:\/\/freshmarket.md\/ru\/wp-json\/wp\/v2\/domeniu?post=4182"}],"curies":[{"name":"wp","href":"https:\/\/api.w.org\/{rel}","templated":true}]}}