{"id":4186,"date":"2026-02-27T10:43:46","date_gmt":"2026-02-27T08:43:46","guid":{"rendered":"https:\/\/freshmarket.md\/?post_type=product&#038;p=4186"},"modified":"2026-04-14T09:59:21","modified_gmt":"2026-04-14T06:59:21","slug":"ciuperci-mini-eryngii-200g","status":"publish","type":"product","link":"https:\/\/freshmarket.md\/ru\/product\/ciuperci-mini-eryngii-200g\/","title":{"rendered":"Ciuperci Mini Eryngii, 200g"},"content":{"rendered":"<p>Mini Eryngii \u2013 King Oyster Baby<\/p>\n<p>Mini Eryngii sunt varianta mic\u0103 a ciupercilor King Oyster, apreciate pentru textura lor ferm\u0103 \u0219i gustul delicat, u\u0219or umami. Au tulpin\u0103 c\u0103rnoas\u0103 \u0219i p\u0103l\u0103rie fin\u0103, fiind ideale pentru preparate rapide \u0219i elegante.<\/p>\n<p>\u2714 Textur\u0103 dens\u0103, c\u0103rnoas\u0103<br \/>\n\u2714 Gust fin, u\u0219or dulceag<br \/>\n\u2714 Nu \u00ee\u0219i pierd forma la g\u0103tire<br \/>\n\u2714 Con\u021binut sc\u0103zut de calorii<br \/>\n\u2714 Surs\u0103 natural\u0103 de fibre<\/p>\n<p>Sunt foarte versatile \u0219i potrivite at\u00e2t pentru buc\u0103t\u0103ria asiatic\u0103, c\u00e2t \u0219i pentru preparate europene moderne.<\/p>\n<p>&nbsp;<\/p>\n<ul>\n<li data-start=\"1390\" data-end=\"1432\">\n<p data-start=\"1392\" data-end=\"1432\"><strong data-start=\"1392\" data-end=\"1419\">Produc\u0103tor \/ Ambalator:<\/strong> Mitrofresh<\/p>\n<\/li>\n<li data-start=\"1433\" data-end=\"1480\">\n<p data-start=\"1435\" data-end=\"1480\"><strong data-start=\"1435\" data-end=\"1471\">Locul de ambalare \/ distribu\u021bie:<\/strong> \u041d\u0438\u0434\u0435\u0440\u043b\u0430\u043d\u0434\u044b<\/p>\n<\/li>\n<li data-start=\"1481\" data-end=\"1577\">\n<p data-start=\"1483\" data-end=\"1577\"><strong data-start=\"1483\" data-end=\"1518\">\u021a\u0103ra de origine ale produselor:<\/strong> \u041a\u0438\u0442\u0430\u0439<\/p>\n<\/li>\n<\/ul>","protected":false},"excerpt":{"rendered":"<p>Mini Eryngii \u2013 King Oyster Baby Mini Eryngii sunt varianta mic\u0103 a ciupercilor King Oyster, apreciate pentru textura lor ferm\u0103 \u0219i gustul delicat, u\u0219or umami. Au tulpin\u0103 c\u0103rnoas\u0103 \u0219i p\u0103l\u0103rie fin\u0103, fiind ideale pentru preparate rapide \u0219i elegante. \u2714 Textur\u0103 dens\u0103, c\u0103rnoas\u0103 \u2714 Gust fin, u\u0219or dulceag \u2714 Nu \u00ee\u0219i pierd forma la g\u0103tire \u2714 [&hellip;]<\/p>","protected":false},"featured_media":4187,"comment_status":"closed","ping_status":"closed","template":"","meta":[],"product_cat":[46],"product_tag":[],"domeniu":[],"acf":[],"_links":{"self":[{"href":"https:\/\/freshmarket.md\/ru\/wp-json\/wp\/v2\/product\/4186"}],"collection":[{"href":"https:\/\/freshmarket.md\/ru\/wp-json\/wp\/v2\/product"}],"about":[{"href":"https:\/\/freshmarket.md\/ru\/wp-json\/wp\/v2\/types\/product"}],"replies":[{"embeddable":true,"href":"https:\/\/freshmarket.md\/ru\/wp-json\/wp\/v2\/comments?post=4186"}],"wp:featuredmedia":[{"embeddable":true,"href":"https:\/\/freshmarket.md\/ru\/wp-json\/wp\/v2\/media\/4187"}],"wp:attachment":[{"href":"https:\/\/freshmarket.md\/ru\/wp-json\/wp\/v2\/media?parent=4186"}],"wp:term":[{"taxonomy":"product_cat","embeddable":true,"href":"https:\/\/freshmarket.md\/ru\/wp-json\/wp\/v2\/product_cat?post=4186"},{"taxonomy":"product_tag","embeddable":true,"href":"https:\/\/freshmarket.md\/ru\/wp-json\/wp\/v2\/product_tag?post=4186"},{"taxonomy":"domeniu","embeddable":true,"href":"https:\/\/freshmarket.md\/ru\/wp-json\/wp\/v2\/domeniu?post=4186"}],"curies":[{"name":"wp","href":"https:\/\/api.w.org\/{rel}","templated":true}]}}