{"id":4188,"date":"2026-02-27T10:46:48","date_gmt":"2026-02-27T08:46:48","guid":{"rendered":"https:\/\/freshmarket.md\/?post_type=product&#038;p=4188"},"modified":"2026-04-14T09:59:21","modified_gmt":"2026-04-14T06:59:21","slug":"granadilla-2","status":"publish","type":"product","link":"https:\/\/freshmarket.md\/ru\/product\/granadilla-2\/","title":{"rendered":"Granadilla"},"content":{"rendered":"<p data-start=\"128\" data-end=\"356\">Granadilla este un fruct tropical din familia fructului pasiunii, cu coaj\u0103 portocalie neted\u0103 \u0219i interior plin de pulp\u0103 translucid\u0103, cu semin\u021be crocante. Gustul este dulce, delicat \u0219i foarte aromat, mult mai bl\u00e2nd dec\u00e2t maracuja.<\/p>\n<p data-start=\"358\" data-end=\"519\">\u2714 Gust dulce, u\u0219or floral<br data-start=\"383\" data-end=\"386\" \/>\u2714 Pulpa suculent\u0103 \u0219i r\u0103coritoare<br data-start=\"418\" data-end=\"421\" \/>\u2714 Ideal\u0103 pentru deserturi \u0219i smoothie<br data-start=\"458\" data-end=\"461\" \/>\u2714 Surs\u0103 natural\u0103 de fibre<br data-start=\"486\" data-end=\"489\" \/>\u2714 Con\u021binut sc\u0103zut de gr\u0103simi<\/p>\n<p data-start=\"521\" data-end=\"581\">Se consum\u0103 simplu, t\u0103iat \u00een jum\u0103tate \u0219i scobit cu linguri\u021ba.<\/p>","protected":false},"excerpt":{"rendered":"<p>Granadilla este un fruct tropical din familia fructului pasiunii, cu coaj\u0103 portocalie neted\u0103 \u0219i interior plin de pulp\u0103 translucid\u0103, cu semin\u021be crocante. Gustul este dulce, delicat \u0219i foarte aromat, mult mai bl\u00e2nd dec\u00e2t maracuja. \u2714 Gust dulce, u\u0219or floral\u2714 Pulpa suculent\u0103 \u0219i r\u0103coritoare\u2714 Ideal\u0103 pentru deserturi \u0219i smoothie\u2714 Surs\u0103 natural\u0103 de fibre\u2714 Con\u021binut sc\u0103zut de [&hellip;]<\/p>","protected":false},"featured_media":4189,"comment_status":"closed","ping_status":"closed","template":"","meta":[],"product_cat":[20,22],"product_tag":[],"domeniu":[],"acf":[],"_links":{"self":[{"href":"https:\/\/freshmarket.md\/ru\/wp-json\/wp\/v2\/product\/4188"}],"collection":[{"href":"https:\/\/freshmarket.md\/ru\/wp-json\/wp\/v2\/product"}],"about":[{"href":"https:\/\/freshmarket.md\/ru\/wp-json\/wp\/v2\/types\/product"}],"replies":[{"embeddable":true,"href":"https:\/\/freshmarket.md\/ru\/wp-json\/wp\/v2\/comments?post=4188"}],"wp:featuredmedia":[{"embeddable":true,"href":"https:\/\/freshmarket.md\/ru\/wp-json\/wp\/v2\/media\/4189"}],"wp:attachment":[{"href":"https:\/\/freshmarket.md\/ru\/wp-json\/wp\/v2\/media?parent=4188"}],"wp:term":[{"taxonomy":"product_cat","embeddable":true,"href":"https:\/\/freshmarket.md\/ru\/wp-json\/wp\/v2\/product_cat?post=4188"},{"taxonomy":"product_tag","embeddable":true,"href":"https:\/\/freshmarket.md\/ru\/wp-json\/wp\/v2\/product_tag?post=4188"},{"taxonomy":"domeniu","embeddable":true,"href":"https:\/\/freshmarket.md\/ru\/wp-json\/wp\/v2\/domeniu?post=4188"}],"curies":[{"name":"wp","href":"https:\/\/api.w.org\/{rel}","templated":true}]}}