{"id":4209,"date":"2026-04-08T14:42:53","date_gmt":"2026-04-08T11:42:53","guid":{"rendered":"https:\/\/freshmarket.md\/?post_type=product&#038;p=4209"},"modified":"2026-04-08T14:45:42","modified_gmt":"2026-04-08T11:45:42","slug":"salak-fructul-sarpelui","status":"publish","type":"product","link":"https:\/\/freshmarket.md\/ru\/product\/salak-fructul-sarpelui\/","title":{"rendered":"Salak (Fructul \u0219arpelui)"},"content":{"rendered":"<p data-start=\"128\" data-end=\"356\"><strong data-start=\"0\" data-end=\"28\">Salak (Fructul \u0219arpelui)<\/strong> este un fruct exotic originar din Asia de Sud-Est, apreciat pentru gustul s\u0103u dulce-acri\u0219or \u0219i textura crocant\u0103. Coaja sa brun\u0103, solzoas\u0103, aminte\u0219te de pielea unui \u0219arpe, de unde \u0219i denumirea popular\u0103. Pulpa este suculent\u0103, aromat\u0103 \u0219i poate avea note de m\u0103r, ananas \u0219i banan\u0103.<br data-start=\"305\" data-end=\"308\" \/>Salakul se consum\u0103 proasp\u0103t, \u00een salate de fructe, deserturi sau gust\u0103ri s\u0103n\u0103toase. Este o surs\u0103 bun\u0103 de fibre, vitamine \u0219i antioxidan\u021bi, contribuind la digestie \u0219i la men\u021binerea energiei pe parcursul zilei.<\/p>","protected":false},"excerpt":{"rendered":"<p>Salak (Fructul \u0219arpelui) este un fruct exotic originar din Asia de Sud-Est, apreciat pentru gustul s\u0103u dulce-acri\u0219or \u0219i textura crocant\u0103. Coaja sa brun\u0103, solzoas\u0103, aminte\u0219te de pielea unui \u0219arpe, de unde \u0219i denumirea popular\u0103. Pulpa este suculent\u0103, aromat\u0103 \u0219i poate avea note de m\u0103r, ananas \u0219i banan\u0103.Salakul se consum\u0103 proasp\u0103t, \u00een salate de fructe, deserturi [&hellip;]<\/p>","protected":false},"featured_media":4210,"comment_status":"closed","ping_status":"closed","template":"","meta":[],"product_cat":[20,22],"product_tag":[],"domeniu":[],"acf":[],"_links":{"self":[{"href":"https:\/\/freshmarket.md\/ru\/wp-json\/wp\/v2\/product\/4209"}],"collection":[{"href":"https:\/\/freshmarket.md\/ru\/wp-json\/wp\/v2\/product"}],"about":[{"href":"https:\/\/freshmarket.md\/ru\/wp-json\/wp\/v2\/types\/product"}],"replies":[{"embeddable":true,"href":"https:\/\/freshmarket.md\/ru\/wp-json\/wp\/v2\/comments?post=4209"}],"wp:featuredmedia":[{"embeddable":true,"href":"https:\/\/freshmarket.md\/ru\/wp-json\/wp\/v2\/media\/4210"}],"wp:attachment":[{"href":"https:\/\/freshmarket.md\/ru\/wp-json\/wp\/v2\/media?parent=4209"}],"wp:term":[{"taxonomy":"product_cat","embeddable":true,"href":"https:\/\/freshmarket.md\/ru\/wp-json\/wp\/v2\/product_cat?post=4209"},{"taxonomy":"product_tag","embeddable":true,"href":"https:\/\/freshmarket.md\/ru\/wp-json\/wp\/v2\/product_tag?post=4209"},{"taxonomy":"domeniu","embeddable":true,"href":"https:\/\/freshmarket.md\/ru\/wp-json\/wp\/v2\/domeniu?post=4209"}],"curies":[{"name":"wp","href":"https:\/\/api.w.org\/{rel}","templated":true}]}}