{"id":4214,"date":"2026-04-24T14:29:24","date_gmt":"2026-04-24T11:29:24","guid":{"rendered":"https:\/\/freshmarket.md\/?post_type=product&#038;p=4214"},"modified":"2026-04-24T14:32:45","modified_gmt":"2026-04-24T11:32:45","slug":"jackfruit-decojit-cas-200g","status":"publish","type":"product","link":"https:\/\/freshmarket.md\/ru\/product\/jackfruit-decojit-cas-200g\/","title":{"rendered":"Jackfruit decojit, cas. 200g"},"content":{"rendered":"<p data-start=\"255\" data-end=\"564\"><strong data-start=\"255\" data-end=\"268\">Jackfruit<\/strong> este un fruct tropical exotic, originar din Asia de Sud-Est, apreciat pentru aroma sa dulce, u\u0219or parfumat\u0103, care aminte\u0219te de un amestec de ananas, mango \u0219i banan\u0103. Pulpa este suculent\u0103, moale \u0219i gata de consum, fiind ideal\u0103 ca gustare s\u0103n\u0103toas\u0103 sau ingredient \u00een deserturi \u0219i salate de fructe.<\/p>\n<p data-start=\"566\" data-end=\"726\">Produsul este atent selec\u021bionat \u0219i ambalat pentru a p\u0103stra prospe\u021bimea \u0219i gustul natural al fructului. Nu necesit\u0103 cur\u0103\u021bare sau preparare \u2013 este gata de consum.<\/p>","protected":false},"excerpt":{"rendered":"<p>Jackfruit este un fruct tropical exotic, originar din Asia de Sud-Est, apreciat pentru aroma sa dulce, u\u0219or parfumat\u0103, care aminte\u0219te de un amestec de ananas, mango \u0219i banan\u0103. Pulpa este suculent\u0103, moale \u0219i gata de consum, fiind ideal\u0103 ca gustare s\u0103n\u0103toas\u0103 sau ingredient \u00een deserturi \u0219i salate de fructe. Produsul este atent selec\u021bionat \u0219i ambalat [&hellip;]<\/p>","protected":false},"featured_media":4215,"comment_status":"closed","ping_status":"closed","template":"","meta":[],"product_cat":[20,22],"product_tag":[],"domeniu":[],"acf":[],"_links":{"self":[{"href":"https:\/\/freshmarket.md\/ru\/wp-json\/wp\/v2\/product\/4214"}],"collection":[{"href":"https:\/\/freshmarket.md\/ru\/wp-json\/wp\/v2\/product"}],"about":[{"href":"https:\/\/freshmarket.md\/ru\/wp-json\/wp\/v2\/types\/product"}],"replies":[{"embeddable":true,"href":"https:\/\/freshmarket.md\/ru\/wp-json\/wp\/v2\/comments?post=4214"}],"wp:featuredmedia":[{"embeddable":true,"href":"https:\/\/freshmarket.md\/ru\/wp-json\/wp\/v2\/media\/4215"}],"wp:attachment":[{"href":"https:\/\/freshmarket.md\/ru\/wp-json\/wp\/v2\/media?parent=4214"}],"wp:term":[{"taxonomy":"product_cat","embeddable":true,"href":"https:\/\/freshmarket.md\/ru\/wp-json\/wp\/v2\/product_cat?post=4214"},{"taxonomy":"product_tag","embeddable":true,"href":"https:\/\/freshmarket.md\/ru\/wp-json\/wp\/v2\/product_tag?post=4214"},{"taxonomy":"domeniu","embeddable":true,"href":"https:\/\/freshmarket.md\/ru\/wp-json\/wp\/v2\/domeniu?post=4214"}],"curies":[{"name":"wp","href":"https:\/\/api.w.org\/{rel}","templated":true}]}}