{"id":4216,"date":"2026-05-13T14:09:34","date_gmt":"2026-05-13T11:09:34","guid":{"rendered":"https:\/\/freshmarket.md\/?post_type=product&#038;p=4216"},"modified":"2026-05-13T14:12:35","modified_gmt":"2026-05-13T11:12:35","slug":"pepene-verde-grecia","status":"publish","type":"product","link":"https:\/\/freshmarket.md\/ru\/product\/pepene-verde-grecia\/","title":{"rendered":"Pepene verde Grecia"},"content":{"rendered":"<p><strong data-start=\"0\" data-end=\"25\" data-is-only-node=\"\">Pepene verde proasp\u0103t<\/strong> \u2014 fruct r\u0103coritor, dulce \u0219i suculent, ideal pentru zilele c\u0103lduroase de var\u0103. Are miez ro\u0219u intens, textur\u0103 crocant\u0103 \u0219i con\u021binut ridicat de ap\u0103, fiind perfect pentru consum proasp\u0103t, deserturi, smoothie-uri sau salate de fructe. Bogat \u00een vitamine \u0219i antioxidan\u021bi naturali, pepenele verde ofer\u0103 prospe\u021bime \u0219i hidratare pentru \u00eentreaga familie.<\/p>","protected":false},"excerpt":{"rendered":"<p>Pepene verde proasp\u0103t \u2014 fruct r\u0103coritor, dulce \u0219i suculent, ideal pentru zilele c\u0103lduroase de var\u0103. Are miez ro\u0219u intens, textur\u0103 crocant\u0103 \u0219i con\u021binut ridicat de ap\u0103, fiind perfect pentru consum proasp\u0103t, deserturi, smoothie-uri sau salate de fructe. Bogat \u00een vitamine \u0219i antioxidan\u021bi naturali, pepenele verde ofer\u0103 prospe\u021bime \u0219i hidratare pentru \u00eentreaga familie.<\/p>","protected":false},"featured_media":4217,"comment_status":"closed","ping_status":"closed","template":"","meta":[],"product_cat":[20,47],"product_tag":[],"domeniu":[],"acf":[],"_links":{"self":[{"href":"https:\/\/freshmarket.md\/ru\/wp-json\/wp\/v2\/product\/4216"}],"collection":[{"href":"https:\/\/freshmarket.md\/ru\/wp-json\/wp\/v2\/product"}],"about":[{"href":"https:\/\/freshmarket.md\/ru\/wp-json\/wp\/v2\/types\/product"}],"replies":[{"embeddable":true,"href":"https:\/\/freshmarket.md\/ru\/wp-json\/wp\/v2\/comments?post=4216"}],"wp:featuredmedia":[{"embeddable":true,"href":"https:\/\/freshmarket.md\/ru\/wp-json\/wp\/v2\/media\/4217"}],"wp:attachment":[{"href":"https:\/\/freshmarket.md\/ru\/wp-json\/wp\/v2\/media?parent=4216"}],"wp:term":[{"taxonomy":"product_cat","embeddable":true,"href":"https:\/\/freshmarket.md\/ru\/wp-json\/wp\/v2\/product_cat?post=4216"},{"taxonomy":"product_tag","embeddable":true,"href":"https:\/\/freshmarket.md\/ru\/wp-json\/wp\/v2\/product_tag?post=4216"},{"taxonomy":"domeniu","embeddable":true,"href":"https:\/\/freshmarket.md\/ru\/wp-json\/wp\/v2\/domeniu?post=4216"}],"curies":[{"name":"wp","href":"https:\/\/api.w.org\/{rel}","templated":true}]}}